{"id":47943,"date":"2023-12-12T10:56:16","date_gmt":"2023-12-12T09:56:16","guid":{"rendered":"https:\/\/pet-shopping.de\/shop\/produkt\/procyon-intelligenzschnueffelmatte\/"},"modified":"2023-12-12T10:56:18","modified_gmt":"2023-12-12T09:56:18","slug":"procyon-intelligenzschnueffelmatte","status":"publish","type":"product","link":"https:\/\/all-pets.de\/shop\/produkt\/procyon-intelligenzschnueffelmatte\/","title":{"rendered":"PROCYON Intelligenzschn\u00fcffelmatte"},"content":{"rendered":"<p><!--[if gte mso 9]> <xml> <w_worddocument> <w_view>Normal<\/w_view> <w_zoom>0<\/w_zoom> <w_trackmoves\/> <w_trackformatting\/> <w_hyphenationzone>21<\/w_hyphenationzone> <w_punctuationkerning\/> <w_validateagainstschemas\/> <w_saveifxmlinvalid>false<\/w_saveifxmlinvalid> <w_ignoremixedcontent>false<\/w_ignoremixedcontent> <w_alwaysshowplaceholdertext>false<\/w_alwaysshowplaceholdertext> <w_donotpromoteqf\/> <w_lidthemeother>DE<\/w_lidthemeother> <w_lidthemeasian>X-NONE<\/w_lidthemeasian> <w_lidthemecomplexscript>X-NONE<\/w_lidthemecomplexscript> <w_compatibility> <w_breakwrappedtables\/> <w_snaptogridincell\/> <w_wraptextwithpunct\/> <w_useasianbreakrules\/> <w_dontgrowautofit\/> <w_splitpgbreakandparamark\/> <w_dontvertaligncellwithsp\/> <w_dontbreakconstrainedforcedtables\/> <w_dontvertalignintxbx\/> <w_word11kerningpairs\/> <w_cachedcolbalance\/><\/w_compatibility> <w_browserlevel>MicrosoftInternetExplorer4<\/w_browserlevel> <m_mathpr> <m_mathfont m_val=\"Cambria Math\"\/> <m_brkbin m_val=\"before\"\/> <m_brkbinsub m_val=\"--\"\/> <m_smallfrac m_val=\"off\"\/> <m_dispdef\/> <m_lmargin m_val=\"0\"\/> <m_rmargin m_val=\"0\"\/> <m_defjc m_val=\"centerGroup\"\/> <m_wrapindent m_val=\"1440\"\/> <m_intlim m_val=\"subSup\"\/> <m_narylim m_val=\"undOvr\"\/><\/m_mathpr><\/w_worddocument><\/xml><![endif]--><\/p>\n<p><!--[if gte mso 9]> <xml> <w_latentstyles deflockedstate=\"false\" defunhidewhenused=\"true\" defsemihidden=\"true\" defqformat=\"false\" defpriority=\"99\" latentstylecount=\"267\"> <w_lsdexception locked=\"false\" priority=\"0\" semihidden=\"false\" unhidewhenused=\"false\" qformat=\"true\" name=\"Normal\"\/> <w_lsdexception locked=\"false\" priority=\"9\" semihidden=\"false\" unhidewhenused=\"false\" qformat=\"true\" name=\"heading 1\"\/> <w_lsdexception locked=\"false\" priority=\"9\" qformat=\"true\" name=\"heading 2\"\/> <w_lsdexception locked=\"false\" priority=\"9\" qformat=\"true\" name=\"heading 3\"\/> <w_lsdexception locked=\"false\" priority=\"9\" qformat=\"true\" name=\"heading 4\"\/> <w_lsdexception locked=\"false\" priority=\"9\" qformat=\"true\" name=\"heading 5\"\/> <w_lsdexception locked=\"false\" priority=\"9\" qformat=\"true\" name=\"heading 6\"\/> <w_lsdexception locked=\"false\" priority=\"9\" qformat=\"true\" name=\"heading 7\"\/> <w_lsdexception locked=\"false\" priority=\"9\" qformat=\"true\" name=\"heading 8\"\/> <w_lsdexception locked=\"false\" priority=\"9\" qformat=\"true\" name=\"heading 9\"\/> <w_lsdexception locked=\"false\" priority=\"39\" name=\"toc 1\"\/> <w_lsdexception locked=\"false\" priority=\"39\" name=\"toc 2\"\/> <w_lsdexception locked=\"false\" priority=\"39\" name=\"toc 3\"\/> <w_lsdexception locked=\"false\" priority=\"39\" name=\"toc 4\"\/> <w_lsdexception locked=\"false\" priority=\"39\" name=\"toc 5\"\/> <w_lsdexception locked=\"false\" priority=\"39\" name=\"toc 6\"\/> <w_lsdexception locked=\"false\" priority=\"39\" name=\"toc 7\"\/> <w_lsdexception locked=\"false\" priority=\"39\" name=\"toc 8\"\/> <w_lsdexception locked=\"false\" priority=\"39\" name=\"toc 9\"\/> <w_lsdexception locked=\"false\" priority=\"35\" qformat=\"true\" name=\"caption\"\/> <w_lsdexception locked=\"false\" priority=\"10\" semihidden=\"false\" unhidewhenused=\"false\" qformat=\"true\" name=\"Title\"\/> <w_lsdexception locked=\"false\" priority=\"1\" name=\"Default Paragraph Font\"\/> <w_lsdexception locked=\"false\" priority=\"11\" semihidden=\"false\" unhidewhenused=\"false\" qformat=\"true\" name=\"Subtitle\"\/> <w_lsdexception locked=\"false\" priority=\"22\" semihidden=\"false\" unhidewhenused=\"false\" qformat=\"true\" name=\"Strong\"\/> <w_lsdexception locked=\"false\" priority=\"20\" semihidden=\"false\" unhidewhenused=\"false\" qformat=\"true\" name=\"Emphasis\"\/> <w_lsdexception locked=\"false\" priority=\"59\" semihidden=\"false\" unhidewhenused=\"false\" name=\"Table Grid\"\/> <w_lsdexception locked=\"false\" unhidewhenused=\"false\" name=\"Placeholder Text\"\/> <w_lsdexception locked=\"false\" priority=\"1\" semihidden=\"false\" unhidewhenused=\"false\" qformat=\"true\" name=\"No Spacing\"\/> <w_lsdexception locked=\"false\" priority=\"60\" semihidden=\"false\" unhidewhenused=\"false\" name=\"Light Shading\"\/> <w_lsdexception locked=\"false\" priority=\"61\" semihidden=\"false\" unhidewhenused=\"false\" name=\"Light List\"\/> <w_lsdexception locked=\"false\" priority=\"62\" semihidden=\"false\" unhidewhenused=\"false\" name=\"Light Grid\"\/> <w_lsdexception locked=\"false\" priority=\"63\" semihidden=\"false\" unhidewhenused=\"false\" name=\"Medium Shading 1\"\/> <w_lsdexception locked=\"false\" priority=\"64\" semihidden=\"false\" unhidewhenused=\"false\" name=\"Medium Shading 2\"\/> <w_lsdexception locked=\"false\" priority=\"65\" semihidden=\"false\" unhidewhenused=\"false\" name=\"Medium List 1\"\/> <w_lsdexception locked=\"false\" priority=\"66\" semihidden=\"false\" unhidewhenused=\"false\" name=\"Medium List 2\"\/> <w_lsdexception locked=\"false\" priority=\"67\" semihidden=\"false\" unhidewhenused=\"false\" name=\"Medium Grid 1\"\/> <w_lsdexception locked=\"false\" priority=\"68\" semihidden=\"false\" unhidewhenused=\"false\" name=\"Medium Grid 2\"\/> <w_lsdexception locked=\"false\" priority=\"69\" semihidden=\"false\" unhidewhenused=\"false\" name=\"Medium Grid 3\"\/> <w_lsdexception locked=\"false\" priority=\"70\" semihidden=\"false\" unhidewhenused=\"false\" name=\"Dark List\"\/> <w_lsdexception locked=\"false\" priority=\"71\" semihidden=\"false\" unhidewhenused=\"false\" name=\"Colorful Shading\"\/> <w_lsdexception locked=\"false\" priority=\"72\" semihidden=\"false\" unhidewhenused=\"false\" name=\"Colorful List\"\/> <w_lsdexception locked=\"false\" priority=\"73\" semihidden=\"false\" unhidewhenused=\"false\" name=\"Colorful Grid\"\/> <w_lsdexception locked=\"false\" priority=\"60\" semihidden=\"false\" unhidewhenused=\"false\" name=\"Light Shading Accent 1\"\/> <w_lsdexception locked=\"false\" priority=\"61\" semihidden=\"false\" unhidewhenused=\"false\" name=\"Light List Accent 1\"\/> <w_lsdexception locked=\"false\" priority=\"62\" semihidden=\"false\" unhidewhenused=\"false\" name=\"Light Grid Accent 1\"\/> <w_lsdexception locked=\"false\" priority=\"63\" semihidden=\"false\" unhidewhenused=\"false\" name=\"Medium Shading 1 Accent 1\"\/> <w_lsdexception locked=\"false\" priority=\"64\" semihidden=\"false\" unhidewhenused=\"false\" name=\"Medium Shading 2 Accent 1\"\/> <w_lsdexception locked=\"false\" priority=\"65\" semihidden=\"false\" unhidewhenused=\"false\" name=\"Medium List 1 Accent 1\"\/> <w_lsdexception locked=\"false\" unhidewhenused=\"false\" name=\"Revision\"\/> <w_lsdexception locked=\"false\" priority=\"34\" semihidden=\"false\" unhidewhenused=\"false\" qformat=\"true\" name=\"List Paragraph\"\/> <w_lsdexception locked=\"false\" priority=\"29\" semihidden=\"false\" unhidewhenused=\"false\" qformat=\"true\" name=\"Quote\"\/> <w_lsdexception locked=\"false\" priority=\"30\" semihidden=\"false\" unhidewhenused=\"false\" qformat=\"true\" name=\"Intense Quote\"\/> <w_lsdexception locked=\"false\" priority=\"66\" semihidden=\"false\" unhidewhenused=\"false\" name=\"Medium List 2 Accent 1\"\/> <w_lsdexception locked=\"false\" priority=\"67\" semihidden=\"false\" unhidewhenused=\"false\" name=\"Medium Grid 1 Accent 1\"\/> <w_lsdexception locked=\"false\" priority=\"68\" semihidden=\"false\" unhidewhenused=\"false\" name=\"Medium Grid 2 Accent 1\"\/> <w_lsdexception locked=\"false\" priority=\"69\" semihidden=\"false\" unhidewhenused=\"false\" name=\"Medium Grid 3 Accent 1\"\/> <w_lsdexception locked=\"false\" priority=\"70\" semihidden=\"false\" unhidewhenused=\"false\" name=\"Dark List Accent 1\"\/> <w_lsdexception locked=\"false\" priority=\"71\" semihidden=\"false\" unhidewhenused=\"false\" name=\"Colorful Shading Accent 1\"\/> <w_lsdexception locked=\"false\" priority=\"72\" semihidden=\"false\" unhidewhenused=\"false\" name=\"Colorful List Accent 1\"\/> <w_lsdexception locked=\"false\" priority=\"73\" semihidden=\"false\" unhidewhenused=\"false\" name=\"Colorful Grid Accent 1\"\/> <w_lsdexception locked=\"false\" priority=\"60\" semihidden=\"false\" unhidewhenused=\"false\" name=\"Light Shading Accent 2\"\/> <w_lsdexception locked=\"false\" priority=\"61\" semihidden=\"false\" unhidewhenused=\"false\" name=\"Light List Accent 2\"\/> <w_lsdexception locked=\"false\" priority=\"62\" semihidden=\"false\" unhidewhenused=\"false\" name=\"Light Grid Accent 2\"\/> <w_lsdexception locked=\"false\" priority=\"63\" semihidden=\"false\" unhidewhenused=\"false\" name=\"Medium Shading 1 Accent 2\"\/> <w_lsdexception locked=\"false\" priority=\"64\" semihidden=\"false\" unhidewhenused=\"false\" name=\"Medium Shading 2 Accent 2\"\/> <w_lsdexception locked=\"false\" priority=\"65\" semihidden=\"false\" unhidewhenused=\"false\" name=\"Medium List 1 Accent 2\"\/> <w_lsdexception locked=\"false\" priority=\"66\" semihidden=\"false\" unhidewhenused=\"false\" name=\"Medium List 2 Accent 2\"\/> <w_lsdexception locked=\"false\" priority=\"67\" semihidden=\"false\" unhidewhenused=\"false\" name=\"Medium Grid 1 Accent 2\"\/> <w_lsdexception locked=\"false\" priority=\"68\" semihidden=\"false\" unhidewhenused=\"false\" name=\"Medium Grid 2 Accent 2\"\/> <w_lsdexception locked=\"false\" priority=\"69\" semihidden=\"false\" unhidewhenused=\"false\" name=\"Medium Grid 3 Accent 2\"\/> <w_lsdexception locked=\"false\" priority=\"70\" semihidden=\"false\" unhidewhenused=\"false\" name=\"Dark List Accent 2\"\/> <w_lsdexception locked=\"false\" priority=\"71\" semihidden=\"false\" unhidewhenused=\"false\" name=\"Colorful Shading Accent 2\"\/> <w_lsdexception locked=\"false\" priority=\"72\" semihidden=\"false\" unhidewhenused=\"false\" name=\"Colorful List Accent 2\"\/> <w_lsdexception locked=\"false\" priority=\"73\" semihidden=\"false\" unhidewhenused=\"false\" name=\"Colorful Grid Accent 2\"\/> <w_lsdexception locked=\"false\" priority=\"60\" semihidden=\"false\" unhidewhenused=\"false\" name=\"Light Shading Accent 3\"\/> <w_lsdexception locked=\"false\" priority=\"61\" semihidden=\"false\" unhidewhenused=\"false\" name=\"Light List Accent 3\"\/> <w_lsdexception locked=\"false\" priority=\"62\" semihidden=\"false\" unhidewhenused=\"false\" name=\"Light Grid Accent 3\"\/> <w_lsdexception locked=\"false\" priority=\"63\" semihidden=\"false\" unhidewhenused=\"false\" name=\"Medium Shading 1 Accent 3\"\/> <w_lsdexception locked=\"false\" priority=\"64\" semihidden=\"false\" unhidewhenused=\"false\" name=\"Medium Shading 2 Accent 3\"\/> <w_lsdexception locked=\"false\" priority=\"65\" semihidden=\"false\" unhidewhenused=\"false\" name=\"Medium List 1 Accent 3\"\/> <w_lsdexception locked=\"false\" priority=\"66\" semihidden=\"false\" unhidewhenused=\"false\" name=\"Medium List 2 Accent 3\"\/> <w_lsdexception locked=\"false\" priority=\"67\" semihidden=\"false\" unhidewhenused=\"false\" name=\"Medium Grid 1 Accent 3\"\/> <w_lsdexception locked=\"false\" priority=\"68\" semihidden=\"false\" unhidewhenused=\"false\" name=\"Medium Grid 2 Accent 3\"\/> <w_lsdexception locked=\"false\" priority=\"69\" semihidden=\"false\" unhidewhenused=\"false\" name=\"Medium Grid 3 Accent 3\"\/> <w_lsdexception locked=\"false\" priority=\"70\" semihidden=\"false\" unhidewhenused=\"false\" name=\"Dark List Accent 3\"\/> <w_lsdexception locked=\"false\" priority=\"71\" semihidden=\"false\" unhidewhenused=\"false\" name=\"Colorful Shading Accent 3\"\/> <w_lsdexception locked=\"false\" priority=\"72\" semihidden=\"false\" unhidewhenused=\"false\" name=\"Colorful List Accent 3\"\/> <w_lsdexception locked=\"false\" priority=\"73\" semihidden=\"false\" unhidewhenused=\"false\" name=\"Colorful Grid Accent 3\"\/> <w_lsdexception locked=\"false\" priority=\"60\" semihidden=\"false\" unhidewhenused=\"false\" name=\"Light Shading Accent 4\"\/> <w_lsdexception locked=\"false\" priority=\"61\" semihidden=\"false\" unhidewhenused=\"false\" name=\"Light List Accent 4\"\/> <w_lsdexception locked=\"false\" priority=\"62\" semihidden=\"false\" unhidewhenused=\"false\" name=\"Light Grid Accent 4\"\/> <w_lsdexception locked=\"false\" priority=\"63\" semihidden=\"false\" unhidewhenused=\"false\" name=\"Medium Shading 1 Accent 4\"\/> <w_lsdexception locked=\"false\" priority=\"64\" semihidden=\"false\" unhidewhenused=\"false\" name=\"Medium Shading 2 Accent 4\"\/> <w_lsdexception locked=\"false\" priority=\"65\" semihidden=\"false\" unhidewhenused=\"false\" name=\"Medium List 1 Accent 4\"\/> <w_lsdexception locked=\"false\" priority=\"66\" semihidden=\"false\" unhidewhenused=\"false\" name=\"Medium List 2 Accent 4\"\/> <w_lsdexception locked=\"false\" priority=\"67\" semihidden=\"false\" unhidewhenused=\"false\" name=\"Medium Grid 1 Accent 4\"\/> <w_lsdexception locked=\"false\" priority=\"68\" semihidden=\"false\" unhidewhenused=\"false\" name=\"Medium Grid 2 Accent 4\"\/> <w_lsdexception locked=\"false\" priority=\"69\" semihidden=\"false\" unhidewhenused=\"false\" name=\"Medium Grid 3 Accent 4\"\/> <w_lsdexception locked=\"false\" priority=\"70\" semihidden=\"false\" unhidewhenused=\"false\" name=\"Dark List Accent 4\"\/> <w_lsdexception locked=\"false\" priority=\"71\" semihidden=\"false\" unhidewhenused=\"false\" name=\"Colorful Shading Accent 4\"\/> <w_lsdexception locked=\"false\" priority=\"72\" semihidden=\"false\" unhidewhenused=\"false\" name=\"Colorful List Accent 4\"\/> <w_lsdexception locked=\"false\" priority=\"73\" semihidden=\"false\" unhidewhenused=\"false\" name=\"Colorful Grid Accent 4\"\/> <w_lsdexception locked=\"false\" priority=\"60\" semihidden=\"false\" unhidewhenused=\"false\" name=\"Light Shading Accent 5\"\/> <w_lsdexception locked=\"false\" priority=\"61\" semihidden=\"false\" unhidewhenused=\"false\" name=\"Light List Accent 5\"\/> <w_lsdexception locked=\"false\" priority=\"62\" semihidden=\"false\" unhidewhenused=\"false\" name=\"Light Grid Accent 5\"\/> <w_lsdexception locked=\"false\" priority=\"63\" semihidden=\"false\" unhidewhenused=\"false\" name=\"Medium Shading 1 Accent 5\"\/> <w_lsdexception locked=\"false\" priority=\"64\" semihidden=\"false\" unhidewhenused=\"false\" name=\"Medium Shading 2 Accent 5\"\/> <w_lsdexception locked=\"false\" priority=\"65\" semihidden=\"false\" unhidewhenused=\"false\" name=\"Medium List 1 Accent 5\"\/> <w_lsdexception locked=\"false\" priority=\"66\" semihidden=\"false\" unhidewhenused=\"false\" name=\"Medium List 2 Accent 5\"\/> <w_lsdexception locked=\"false\" priority=\"67\" semihidden=\"false\" unhidewhenused=\"false\" name=\"Medium Grid 1 Accent 5\"\/> <w_lsdexception locked=\"false\" priority=\"68\" semihidden=\"false\" unhidewhenused=\"false\" name=\"Medium Grid 2 Accent 5\"\/> <w_lsdexception locked=\"false\" priority=\"69\" semihidden=\"false\" unhidewhenused=\"false\" name=\"Medium Grid 3 Accent 5\"\/> <w_lsdexception locked=\"false\" priority=\"70\" semihidden=\"false\" unhidewhenused=\"false\" name=\"Dark List Accent 5\"\/> <w_lsdexception locked=\"false\" priority=\"71\" semihidden=\"false\" unhidewhenused=\"false\" name=\"Colorful Shading Accent 5\"\/> <w_lsdexception locked=\"false\" priority=\"72\" semihidden=\"false\" unhidewhenused=\"false\" name=\"Colorful List Accent 5\"\/> <w_lsdexception locked=\"false\" priority=\"73\" semihidden=\"false\" unhidewhenused=\"false\" name=\"Colorful Grid Accent 5\"\/> <w_lsdexception locked=\"false\" priority=\"60\" semihidden=\"false\" unhidewhenused=\"false\" name=\"Light Shading Accent 6\"\/> <w_lsdexception locked=\"false\" priority=\"61\" semihidden=\"false\" unhidewhenused=\"false\" name=\"Light List Accent 6\"\/> <w_lsdexception locked=\"false\" priority=\"62\" semihidden=\"false\" unhidewhenused=\"false\" name=\"Light Grid Accent 6\"\/> <w_lsdexception locked=\"false\" priority=\"63\" semihidden=\"false\" unhidewhenused=\"false\" name=\"Medium Shading 1 Accent 6\"\/> <w_lsdexception locked=\"false\" priority=\"64\" semihidden=\"false\" unhidewhenused=\"false\" name=\"Medium Shading 2 Accent 6\"\/> <w_lsdexception locked=\"false\" priority=\"65\" semihidden=\"false\" unhidewhenused=\"false\" name=\"Medium List 1 Accent 6\"\/> <w_lsdexception locked=\"false\" priority=\"66\" semihidden=\"false\" unhidewhenused=\"false\" name=\"Medium List 2 Accent 6\"\/> <w_lsdexception locked=\"false\" priority=\"67\" semihidden=\"false\" unhidewhenused=\"false\" name=\"Medium Grid 1 Accent 6\"\/> <w_lsdexception locked=\"false\" priority=\"68\" semihidden=\"false\" unhidewhenused=\"false\" name=\"Medium Grid 2 Accent 6\"\/> <w_lsdexception locked=\"false\" priority=\"69\" semihidden=\"false\" unhidewhenused=\"false\" name=\"Medium Grid 3 Accent 6\"\/> <w_lsdexception locked=\"false\" priority=\"70\" semihidden=\"false\" unhidewhenused=\"false\" name=\"Dark List Accent 6\"\/> <w_lsdexception locked=\"false\" priority=\"71\" semihidden=\"false\" unhidewhenused=\"false\" name=\"Colorful Shading Accent 6\"\/> <w_lsdexception locked=\"false\" priority=\"72\" semihidden=\"false\" unhidewhenused=\"false\" name=\"Colorful List Accent 6\"\/> <w_lsdexception locked=\"false\" priority=\"73\" semihidden=\"false\" unhidewhenused=\"false\" name=\"Colorful Grid Accent 6\"\/> <w_lsdexception locked=\"false\" priority=\"19\" semihidden=\"false\" unhidewhenused=\"false\" qformat=\"true\" name=\"Subtle Emphasis\"\/> <w_lsdexception locked=\"false\" priority=\"21\" semihidden=\"false\" unhidewhenused=\"false\" qformat=\"true\" name=\"Intense Emphasis\"\/> <w_lsdexception locked=\"false\" priority=\"31\" semihidden=\"false\" unhidewhenused=\"false\" qformat=\"true\" name=\"Subtle Reference\"\/> <w_lsdexception locked=\"false\" priority=\"32\" semihidden=\"false\" unhidewhenused=\"false\" qformat=\"true\" name=\"Intense Reference\"\/> <w_lsdexception locked=\"false\" priority=\"33\" semihidden=\"false\" unhidewhenused=\"false\" qformat=\"true\" name=\"Book Title\"\/> <w_lsdexception locked=\"false\" priority=\"37\" name=\"Bibliography\"\/> <w_lsdexception locked=\"false\" priority=\"39\" qformat=\"true\" name=\"TOC Heading\"\/><\/w_latentstyles><\/xml><![endif]--><!--[if gte mso 10]> \n\n<style> \/* Style Definitions *\/ table.MsoNormalTable{mso-style-name:\"Normale Tabelle\" mso-tstyle-rowband-size:0 mso-tstyle-colband-size:0 mso-style-noshow:yes mso-style-priority:99 mso-style-qformat:yes mso-style-parent:\"\" mso-padding-alt:0cm 5.4pt 0cm 5.4pt mso-para-margin:0cm mso-para-margin-bottom:.0001pt mso-pagination:widow-orphan font-size:11.0pt font-family:\"Calibri\",\"sans-serif\" mso-ascii-font-family:Calibri mso-ascii-theme-font:minor-latin mso-fareast-font-family:\"Times New Roman\" mso-fareast-theme-font:minor-fareast mso-hansi-font-family:Calibri mso-hansi-theme-font:minor-latin mso-bidi-font-family:\"Times New Roman\" mso-bidi-theme-font:minor-bidi }<\/style>\n\n<![endif]--> <\/p>\n<p class=\"MsoNormal\"><span style=\"\"font-size:11.0pt font-family:\"Calibri\",\"sans-serif\"  mso-fareast-font-family:\"Times New Roman\"\">Die Intelligenzschn\u00fcffelmatte ist 80 x80cm gro\u00df und besteht zur H\u00e4lfte aus einer Schn\u00fcffelwiese. Die andere H\u00e4lfte besteht aus \u00fcber 20 Leckerli-Versteckm\u00f6glichkeiten in sieben verschiedenen Variationen und bietet Ihrem Vierbeiner jede Menge Besch\u00e4ftigung, Herausforderung und Spa\u00df. <span class=\"apple-converted-space\"><\/span><\/span><span style=\"\"mso-fareast-font-family:\"Times New Roman\"\"><\/span><\/p>\n<p class=\"MsoNormal\"><span style=\"\"font-size:11.0pt font-family:\"Calibri\",\"sans-serif\"  mso-fareast-font-family:\"Times New Roman\"\">Mit Klettgurten zum platzsparenden Aufrollen.<span class=\"apple-converted-space\">\u00a0<\/span><\/span><span style=\"\"mso-fareast-font-family:\"Times New Roman\"\"><\/span><\/p>\n<p class=\"MsoNormal\"><span style=\"\"font-size:11.0pt font-family:\"Calibri\",\"sans-serif\"  mso-fareast-font-family:\"Times New Roman\"\">Papprollen nicht im Lieferumfang enthalten.<\/span><span style=\"\"mso-fareast-font-family:\"Times New Roman\"\"><\/span><\/p><\/p>\n","protected":false},"excerpt":{"rendered":"","protected":false},"featured_media":21523,"comment_status":"closed","ping_status":"open","template":"","meta":[],"product_cat":[13793],"product_tag":[],"class_list":{"0":"post-47943","1":"product","2":"type-product","3":"status-publish","4":"has-post-thumbnail","6":"product_cat-intelligenz","8":"first","9":"instock","10":"taxable","11":"shipping-taxable","12":"purchasable","13":"product-type-simple"},"_links":{"self":[{"href":"https:\/\/all-pets.de\/shop\/wp-json\/wp\/v2\/product\/47943","targetHints":{"allow":["GET"]}}],"collection":[{"href":"https:\/\/all-pets.de\/shop\/wp-json\/wp\/v2\/product"}],"about":[{"href":"https:\/\/all-pets.de\/shop\/wp-json\/wp\/v2\/types\/product"}],"replies":[{"embeddable":true,"href":"https:\/\/all-pets.de\/shop\/wp-json\/wp\/v2\/comments?post=47943"}],"wp:featuredmedia":[{"embeddable":true,"href":"https:\/\/all-pets.de\/shop\/wp-json\/wp\/v2\/media\/21523"}],"wp:attachment":[{"href":"https:\/\/all-pets.de\/shop\/wp-json\/wp\/v2\/media?parent=47943"}],"wp:term":[{"taxonomy":"product_cat","embeddable":true,"href":"https:\/\/all-pets.de\/shop\/wp-json\/wp\/v2\/product_cat?post=47943"},{"taxonomy":"product_tag","embeddable":true,"href":"https:\/\/all-pets.de\/shop\/wp-json\/wp\/v2\/product_tag?post=47943"}],"curies":[{"name":"wp","href":"https:\/\/api.w.org\/{rel}","templated":true}]}}