{"id":47944,"date":"2023-12-12T10:56:21","date_gmt":"2023-12-12T09:56:21","guid":{"rendered":"https:\/\/pet-shopping.de\/shop\/produkt\/karlie-flamingo-sandpapierhuellen-12-mm\/"},"modified":"2023-12-12T10:56:21","modified_gmt":"2023-12-12T09:56:21","slug":"karlie-flamingo-sandpapierhuellen-12-mm","status":"publish","type":"product","link":"https:\/\/all-pets.de\/shop\/produkt\/karlie-flamingo-sandpapierhuellen-12-mm\/","title":{"rendered":"Karlie Flamingo Sandpapierh\u00fcllen &#8211; 12 mm"},"content":{"rendered":"<p>Da die Krallen von V\u00f6geln oft schneller wachsen als sie sich abnutzen, ist es wichtig, Ihr Tier bei der Abnutzung der Krallen zu unterst\u00fctzen. Diese Sandpapierh\u00fcllen, die einfach \u00fcber handels\u00fcbliche Sitzstangen \u00fcbergezogen werden, helfen Ihren V\u00f6geln die Krallen kurz und sauber zu halten. V\u00f6gel neigen dazu, den Sand von der H\u00fclle zu fressen, da ihnen dies bei der Verdauung hilft. <\/p>\n<p>Durchmesser: 12 mm<br \/> Inhalt: 4 St\u00fcck<\/p>\n<p><font size=\"1\">Der Verein der Wellensittich-Freunde Deutschland e.V. steht diesem Produkt skeptisch gegen\u00fcber. Vor dem Kauf sollten Sie sich hier informieren: www.vwfd.de M\u00f6glicherweise gibt es eine bessere Produktalternative.<\/font><\/p>\n","protected":false},"excerpt":{"rendered":"<p>Da die Krallen von V\u00f6geln oft schneller wachsen als sie sich abnutzen, ist es wichtig, Ihr Tier bei der Abnutzung der Krallen zu unterst\u00fctzen. Diese Sandpapierh\u00fcllen, die einfach \u00fcber handels\u00fcbliche Sitzstangen \u00fcbergezogen werden, helfen Ihren V\u00f6geln die Krallen kurz und sauber zu halten. V\u00f6gel neigen dazu, den Sand von der H\u00fclle zu fressen, da ihnen [&hellip;]<\/p>\n","protected":false},"featured_media":5408,"comment_status":"closed","ping_status":"open","template":"","meta":[],"product_cat":[14933],"product_tag":[],"class_list":{"0":"post-47944","1":"product","2":"type-product","3":"status-publish","4":"has-post-thumbnail","6":"product_cat-sitzstangen-ausstattung-zubehoer-sandteppichevogelwelt","8":"first","9":"instock","10":"taxable","11":"shipping-taxable","12":"purchasable","13":"product-type-simple"},"_links":{"self":[{"href":"https:\/\/all-pets.de\/shop\/wp-json\/wp\/v2\/product\/47944","targetHints":{"allow":["GET"]}}],"collection":[{"href":"https:\/\/all-pets.de\/shop\/wp-json\/wp\/v2\/product"}],"about":[{"href":"https:\/\/all-pets.de\/shop\/wp-json\/wp\/v2\/types\/product"}],"replies":[{"embeddable":true,"href":"https:\/\/all-pets.de\/shop\/wp-json\/wp\/v2\/comments?post=47944"}],"wp:featuredmedia":[{"embeddable":true,"href":"https:\/\/all-pets.de\/shop\/wp-json\/wp\/v2\/media\/5408"}],"wp:attachment":[{"href":"https:\/\/all-pets.de\/shop\/wp-json\/wp\/v2\/media?parent=47944"}],"wp:term":[{"taxonomy":"product_cat","embeddable":true,"href":"https:\/\/all-pets.de\/shop\/wp-json\/wp\/v2\/product_cat?post=47944"},{"taxonomy":"product_tag","embeddable":true,"href":"https:\/\/all-pets.de\/shop\/wp-json\/wp\/v2\/product_tag?post=47944"}],"curies":[{"name":"wp","href":"https:\/\/api.w.org\/{rel}","templated":true}]}}