{"id":47945,"date":"2023-12-12T10:56:21","date_gmt":"2023-12-12T09:56:21","guid":{"rendered":"https:\/\/pet-shopping.de\/shop\/produkt\/nerf-dog-tennisball-blaster-ersatzbaelle-4er-set\/"},"modified":"2023-12-12T10:56:21","modified_gmt":"2023-12-12T09:56:21","slug":"nerf-dog-tennisball-blaster-ersatzbaelle-4er-set","status":"publish","type":"product","link":"https:\/\/all-pets.de\/shop\/produkt\/nerf-dog-tennisball-blaster-ersatzbaelle-4er-set\/","title":{"rendered":"NERF DOG Tennisball Blaster Ersatzb\u00e4lle &#8211; 4er Set"},"content":{"rendered":"<p>Die Tennisball Blaster Ersatzb\u00e4lle eignet sich f\u00fcr die NERF DOG Tennisball Blaster &#8211; Ballkanone. Die B\u00e4lle im 4er Set sind schwimmf\u00e4hig und bestehen aus Gummi und Filz. Sie sind 30% leichter als normale Tennisb\u00e4lle.<\/p>\n<p>Farbe: blau-orange<\/p>\n","protected":false},"excerpt":{"rendered":"<p>Die Tennisball Blaster Ersatzb\u00e4lle eignet sich f\u00fcr die NERF DOG Tennisball Blaster &#8211; Ballkanone. Die B\u00e4lle im 4er Set sind schwimmf\u00e4hig und bestehen aus Gummi und Filz. Sie sind 30% leichter als normale Tennisb\u00e4lle. Farbe: blau-orange<\/p>\n","protected":false},"featured_media":15849,"comment_status":"closed","ping_status":"open","template":"","meta":[],"product_cat":[13872],"product_tag":[],"class_list":{"0":"post-47945","1":"product","2":"type-product","3":"status-publish","4":"has-post-thumbnail","6":"product_cat-hundewurfspielzeug-hundespielzeug-sport-hundebaellehundewelt","8":"first","9":"instock","10":"taxable","11":"shipping-taxable","12":"purchasable","13":"product-type-simple"},"_links":{"self":[{"href":"https:\/\/all-pets.de\/shop\/wp-json\/wp\/v2\/product\/47945","targetHints":{"allow":["GET"]}}],"collection":[{"href":"https:\/\/all-pets.de\/shop\/wp-json\/wp\/v2\/product"}],"about":[{"href":"https:\/\/all-pets.de\/shop\/wp-json\/wp\/v2\/types\/product"}],"replies":[{"embeddable":true,"href":"https:\/\/all-pets.de\/shop\/wp-json\/wp\/v2\/comments?post=47945"}],"wp:featuredmedia":[{"embeddable":true,"href":"https:\/\/all-pets.de\/shop\/wp-json\/wp\/v2\/media\/15849"}],"wp:attachment":[{"href":"https:\/\/all-pets.de\/shop\/wp-json\/wp\/v2\/media?parent=47945"}],"wp:term":[{"taxonomy":"product_cat","embeddable":true,"href":"https:\/\/all-pets.de\/shop\/wp-json\/wp\/v2\/product_cat?post=47945"},{"taxonomy":"product_tag","embeddable":true,"href":"https:\/\/all-pets.de\/shop\/wp-json\/wp\/v2\/product_tag?post=47945"}],"curies":[{"name":"wp","href":"https:\/\/api.w.org\/{rel}","templated":true}]}}