{"id":47948,"date":"2023-12-12T10:56:21","date_gmt":"2023-12-12T09:56:21","guid":{"rendered":"https:\/\/pet-shopping.de\/shop\/produkt\/karlie-flamingo-schaukel-mit-holzsitzstange\/"},"modified":"2023-12-12T10:56:21","modified_gmt":"2023-12-12T09:56:21","slug":"karlie-flamingo-schaukel-mit-holzsitzstange","status":"publish","type":"product","link":"https:\/\/all-pets.de\/shop\/produkt\/karlie-flamingo-schaukel-mit-holzsitzstange\/","title":{"rendered":"Karlie Flamingo Schaukel mit Holzsitzstange"},"content":{"rendered":"<p>Trapezschaukel f\u00fcr V\u00f6gel aus Metall mit Holzsitzstange. <\/p>\n<p>Gr\u00f6\u00dfe: ca. 9 x 12 cm<\/p>\n","protected":false},"excerpt":{"rendered":"<p>Trapezschaukel f\u00fcr V\u00f6gel aus Metall mit Holzsitzstange. Gr\u00f6\u00dfe: ca. 9 x 12 cm<\/p>\n","protected":false},"featured_media":19843,"comment_status":"closed","ping_status":"open","template":"","meta":[],"product_cat":[13765],"product_tag":[],"class_list":{"0":"post-47948","1":"product","2":"type-product","3":"status-publish","4":"has-post-thumbnail","6":"product_cat-vogelschaukeln","8":"first","9":"instock","10":"taxable","11":"shipping-taxable","12":"purchasable","13":"product-type-simple"},"_links":{"self":[{"href":"https:\/\/all-pets.de\/shop\/wp-json\/wp\/v2\/product\/47948","targetHints":{"allow":["GET"]}}],"collection":[{"href":"https:\/\/all-pets.de\/shop\/wp-json\/wp\/v2\/product"}],"about":[{"href":"https:\/\/all-pets.de\/shop\/wp-json\/wp\/v2\/types\/product"}],"replies":[{"embeddable":true,"href":"https:\/\/all-pets.de\/shop\/wp-json\/wp\/v2\/comments?post=47948"}],"wp:featuredmedia":[{"embeddable":true,"href":"https:\/\/all-pets.de\/shop\/wp-json\/wp\/v2\/media\/19843"}],"wp:attachment":[{"href":"https:\/\/all-pets.de\/shop\/wp-json\/wp\/v2\/media?parent=47948"}],"wp:term":[{"taxonomy":"product_cat","embeddable":true,"href":"https:\/\/all-pets.de\/shop\/wp-json\/wp\/v2\/product_cat?post=47948"},{"taxonomy":"product_tag","embeddable":true,"href":"https:\/\/all-pets.de\/shop\/wp-json\/wp\/v2\/product_tag?post=47948"}],"curies":[{"name":"wp","href":"https:\/\/api.w.org\/{rel}","templated":true}]}}