{"id":47949,"date":"2023-12-12T10:56:21","date_gmt":"2023-12-12T09:56:21","guid":{"rendered":"https:\/\/pet-shopping.de\/shop\/produkt\/karlie-flamingo-hamsterhaus-chateau-aus-nylon\/"},"modified":"2023-12-12T10:56:21","modified_gmt":"2023-12-12T09:56:21","slug":"karlie-flamingo-hamsterhaus-chateau-aus-nylon","status":"publish","type":"product","link":"https:\/\/all-pets.de\/shop\/produkt\/karlie-flamingo-hamsterhaus-chateau-aus-nylon\/","title":{"rendered":"Karlie Flamingo Hamsterhaus Chateau aus Nylon"},"content":{"rendered":"<p>Das Hamsterh\u00e4uschen Chateau besteht aus Nylon, welches ein angenehmes Knisterger\u00e4usch von sich gibt. Die Burg wird mithilfe der Metallketten am K\u00e4figgitter befestigt und in den K\u00e4fig geh\u00e4ngt. Ein tolles Zubeh\u00f6r zum Spielen, Verstecken und Schlafen. <\/p>\n<p>Ma\u00dfe: ca. 24,5 x 10 cm (H\u00f6he x Durchmesser)<br \/> Durchmesser der Ein-\/Ausgangsl\u00f6cher: ca. 4 bzw. 5 cm<\/p>\n","protected":false},"excerpt":{"rendered":"<p>Das Hamsterh\u00e4uschen Chateau besteht aus Nylon, welches ein angenehmes Knisterger\u00e4usch von sich gibt. Die Burg wird mithilfe der Metallketten am K\u00e4figgitter befestigt und in den K\u00e4fig geh\u00e4ngt. Ein tolles Zubeh\u00f6r zum Spielen, Verstecken und Schlafen. Ma\u00dfe: ca. 24,5 x 10 cm (H\u00f6he x Durchmesser) Durchmesser der Ein-\/Ausgangsl\u00f6cher: ca. 4 bzw. 5 cm<\/p>\n","protected":false},"featured_media":20155,"comment_status":"closed","ping_status":"open","template":"","meta":[],"product_cat":[14934],"product_tag":[],"class_list":{"0":"post-47949","1":"product","2":"type-product","3":"status-publish","4":"has-post-thumbnail","6":"product_cat-weitere-haeuser-ausstattung-zubehoer-betten-haengemattenkleintierwelt","8":"first","9":"instock","10":"taxable","11":"shipping-taxable","12":"purchasable","13":"product-type-simple"},"_links":{"self":[{"href":"https:\/\/all-pets.de\/shop\/wp-json\/wp\/v2\/product\/47949","targetHints":{"allow":["GET"]}}],"collection":[{"href":"https:\/\/all-pets.de\/shop\/wp-json\/wp\/v2\/product"}],"about":[{"href":"https:\/\/all-pets.de\/shop\/wp-json\/wp\/v2\/types\/product"}],"replies":[{"embeddable":true,"href":"https:\/\/all-pets.de\/shop\/wp-json\/wp\/v2\/comments?post=47949"}],"wp:featuredmedia":[{"embeddable":true,"href":"https:\/\/all-pets.de\/shop\/wp-json\/wp\/v2\/media\/20155"}],"wp:attachment":[{"href":"https:\/\/all-pets.de\/shop\/wp-json\/wp\/v2\/media?parent=47949"}],"wp:term":[{"taxonomy":"product_cat","embeddable":true,"href":"https:\/\/all-pets.de\/shop\/wp-json\/wp\/v2\/product_cat?post=47949"},{"taxonomy":"product_tag","embeddable":true,"href":"https:\/\/all-pets.de\/shop\/wp-json\/wp\/v2\/product_tag?post=47949"}],"curies":[{"name":"wp","href":"https:\/\/api.w.org\/{rel}","templated":true}]}}