{"id":47950,"date":"2023-12-12T10:56:21","date_gmt":"2023-12-12T09:56:21","guid":{"rendered":"https:\/\/pet-shopping.de\/shop\/produkt\/karlie-kissen-ortho-visco-rot-60-cm\/"},"modified":"2023-12-12T10:56:21","modified_gmt":"2023-12-12T09:56:21","slug":"karlie-kissen-ortho-visco-rot-60-cm","status":"publish","type":"product","link":"https:\/\/all-pets.de\/shop\/produkt\/karlie-kissen-ortho-visco-rot-60-cm\/","title":{"rendered":"Karlie Kissen Ortho Visco Rot &#8211; 60 cm"},"content":{"rendered":"<p>Dieses orthop\u00e4dische Gesundheitsbett ist mit Memory Foam gef\u00fcllt, der einen sehr hohen Liegekomfort bietet und sich optimal der Beschaffenheit des K\u00f6rpers und der K\u00f6rpertemperatur anpasst. Der Memory Foam sorgt f\u00fcr eine optimale Druckentlastung und wirkt sich wohltuend und entlastend auf Wirbels\u00e4ule und Gelenke aus.<\/p>\n<p>Der atmungsaktive Bezug des Kissens ist abnehmbar und bei 40\u00b0C waschbar.<\/p>\n<p>Farbe: Rot<br \/> Gesamtma\u00dfe: ca. 60 x 48 x 20 cm (BxTxH)<br \/> Liegefl\u00e4che: ca. 49 x 36 cm<\/p>\n","protected":false},"excerpt":{"rendered":"<p>Dieses orthop\u00e4dische Gesundheitsbett ist mit Memory Foam gef\u00fcllt, der einen sehr hohen Liegekomfort bietet und sich optimal der Beschaffenheit des K\u00f6rpers und der K\u00f6rpertemperatur anpasst. Der Memory Foam sorgt f\u00fcr eine optimale Druckentlastung und wirkt sich wohltuend und entlastend auf Wirbels\u00e4ule und Gelenke aus. Der atmungsaktive Bezug des Kissens ist abnehmbar und bei 40\u00b0C waschbar. [&hellip;]<\/p>\n","protected":false},"featured_media":33588,"comment_status":"closed","ping_status":"open","template":"","meta":[],"product_cat":[14936],"product_tag":[],"class_list":{"0":"post-47950","1":"product","2":"type-product","3":"status-publish","4":"has-post-thumbnail","6":"product_cat-sofas","8":"first","9":"instock","10":"taxable","11":"shipping-taxable","12":"purchasable","13":"product-type-simple"},"_links":{"self":[{"href":"https:\/\/all-pets.de\/shop\/wp-json\/wp\/v2\/product\/47950","targetHints":{"allow":["GET"]}}],"collection":[{"href":"https:\/\/all-pets.de\/shop\/wp-json\/wp\/v2\/product"}],"about":[{"href":"https:\/\/all-pets.de\/shop\/wp-json\/wp\/v2\/types\/product"}],"replies":[{"embeddable":true,"href":"https:\/\/all-pets.de\/shop\/wp-json\/wp\/v2\/comments?post=47950"}],"wp:featuredmedia":[{"embeddable":true,"href":"https:\/\/all-pets.de\/shop\/wp-json\/wp\/v2\/media\/33588"}],"wp:attachment":[{"href":"https:\/\/all-pets.de\/shop\/wp-json\/wp\/v2\/media?parent=47950"}],"wp:term":[{"taxonomy":"product_cat","embeddable":true,"href":"https:\/\/all-pets.de\/shop\/wp-json\/wp\/v2\/product_cat?post=47950"},{"taxonomy":"product_tag","embeddable":true,"href":"https:\/\/all-pets.de\/shop\/wp-json\/wp\/v2\/product_tag?post=47950"}],"curies":[{"name":"wp","href":"https:\/\/api.w.org\/{rel}","templated":true}]}}