{"id":47951,"date":"2023-12-12T10:56:21","date_gmt":"2023-12-12T09:56:21","guid":{"rendered":"https:\/\/pet-shopping.de\/shop\/produkt\/catit-senses-2-0-aktiv-futternapf\/"},"modified":"2023-12-12T10:56:21","modified_gmt":"2023-12-12T09:56:21","slug":"catit-senses-2-0-aktiv-futternapf","status":"publish","type":"product","link":"https:\/\/all-pets.de\/shop\/produkt\/catit-senses-2-0-aktiv-futternapf\/","title":{"rendered":"Catit Senses 2.0 Aktiv-Futternapf"},"content":{"rendered":"<p>Der Catit Senses 2.0 Aktiv-Futternapf erm\u00f6glicht es der Katze, ihr Futter auf nat\u00fcrliche und spielerische Weise zu erobern.<\/p>\n<p>Sein innovatives Design spricht die Instinkte der Katze an und stimuliert sie, mit der Pfote aktiv nach kleinen Nahrungsmengen zu greifen.So wird die Aufnahme zu gro\u00dfer Portionen verhindert.<\/p>\n<p>Geben Sie Trockenfutter oder Leckerlis in die verschiedenen Gef\u00e4\u00dfe, damit Ihre Katze von dem Geruch angelockt wird und es mit der Pfote herausgreift!<\/p>\n<p>Dank ihres abgerundeten Bodens sind die Gef\u00e4\u00dfe leicht zu reinigen. <\/p>\n<p>Da es 3 enge kurze Gef\u00e4\u00dfe und 2 breite lange Gef\u00e4\u00dfe gibt, k\u00f6nnen Sie die Schwierigkeitsgrade ver\u00e4ndern.<\/p>\n<p>Dank der geschwungenen Oberfl\u00e4che des stabilen Sockels k\u00f6nnen zus\u00e4tzliche Leckereien auf den Futternapf gelegt werden. Der Aktiv-Futternapf ist ideal f\u00fcr die Zeit, w\u00e4hrend der Sie nicht zu Hause sind.<br \/> Ihre Katze wird zuerst das Futter fressen, an das sie einfach herankommt. Danach muss sie ein weniger h\u00e4rter f\u00fcr ihr Futter \u201earbeiten\u201c.<\/p>\n<p>Der Aktiv-Futternapf kann einfach auseinander genommen und gereinigt werden. Waschen Sie am besten jedes Teil mit Neutralseife (ohne Chemikalien oder Scheuermittel) mit der Hand ab und sp\u00fclen Sie die Teile gr\u00fcndlich.<\/p>\n<p>Der Senses 2.0 Aktiv-Futternapf l\u00e4sst sich separat oder in Kombination mit anderen Catit Senses 2.0 Produkten verwenden.<\/p>\n","protected":false},"excerpt":{"rendered":"<p>Der Catit Senses 2.0 Aktiv-Futternapf erm\u00f6glicht es der Katze, ihr Futter auf nat\u00fcrliche und spielerische Weise zu erobern. Sein innovatives Design spricht die Instinkte der Katze an und stimuliert sie, mit der Pfote aktiv nach kleinen Nahrungsmengen zu greifen.So wird die Aufnahme zu gro\u00dfer Portionen verhindert. Geben Sie Trockenfutter oder Leckerlis in die verschiedenen Gef\u00e4\u00dfe, [&hellip;]<\/p>\n","protected":false},"featured_media":17021,"comment_status":"closed","ping_status":"open","template":"","meta":[],"product_cat":[14651],"product_tag":[],"class_list":{"0":"post-47951","1":"product","2":"type-product","3":"status-publish","4":"has-post-thumbnail","6":"product_cat-futter-wassernaepfe-katzennaepfe-traenken-intelligenz-spielzeugkatzenwelt-katzenspielzeug","8":"first","9":"instock","10":"taxable","11":"shipping-taxable","12":"purchasable","13":"product-type-simple"},"_links":{"self":[{"href":"https:\/\/all-pets.de\/shop\/wp-json\/wp\/v2\/product\/47951","targetHints":{"allow":["GET"]}}],"collection":[{"href":"https:\/\/all-pets.de\/shop\/wp-json\/wp\/v2\/product"}],"about":[{"href":"https:\/\/all-pets.de\/shop\/wp-json\/wp\/v2\/types\/product"}],"replies":[{"embeddable":true,"href":"https:\/\/all-pets.de\/shop\/wp-json\/wp\/v2\/comments?post=47951"}],"wp:featuredmedia":[{"embeddable":true,"href":"https:\/\/all-pets.de\/shop\/wp-json\/wp\/v2\/media\/17021"}],"wp:attachment":[{"href":"https:\/\/all-pets.de\/shop\/wp-json\/wp\/v2\/media?parent=47951"}],"wp:term":[{"taxonomy":"product_cat","embeddable":true,"href":"https:\/\/all-pets.de\/shop\/wp-json\/wp\/v2\/product_cat?post=47951"},{"taxonomy":"product_tag","embeddable":true,"href":"https:\/\/all-pets.de\/shop\/wp-json\/wp\/v2\/product_tag?post=47951"}],"curies":[{"name":"wp","href":"https:\/\/api.w.org\/{rel}","templated":true}]}}