{"id":47953,"date":"2023-12-12T10:56:21","date_gmt":"2023-12-12T09:56:21","guid":{"rendered":"https:\/\/pet-shopping.de\/shop\/produkt\/jr-farm-back-to-instinct-buddel-box\/"},"modified":"2023-12-12T10:56:22","modified_gmt":"2023-12-12T09:56:22","slug":"jr-farm-back-to-instinct-buddel-box","status":"publish","type":"product","link":"https:\/\/all-pets.de\/shop\/produkt\/jr-farm-back-to-instinct-buddel-box\/","title":{"rendered":"JR FARM &#8222;Back to Instinct&#8220; Buddel-Box"},"content":{"rendered":"<div id=\"productinfo_desc\">\n<p>weckt die nat\u00fcrlichen Instinkte<br \/> &#8211; 100% Natur<br \/> &#8211; f\u00f6rdert den Stressabbau<br \/> &#8211; mit kantengerundetem, gewaschenem Sand<br \/> &#8211; mit Wurzeln zum Ausgraben<br \/> &#8211; auch als Sandbad geeignet<\/p>\n<p>Back to Instinct:<br \/> Wecke die urspr\u00fcnglichen Instinkte deines Tieres. Nagetiere und Zwergkaninchen sind von Natur aus viel damit besch\u00e4ftigt, in der Erde zu graben und darin nach Futter zu suchen. Mit der JR FARM Buddel-Box kann Ihr Tier auch zu Hause diesen nat\u00fcrlichen Instinkt ausleben. Verstecken Sie im staubfreien, pfotenschonenden Natursand aus Bayern die beigef\u00fcgten Wurzeln und beobachten Sie, wie Ihr Tier Freude daran hat, diese auszugraben. Diese Aktivit\u00e4t tr\u00e4gt zur<br \/> Ausgeglichenheit und zum Stressabbau Ihres Tieres bei. Anschlie\u00dfend kann Ihr Tier zur Fellpflege ein ausgiebiges Sandbad nehmen. Verstecken Sie die Wurzeln je nach gew\u00fcnschtem Schwierigkeitsgrad unterschiedlich tief im Sand. Die mit Heu ummantelte Buddelbox ist aus 100% nat\u00fcrlichen Materialien und darf vom Tier angeknabbert werden.<\/p>\n<\/div>\n<div id=\"productinfo_desc\">\n<p>SCHRITT 1<br \/> Entfernen Sie die Schutzfolie und den St\u00fclpdeckel von der Buddelbox.<\/p>\n<p>SCHRITT 2<br \/> Stellen Sie die leere Box in den K\u00e4fig, \u00f6ffnen Sie den Beutel mit Sand und f\u00fcllen diesen komplett in die Box.<\/p>\n<p>SCHRITT 3<br \/> Verstecken Sie nun eine der mitgelieferten Wurzeln im Sand und<br \/> beobachten Sie, wie Ihr Tier Freude daran hat im Sand zu Buddeln und<br \/> die Wurzel zu finden.<\/p>\n<p>SCHRITT 4<br \/> Nach der anstrengenden Sucharbeit kann Ihr Tier ein entspannendes<br \/> Sandbad nehmen.<\/p>\n<\/div>\n<div id=\"productinfo_desc\">\n<p>Inhalt:<\/p>\n<p>Sand, 5L<br \/> 1 Schale aus Naturfaser mit Heu ummantelt<br \/> JR FARM Petersilien-Wurzeln, 50g<\/p>\n<p>\u00a0Ma\u00dfe: 40 x 28 x 15 cm <\/p>\n<\/div>\n","protected":false},"excerpt":{"rendered":"<p>weckt die nat\u00fcrlichen Instinkte &#8211; 100% Natur &#8211; f\u00f6rdert den Stressabbau &#8211; mit kantengerundetem, gewaschenem Sand &#8211; mit Wurzeln zum Ausgraben &#8211; auch als Sandbad geeignet Back to Instinct: Wecke die urspr\u00fcnglichen Instinkte deines Tieres. Nagetiere und Zwergkaninchen sind von Natur aus viel damit besch\u00e4ftigt, in der Erde zu graben und darin nach Futter zu [&hellip;]<\/p>\n","protected":false},"featured_media":20399,"comment_status":"closed","ping_status":"open","template":"","meta":[],"product_cat":[14937],"product_tag":[],"class_list":{"0":"post-47953","1":"product","2":"type-product","3":"status-publish","4":"has-post-thumbnail","6":"product_cat-jr-farm-kleintierfutter-snacks-spiel-sportkleintierwelt-ausstattung-zubehoer-kleintierwelt","8":"first","9":"instock","10":"taxable","11":"shipping-taxable","12":"purchasable","13":"product-type-simple"},"_links":{"self":[{"href":"https:\/\/all-pets.de\/shop\/wp-json\/wp\/v2\/product\/47953","targetHints":{"allow":["GET"]}}],"collection":[{"href":"https:\/\/all-pets.de\/shop\/wp-json\/wp\/v2\/product"}],"about":[{"href":"https:\/\/all-pets.de\/shop\/wp-json\/wp\/v2\/types\/product"}],"replies":[{"embeddable":true,"href":"https:\/\/all-pets.de\/shop\/wp-json\/wp\/v2\/comments?post=47953"}],"wp:featuredmedia":[{"embeddable":true,"href":"https:\/\/all-pets.de\/shop\/wp-json\/wp\/v2\/media\/20399"}],"wp:attachment":[{"href":"https:\/\/all-pets.de\/shop\/wp-json\/wp\/v2\/media?parent=47953"}],"wp:term":[{"taxonomy":"product_cat","embeddable":true,"href":"https:\/\/all-pets.de\/shop\/wp-json\/wp\/v2\/product_cat?post=47953"},{"taxonomy":"product_tag","embeddable":true,"href":"https:\/\/all-pets.de\/shop\/wp-json\/wp\/v2\/product_tag?post=47953"}],"curies":[{"name":"wp","href":"https:\/\/api.w.org\/{rel}","templated":true}]}}