{"id":47955,"date":"2023-12-12T10:56:21","date_gmt":"2023-12-12T09:56:21","guid":{"rendered":"https:\/\/pet-shopping.de\/shop\/produkt\/karlie-flamingo-reisenapf-axelle\/"},"modified":"2023-12-12T10:56:22","modified_gmt":"2023-12-12T09:56:22","slug":"karlie-flamingo-reisenapf-axelle","status":"publish","type":"product","link":"https:\/\/all-pets.de\/shop\/produkt\/karlie-flamingo-reisenapf-axelle\/","title":{"rendered":"Karlie Flamingo Reisenapf Axelle"},"content":{"rendered":"<p>Der Reisenapf Axelle ist unterwegs der perfekte Begleiter. Er l\u00e4sst sich flach zusammenlegen und passt so in jede Tasche und stellt aufgeklappt je nach Bedarf Wasser- oder Futternapf dar. Die modernen Designs sehen au\u00dferdem noch ansprechend aus. <\/p>\n<p>Ma\u00dfe: ca. 30 x 10 x 2 cm<br \/> Inhalt: 1 St\u00fcck<\/p>\n<p>Diverse Designs. Eine Motivwahl ist leider nicht m\u00f6glich, da die Variante je nach Lagerbestand gew\u00e4hlt wird. <\/p>\n","protected":false},"excerpt":{"rendered":"<p>Der Reisenapf Axelle ist unterwegs der perfekte Begleiter. Er l\u00e4sst sich flach zusammenlegen und passt so in jede Tasche und stellt aufgeklappt je nach Bedarf Wasser- oder Futternapf dar. Die modernen Designs sehen au\u00dferdem noch ansprechend aus. Ma\u00dfe: ca. 30 x 10 x 2 cm Inhalt: 1 St\u00fcck Diverse Designs. Eine Motivwahl ist leider nicht [&hellip;]<\/p>\n","protected":false},"featured_media":25089,"comment_status":"closed","ping_status":"open","template":"","meta":[],"product_cat":[14942],"product_tag":[],"class_list":{"0":"post-47955","1":"product","2":"type-product","3":"status-publish","4":"has-post-thumbnail","6":"product_cat-reisenaepfe-katzentransport-reise-reisenaepfekatzenwelt-katzennaepfe-traenken-reisenaepfe-fuer-hundekatzenwelt-reise-transport-reisenaepfehundewelt-unterwegs-reisenaepfe-hundewelt","8":"first","9":"instock","10":"taxable","11":"shipping-taxable","12":"purchasable","13":"product-type-simple"},"_links":{"self":[{"href":"https:\/\/all-pets.de\/shop\/wp-json\/wp\/v2\/product\/47955","targetHints":{"allow":["GET"]}}],"collection":[{"href":"https:\/\/all-pets.de\/shop\/wp-json\/wp\/v2\/product"}],"about":[{"href":"https:\/\/all-pets.de\/shop\/wp-json\/wp\/v2\/types\/product"}],"replies":[{"embeddable":true,"href":"https:\/\/all-pets.de\/shop\/wp-json\/wp\/v2\/comments?post=47955"}],"wp:featuredmedia":[{"embeddable":true,"href":"https:\/\/all-pets.de\/shop\/wp-json\/wp\/v2\/media\/25089"}],"wp:attachment":[{"href":"https:\/\/all-pets.de\/shop\/wp-json\/wp\/v2\/media?parent=47955"}],"wp:term":[{"taxonomy":"product_cat","embeddable":true,"href":"https:\/\/all-pets.de\/shop\/wp-json\/wp\/v2\/product_cat?post=47955"},{"taxonomy":"product_tag","embeddable":true,"href":"https:\/\/all-pets.de\/shop\/wp-json\/wp\/v2\/product_tag?post=47955"}],"curies":[{"name":"wp","href":"https:\/\/api.w.org\/{rel}","templated":true}]}}