{"id":47956,"date":"2023-12-12T10:56:21","date_gmt":"2023-12-12T09:56:21","guid":{"rendered":"https:\/\/pet-shopping.de\/shop\/produkt\/classic-dog-snack-kaninchenohren-mit-fell-100g\/"},"modified":"2023-12-12T10:56:22","modified_gmt":"2023-12-12T09:56:22","slug":"classic-dog-snack-kaninchenohren-mit-fell-100g","status":"publish","type":"product","link":"https:\/\/all-pets.de\/shop\/produkt\/classic-dog-snack-kaninchenohren-mit-fell-100g\/","title":{"rendered":"Classic Dog Snack Kaninchenohren mit Fell 100g"},"content":{"rendered":"<p> Kaninchenohren sind ein ideales Kauvergn\u00fcgen f\u00fcr Hunde mit Allergien. Aufgrund ihrer Gr\u00f6\u00dfe auch f\u00fcr kleinere Rassen geeignet.<\/p>\n<p><strong>Inhaltsstoffe:<\/strong> <\/p>\n<p> Kaninchenohren mit Fell, getrocknet Rohprotein 65,0%, Rohfett 28,5%, Feuchtigkeit 5,1%, Rohasche 1,9%<\/p>\n<p><strong>F\u00fctterungsempfehlung:<\/strong> <\/p>\n<p> Belohungssnack. Bitte stellen Sie Ihrem Vierbeiner immer gen\u00fcgend Wasser zur Verf\u00fcgung.<\/p>\n","protected":false},"excerpt":{"rendered":"<p>Kaninchenohren sind ein ideales Kauvergn\u00fcgen f\u00fcr Hunde mit Allergien. Aufgrund ihrer Gr\u00f6\u00dfe auch f\u00fcr kleinere Rassen geeignet. Inhaltsstoffe: Kaninchenohren mit Fell, getrocknet Rohprotein 65,0%, Rohfett 28,5%, Feuchtigkeit 5,1%, Rohasche 1,9% F\u00fctterungsempfehlung: Belohungssnack. Bitte stellen Sie Ihrem Vierbeiner immer gen\u00fcgend Wasser zur Verf\u00fcgung.<\/p>\n","protected":false},"featured_media":35195,"comment_status":"closed","ping_status":"open","template":"","meta":[],"product_cat":[13902],"product_tag":[],"class_list":{"0":"post-47956","1":"product","2":"type-product","3":"status-publish","4":"has-post-thumbnail","6":"product_cat-classic-trockenware","8":"first","9":"instock","10":"taxable","11":"shipping-taxable","12":"purchasable","13":"product-type-simple"},"_links":{"self":[{"href":"https:\/\/all-pets.de\/shop\/wp-json\/wp\/v2\/product\/47956","targetHints":{"allow":["GET"]}}],"collection":[{"href":"https:\/\/all-pets.de\/shop\/wp-json\/wp\/v2\/product"}],"about":[{"href":"https:\/\/all-pets.de\/shop\/wp-json\/wp\/v2\/types\/product"}],"replies":[{"embeddable":true,"href":"https:\/\/all-pets.de\/shop\/wp-json\/wp\/v2\/comments?post=47956"}],"wp:featuredmedia":[{"embeddable":true,"href":"https:\/\/all-pets.de\/shop\/wp-json\/wp\/v2\/media\/35195"}],"wp:attachment":[{"href":"https:\/\/all-pets.de\/shop\/wp-json\/wp\/v2\/media?parent=47956"}],"wp:term":[{"taxonomy":"product_cat","embeddable":true,"href":"https:\/\/all-pets.de\/shop\/wp-json\/wp\/v2\/product_cat?post=47956"},{"taxonomy":"product_tag","embeddable":true,"href":"https:\/\/all-pets.de\/shop\/wp-json\/wp\/v2\/product_tag?post=47956"}],"curies":[{"name":"wp","href":"https:\/\/api.w.org\/{rel}","templated":true}]}}