{"id":47969,"date":"2023-12-12T10:56:25","date_gmt":"2023-12-12T09:56:25","guid":{"rendered":"https:\/\/pet-shopping.de\/shop\/produkt\/trixie-kuschelhoehle-fuer-heizkoerper\/"},"modified":"2023-12-12T10:56:25","modified_gmt":"2023-12-12T09:56:25","slug":"trixie-kuschelhoehle-fuer-heizkoerper","status":"publish","type":"product","link":"https:\/\/all-pets.de\/shop\/produkt\/trixie-kuschelhoehle-fuer-heizkoerper\/","title":{"rendered":"Trixie Kuschelh\u00f6hle f\u00fcr Heizk\u00f6rper"},"content":{"rendered":"<ul>\n<li> mit Pl\u00fcsch\/M\u00f6belstoff-Bezug<\/li>\n<li>stabiler Metallrahmen<\/li>\n<li>mit verstellbarer Halterung (9\u201311 cm) <\/li>\n<li> f\u00fcr alle g\u00e4ngigen Heizk\u00f6rper <\/li>\n<li> mit Wendekissen: Handw\u00e4sche <\/li>\n<\/ul>\n<p>Ma\u00dfe: Durchmesser ca. 38 cm x 34 cm<br \/> Farbe: wei\u00df\/grau<\/p>\n","protected":false},"excerpt":{"rendered":"<p>mit Pl\u00fcsch\/M\u00f6belstoff-Bezug stabiler Metallrahmen mit verstellbarer Halterung (9\u201311 cm) f\u00fcr alle g\u00e4ngigen Heizk\u00f6rper mit Wendekissen: Handw\u00e4sche Ma\u00dfe: Durchmesser ca. 38 cm x 34 cm Farbe: wei\u00df\/grau<\/p>\n","protected":false},"featured_media":33204,"comment_status":"closed","ping_status":"open","template":"","meta":[],"product_cat":[14257],"product_tag":[],"class_list":{"0":"post-47969","1":"product","2":"type-product","3":"status-publish","4":"has-post-thumbnail","6":"product_cat-heizungsliegen","8":"first","9":"instock","10":"taxable","11":"shipping-taxable","12":"purchasable","13":"product-type-simple"},"_links":{"self":[{"href":"https:\/\/all-pets.de\/shop\/wp-json\/wp\/v2\/product\/47969","targetHints":{"allow":["GET"]}}],"collection":[{"href":"https:\/\/all-pets.de\/shop\/wp-json\/wp\/v2\/product"}],"about":[{"href":"https:\/\/all-pets.de\/shop\/wp-json\/wp\/v2\/types\/product"}],"replies":[{"embeddable":true,"href":"https:\/\/all-pets.de\/shop\/wp-json\/wp\/v2\/comments?post=47969"}],"wp:featuredmedia":[{"embeddable":true,"href":"https:\/\/all-pets.de\/shop\/wp-json\/wp\/v2\/media\/33204"}],"wp:attachment":[{"href":"https:\/\/all-pets.de\/shop\/wp-json\/wp\/v2\/media?parent=47969"}],"wp:term":[{"taxonomy":"product_cat","embeddable":true,"href":"https:\/\/all-pets.de\/shop\/wp-json\/wp\/v2\/product_cat?post=47969"},{"taxonomy":"product_tag","embeddable":true,"href":"https:\/\/all-pets.de\/shop\/wp-json\/wp\/v2\/product_tag?post=47969"}],"curies":[{"name":"wp","href":"https:\/\/api.w.org\/{rel}","templated":true}]}}