{"id":47973,"date":"2023-12-12T10:56:25","date_gmt":"2023-12-12T09:56:25","guid":{"rendered":"https:\/\/pet-shopping.de\/shop\/produkt\/trixie-fensterbank-auflage-nani\/"},"modified":"2023-12-12T10:56:26","modified_gmt":"2023-12-12T09:56:26","slug":"trixie-fensterbank-auflage-nani","status":"publish","type":"product","link":"https:\/\/all-pets.de\/shop\/produkt\/trixie-fensterbank-auflage-nani\/","title":{"rendered":"Trixie Fensterbank-Auflage Nani"},"content":{"rendered":"<ul>\n<li> Pl\u00fcsch-Bezug<\/li>\n<li>d\u00fcnne Schaumstoff-F\u00fcllung <\/li>\n<li> rutschfester Boden <\/li>\n<\/ul>\n<p>Ma\u00dfe: ca. 90 x 28 cm<br \/> Farbe: grau<\/p>\n","protected":false},"excerpt":{"rendered":"<p>Pl\u00fcsch-Bezug d\u00fcnne Schaumstoff-F\u00fcllung rutschfester Boden Ma\u00dfe: ca. 90 x 28 cm Farbe: grau<\/p>\n","protected":false},"featured_media":21071,"comment_status":"closed","ping_status":"open","template":"","meta":[],"product_cat":[14946],"product_tag":[],"class_list":{"0":"post-47973","1":"product","2":"type-product","3":"status-publish","4":"has-post-thumbnail","6":"product_cat-heizungsliegen-katzenbetten-katzenkoerbe-fensterbrettauflagenkatzenwelt-katzenbetten-katzenkoerbe-betten-sofaskatzenwelt","8":"first","9":"instock","10":"taxable","11":"shipping-taxable","12":"purchasable","13":"product-type-simple"},"_links":{"self":[{"href":"https:\/\/all-pets.de\/shop\/wp-json\/wp\/v2\/product\/47973","targetHints":{"allow":["GET"]}}],"collection":[{"href":"https:\/\/all-pets.de\/shop\/wp-json\/wp\/v2\/product"}],"about":[{"href":"https:\/\/all-pets.de\/shop\/wp-json\/wp\/v2\/types\/product"}],"replies":[{"embeddable":true,"href":"https:\/\/all-pets.de\/shop\/wp-json\/wp\/v2\/comments?post=47973"}],"wp:featuredmedia":[{"embeddable":true,"href":"https:\/\/all-pets.de\/shop\/wp-json\/wp\/v2\/media\/21071"}],"wp:attachment":[{"href":"https:\/\/all-pets.de\/shop\/wp-json\/wp\/v2\/media?parent=47973"}],"wp:term":[{"taxonomy":"product_cat","embeddable":true,"href":"https:\/\/all-pets.de\/shop\/wp-json\/wp\/v2\/product_cat?post=47973"},{"taxonomy":"product_tag","embeddable":true,"href":"https:\/\/all-pets.de\/shop\/wp-json\/wp\/v2\/product_tag?post=47973"}],"curies":[{"name":"wp","href":"https:\/\/api.w.org\/{rel}","templated":true}]}}