{"id":47974,"date":"2023-12-12T10:56:25","date_gmt":"2023-12-12T09:56:25","guid":{"rendered":"https:\/\/pet-shopping.de\/shop\/produkt\/classic-dog-snack-kalbsohren-mit-fell-1kg\/"},"modified":"2023-12-12T10:56:26","modified_gmt":"2023-12-12T09:56:26","slug":"classic-dog-snack-kalbsohren-mit-fell-1kg","status":"publish","type":"product","link":"https:\/\/all-pets.de\/shop\/produkt\/classic-dog-snack-kalbsohren-mit-fell-1kg\/","title":{"rendered":"Classic Dog Snack Kalbsohren mit Fell 1kg"},"content":{"rendered":"<p>Getrocknete Kalbsohren sind ein robuster Kauartikel selbst f\u00fcr gro\u00dfe und sehr gro\u00dfe Hunde. Geeignet auch f\u00fcr viele sensible Hunde und Allergiker. <\/p>\n<p><strong>Inhaltsstoffe:<\/strong><br \/> Kalbsohren mit Fell, getrocknet<br \/> Rohprotein 67,2%, Rohfett 5,4%, Feuchtigkeit 6,8%, Rohasche 11,2%<\/p>\n<p><strong>F\u00fctterungsempfehlung:<\/strong><br \/> Belohungssnack. Bitte stellen Sie Ihrem Vierbeiner immer gen\u00fcgend Wasser zur Verf\u00fcgung.<\/p>\n","protected":false},"excerpt":{"rendered":"<p>Getrocknete Kalbsohren sind ein robuster Kauartikel selbst f\u00fcr gro\u00dfe und sehr gro\u00dfe Hunde. Geeignet auch f\u00fcr viele sensible Hunde und Allergiker. Inhaltsstoffe: Kalbsohren mit Fell, getrocknet Rohprotein 67,2%, Rohfett 5,4%, Feuchtigkeit 6,8%, Rohasche 11,2% F\u00fctterungsempfehlung: Belohungssnack. Bitte stellen Sie Ihrem Vierbeiner immer gen\u00fcgend Wasser zur Verf\u00fcgung.<\/p>\n","protected":false},"featured_media":4355,"comment_status":"closed","ping_status":"open","template":"","meta":[],"product_cat":[13902],"product_tag":[],"class_list":{"0":"post-47974","1":"product","2":"type-product","3":"status-publish","4":"has-post-thumbnail","6":"product_cat-classic-trockenware","8":"first","9":"instock","10":"taxable","11":"shipping-taxable","12":"purchasable","13":"product-type-simple"},"_links":{"self":[{"href":"https:\/\/all-pets.de\/shop\/wp-json\/wp\/v2\/product\/47974","targetHints":{"allow":["GET"]}}],"collection":[{"href":"https:\/\/all-pets.de\/shop\/wp-json\/wp\/v2\/product"}],"about":[{"href":"https:\/\/all-pets.de\/shop\/wp-json\/wp\/v2\/types\/product"}],"replies":[{"embeddable":true,"href":"https:\/\/all-pets.de\/shop\/wp-json\/wp\/v2\/comments?post=47974"}],"wp:featuredmedia":[{"embeddable":true,"href":"https:\/\/all-pets.de\/shop\/wp-json\/wp\/v2\/media\/4355"}],"wp:attachment":[{"href":"https:\/\/all-pets.de\/shop\/wp-json\/wp\/v2\/media?parent=47974"}],"wp:term":[{"taxonomy":"product_cat","embeddable":true,"href":"https:\/\/all-pets.de\/shop\/wp-json\/wp\/v2\/product_cat?post=47974"},{"taxonomy":"product_tag","embeddable":true,"href":"https:\/\/all-pets.de\/shop\/wp-json\/wp\/v2\/product_tag?post=47974"}],"curies":[{"name":"wp","href":"https:\/\/api.w.org\/{rel}","templated":true}]}}