{"id":47975,"date":"2023-12-12T10:56:25","date_gmt":"2023-12-12T09:56:25","guid":{"rendered":"https:\/\/pet-shopping.de\/shop\/produkt\/trixie-spielangel-mit-fisch\/"},"modified":"2023-12-12T10:56:26","modified_gmt":"2023-12-12T09:56:26","slug":"trixie-spielangel-mit-fisch","status":"publish","type":"product","link":"https:\/\/all-pets.de\/shop\/produkt\/trixie-spielangel-mit-fisch\/","title":{"rendered":"Trixie Spielangel mit Fisch"},"content":{"rendered":"<p>Die Katzenangel mit dem niedlichen Pl\u00fcsch-Fisch regt mit seinem leckeren Catnip-Duft zum stundenlangen Spielspa\u00df an.<\/p>\n<p>L\u00e4nge: ca. 42 cm<\/p>\n","protected":false},"excerpt":{"rendered":"<p>Die Katzenangel mit dem niedlichen Pl\u00fcsch-Fisch regt mit seinem leckeren Catnip-Duft zum stundenlangen Spielspa\u00df an. L\u00e4nge: ca. 42 cm<\/p>\n","protected":false},"featured_media":18184,"comment_status":"closed","ping_status":"open","template":"","meta":[],"product_cat":[13881],"product_tag":[],"class_list":{"0":"post-47975","1":"product","2":"type-product","3":"status-publish","4":"has-post-thumbnail","6":"product_cat-katzenspielangeln-co-katzenspielzeug","8":"first","9":"instock","10":"taxable","11":"shipping-taxable","12":"purchasable","13":"product-type-simple"},"_links":{"self":[{"href":"https:\/\/all-pets.de\/shop\/wp-json\/wp\/v2\/product\/47975","targetHints":{"allow":["GET"]}}],"collection":[{"href":"https:\/\/all-pets.de\/shop\/wp-json\/wp\/v2\/product"}],"about":[{"href":"https:\/\/all-pets.de\/shop\/wp-json\/wp\/v2\/types\/product"}],"replies":[{"embeddable":true,"href":"https:\/\/all-pets.de\/shop\/wp-json\/wp\/v2\/comments?post=47975"}],"wp:featuredmedia":[{"embeddable":true,"href":"https:\/\/all-pets.de\/shop\/wp-json\/wp\/v2\/media\/18184"}],"wp:attachment":[{"href":"https:\/\/all-pets.de\/shop\/wp-json\/wp\/v2\/media?parent=47975"}],"wp:term":[{"taxonomy":"product_cat","embeddable":true,"href":"https:\/\/all-pets.de\/shop\/wp-json\/wp\/v2\/product_cat?post=47975"},{"taxonomy":"product_tag","embeddable":true,"href":"https:\/\/all-pets.de\/shop\/wp-json\/wp\/v2\/product_tag?post=47975"}],"curies":[{"name":"wp","href":"https:\/\/api.w.org\/{rel}","templated":true}]}}