{"id":47984,"date":"2023-12-12T10:56:28","date_gmt":"2023-12-12T09:56:28","guid":{"rendered":"https:\/\/pet-shopping.de\/shop\/produkt\/catit-catlove-kratzbrett-giraffe\/"},"modified":"2023-12-12T10:56:28","modified_gmt":"2023-12-12T09:56:28","slug":"catit-catlove-kratzbrett-giraffe","status":"publish","type":"product","link":"https:\/\/all-pets.de\/shop\/produkt\/catit-catlove-kratzbrett-giraffe\/","title":{"rendered":"CATIT CatLove Kratzbrett Giraffe"},"content":{"rendered":"<p>Katzen m\u00fcssen instinktiv kratzen. Das Kratzen tr\u00e4gt dazu bei, ihre Krallen zu sch\u00e4rfen und die abgestorbene \u00e4u\u00dfere Schicht der Krallen abzureiben. Au\u00dferdem dehnen und bewegen sie ihren K\u00f6rper dabei und bauen so Energie ab.<\/p>\n<p>Die Catit Kratzbretter mit Katzenminze bieten Ihrer Katze eine geriffelte Kratzfl\u00e4che. Des Weiteren tragen sie dazu bei, Ihre M\u00f6bel vor Besch\u00e4digungen durch die Krallen zu sch\u00fctzen.<\/p>\n<p>Die Catit Kratzbretter verbinden zeitgen\u00f6ssische Formen mit modernen Mustern und sind so eine moderne Abwechslung zu herk\u00f6mmlichen Kratzbrettern.<\/p>\n<p>Dieses geriffelte Kratzbrett aus Pappe hat die Form einer Welle mit Giraffenmuster an den Seiten.<\/p>\n<p>Ma\u00dfe: ca. 44 x 23 x 6,5 cm (LxBxH)<\/p>\n","protected":false},"excerpt":{"rendered":"<p>Katzen m\u00fcssen instinktiv kratzen. Das Kratzen tr\u00e4gt dazu bei, ihre Krallen zu sch\u00e4rfen und die abgestorbene \u00e4u\u00dfere Schicht der Krallen abzureiben. Au\u00dferdem dehnen und bewegen sie ihren K\u00f6rper dabei und bauen so Energie ab. Die Catit Kratzbretter mit Katzenminze bieten Ihrer Katze eine geriffelte Kratzfl\u00e4che. Des Weiteren tragen sie dazu bei, Ihre M\u00f6bel vor Besch\u00e4digungen [&hellip;]<\/p>\n","protected":false},"featured_media":2503,"comment_status":"closed","ping_status":"open","template":"","meta":[],"product_cat":[14595],"product_tag":[],"class_list":{"0":"post-47984","1":"product","2":"type-product","3":"status-publish","4":"has-post-thumbnail","6":"product_cat-kratzbretter-artikel-kratzbaeume-moebel","8":"first","9":"instock","10":"taxable","11":"shipping-taxable","12":"purchasable","13":"product-type-simple"},"_links":{"self":[{"href":"https:\/\/all-pets.de\/shop\/wp-json\/wp\/v2\/product\/47984","targetHints":{"allow":["GET"]}}],"collection":[{"href":"https:\/\/all-pets.de\/shop\/wp-json\/wp\/v2\/product"}],"about":[{"href":"https:\/\/all-pets.de\/shop\/wp-json\/wp\/v2\/types\/product"}],"replies":[{"embeddable":true,"href":"https:\/\/all-pets.de\/shop\/wp-json\/wp\/v2\/comments?post=47984"}],"wp:featuredmedia":[{"embeddable":true,"href":"https:\/\/all-pets.de\/shop\/wp-json\/wp\/v2\/media\/2503"}],"wp:attachment":[{"href":"https:\/\/all-pets.de\/shop\/wp-json\/wp\/v2\/media?parent=47984"}],"wp:term":[{"taxonomy":"product_cat","embeddable":true,"href":"https:\/\/all-pets.de\/shop\/wp-json\/wp\/v2\/product_cat?post=47984"},{"taxonomy":"product_tag","embeddable":true,"href":"https:\/\/all-pets.de\/shop\/wp-json\/wp\/v2\/product_tag?post=47984"}],"curies":[{"name":"wp","href":"https:\/\/api.w.org\/{rel}","templated":true}]}}