{"id":47986,"date":"2023-12-12T10:56:28","date_gmt":"2023-12-12T09:56:28","guid":{"rendered":"https:\/\/pet-shopping.de\/shop\/produkt\/country-dog-oliver\/"},"modified":"2023-12-12T10:56:28","modified_gmt":"2023-12-12T09:56:28","slug":"country-dog-oliver","status":"publish","type":"product","link":"https:\/\/all-pets.de\/shop\/produkt\/country-dog-oliver\/","title":{"rendered":"Country Dog Oliver"},"content":{"rendered":"<p><span>Dieses coole Leinenstoff Kuscheltier f\u00fcr Ihren Hund, versteckt im Inneren einen spannenden Quietscher und eine raschelnde F\u00fcllung f\u00fcr extra Spielspa\u00df.<\/span><\/p>\n<p><span>Gr\u00f6\u00dfe: ca. 21 x 21 cm <br \/><\/span><\/p>\n","protected":false},"excerpt":{"rendered":"<p>Dieses coole Leinenstoff Kuscheltier f\u00fcr Ihren Hund, versteckt im Inneren einen spannenden Quietscher und eine raschelnde F\u00fcllung f\u00fcr extra Spielspa\u00df. Gr\u00f6\u00dfe: ca. 21 x 21 cm<\/p>\n","protected":false},"featured_media":9081,"comment_status":"closed","ping_status":"open","template":"","meta":[],"product_cat":[14953],"product_tag":[],"class_list":{"0":"post-47986","1":"product","2":"type-product","3":"status-publish","4":"has-post-thumbnail","6":"product_cat-nachhaltiges-hundespielzeug-hundespielzeug-sport-squeekerhundewelt-hundespielzeug-sport-baumwoll-spielzeughundewelt","8":"first","9":"instock","10":"taxable","11":"shipping-taxable","12":"purchasable","13":"product-type-simple"},"_links":{"self":[{"href":"https:\/\/all-pets.de\/shop\/wp-json\/wp\/v2\/product\/47986","targetHints":{"allow":["GET"]}}],"collection":[{"href":"https:\/\/all-pets.de\/shop\/wp-json\/wp\/v2\/product"}],"about":[{"href":"https:\/\/all-pets.de\/shop\/wp-json\/wp\/v2\/types\/product"}],"replies":[{"embeddable":true,"href":"https:\/\/all-pets.de\/shop\/wp-json\/wp\/v2\/comments?post=47986"}],"wp:featuredmedia":[{"embeddable":true,"href":"https:\/\/all-pets.de\/shop\/wp-json\/wp\/v2\/media\/9081"}],"wp:attachment":[{"href":"https:\/\/all-pets.de\/shop\/wp-json\/wp\/v2\/media?parent=47986"}],"wp:term":[{"taxonomy":"product_cat","embeddable":true,"href":"https:\/\/all-pets.de\/shop\/wp-json\/wp\/v2\/product_cat?post=47986"},{"taxonomy":"product_tag","embeddable":true,"href":"https:\/\/all-pets.de\/shop\/wp-json\/wp\/v2\/product_tag?post=47986"}],"curies":[{"name":"wp","href":"https:\/\/api.w.org\/{rel}","templated":true}]}}