{"id":47994,"date":"2023-12-12T10:56:28","date_gmt":"2023-12-12T09:56:28","guid":{"rendered":"https:\/\/pet-shopping.de\/shop\/produkt\/crazy-cat-wacko-orange-mit-100-catnip\/"},"modified":"2023-12-12T10:56:30","modified_gmt":"2023-12-12T09:56:30","slug":"crazy-cat-wacko-orange-mit-100-catnip","status":"publish","type":"product","link":"https:\/\/all-pets.de\/shop\/produkt\/crazy-cat-wacko-orange-mit-100-catnip\/","title":{"rendered":"CRAZY CAT Wacko Orange mit 100% Catnip"},"content":{"rendered":"<p><span class=\"s1\">Einfach unwiderstehlich f\u00fcr Katzen! 100% gef\u00fcllt mit Katzenkraut (Catnip). <\/span><span class=\"s1\"><\/span><span>Diese niedlichen Wacko&#8217;s haben einen weichen und kuscheligen Kopf und einen Bauch aus Tau. Die Federn und die Glocke am Schwanz sorgen f\u00fcr extra Spa\u00df.<\/span><\/p>\n<p>L\u00e4nge: ca. 17 cm <\/p>\n","protected":false},"excerpt":{"rendered":"<p>Einfach unwiderstehlich f\u00fcr Katzen! 100% gef\u00fcllt mit Katzenkraut (Catnip). Diese niedlichen Wacko&#8217;s haben einen weichen und kuscheligen Kopf und einen Bauch aus Tau. Die Federn und die Glocke am Schwanz sorgen f\u00fcr extra Spa\u00df. L\u00e4nge: ca. 17 cm<\/p>\n","protected":false},"featured_media":20277,"comment_status":"closed","ping_status":"open","template":"","meta":[],"product_cat":[13702],"product_tag":[],"class_list":{"0":"post-47994","1":"product","2":"type-product","3":"status-publish","4":"has-post-thumbnail","6":"product_cat-catnip-baldrian-spielzeug-katzenspielzeug","8":"first","9":"instock","10":"taxable","11":"shipping-taxable","12":"purchasable","13":"product-type-simple"},"_links":{"self":[{"href":"https:\/\/all-pets.de\/shop\/wp-json\/wp\/v2\/product\/47994","targetHints":{"allow":["GET"]}}],"collection":[{"href":"https:\/\/all-pets.de\/shop\/wp-json\/wp\/v2\/product"}],"about":[{"href":"https:\/\/all-pets.de\/shop\/wp-json\/wp\/v2\/types\/product"}],"replies":[{"embeddable":true,"href":"https:\/\/all-pets.de\/shop\/wp-json\/wp\/v2\/comments?post=47994"}],"wp:featuredmedia":[{"embeddable":true,"href":"https:\/\/all-pets.de\/shop\/wp-json\/wp\/v2\/media\/20277"}],"wp:attachment":[{"href":"https:\/\/all-pets.de\/shop\/wp-json\/wp\/v2\/media?parent=47994"}],"wp:term":[{"taxonomy":"product_cat","embeddable":true,"href":"https:\/\/all-pets.de\/shop\/wp-json\/wp\/v2\/product_cat?post=47994"},{"taxonomy":"product_tag","embeddable":true,"href":"https:\/\/all-pets.de\/shop\/wp-json\/wp\/v2\/product_tag?post=47994"}],"curies":[{"name":"wp","href":"https:\/\/api.w.org\/{rel}","templated":true}]}}