{"id":47996,"date":"2023-12-12T10:56:28","date_gmt":"2023-12-12T09:56:28","guid":{"rendered":"https:\/\/pet-shopping.de\/shop\/produkt\/crazy-cat-funny-bird-mit-100-catnip\/"},"modified":"2023-12-12T10:56:30","modified_gmt":"2023-12-12T09:56:30","slug":"crazy-cat-funny-bird-mit-100-catnip","status":"publish","type":"product","link":"https:\/\/all-pets.de\/shop\/produkt\/crazy-cat-funny-bird-mit-100-catnip\/","title":{"rendered":"CRAZY CAT Funny Bird mit 100% Catnip"},"content":{"rendered":"<p><span class=\"s1\">Einfach unwiderstehlich f\u00fcr Katzen! 100% gef\u00fcllt mit Katzenkraut (Catnip).\u00a0<\/span><span>Dieser niedliche kleine Vogel hat einen weichen und kuscheligen K\u00f6per, einen Bauch aus Pappe zum Kratzen. Die Federfl\u00fcgel und die Glocke auf dem Schwanz sorgen f\u00fcr extra Spielspa\u00df.<\/span><span><\/span><\/p>\n<p>L\u00e4nge: ca. 15 cm <\/p>\n","protected":false},"excerpt":{"rendered":"<p>Einfach unwiderstehlich f\u00fcr Katzen! 100% gef\u00fcllt mit Katzenkraut (Catnip).\u00a0Dieser niedliche kleine Vogel hat einen weichen und kuscheligen K\u00f6per, einen Bauch aus Pappe zum Kratzen. Die Federfl\u00fcgel und die Glocke auf dem Schwanz sorgen f\u00fcr extra Spielspa\u00df. L\u00e4nge: ca. 15 cm<\/p>\n","protected":false},"featured_media":20141,"comment_status":"closed","ping_status":"open","template":"","meta":[],"product_cat":[13702],"product_tag":[],"class_list":{"0":"post-47996","1":"product","2":"type-product","3":"status-publish","4":"has-post-thumbnail","6":"product_cat-catnip-baldrian-spielzeug-katzenspielzeug","8":"first","9":"instock","10":"taxable","11":"shipping-taxable","12":"purchasable","13":"product-type-simple"},"_links":{"self":[{"href":"https:\/\/all-pets.de\/shop\/wp-json\/wp\/v2\/product\/47996","targetHints":{"allow":["GET"]}}],"collection":[{"href":"https:\/\/all-pets.de\/shop\/wp-json\/wp\/v2\/product"}],"about":[{"href":"https:\/\/all-pets.de\/shop\/wp-json\/wp\/v2\/types\/product"}],"replies":[{"embeddable":true,"href":"https:\/\/all-pets.de\/shop\/wp-json\/wp\/v2\/comments?post=47996"}],"wp:featuredmedia":[{"embeddable":true,"href":"https:\/\/all-pets.de\/shop\/wp-json\/wp\/v2\/media\/20141"}],"wp:attachment":[{"href":"https:\/\/all-pets.de\/shop\/wp-json\/wp\/v2\/media?parent=47996"}],"wp:term":[{"taxonomy":"product_cat","embeddable":true,"href":"https:\/\/all-pets.de\/shop\/wp-json\/wp\/v2\/product_cat?post=47996"},{"taxonomy":"product_tag","embeddable":true,"href":"https:\/\/all-pets.de\/shop\/wp-json\/wp\/v2\/product_tag?post=47996"}],"curies":[{"name":"wp","href":"https:\/\/api.w.org\/{rel}","templated":true}]}}