{"id":48002,"date":"2023-12-12T10:56:28","date_gmt":"2023-12-12T09:56:28","guid":{"rendered":"https:\/\/pet-shopping.de\/shop\/produkt\/trixie-kuschelplatz-antonia\/"},"modified":"2023-12-12T10:56:30","modified_gmt":"2023-12-12T09:56:30","slug":"trixie-kuschelplatz-antonia","status":"publish","type":"product","link":"https:\/\/all-pets.de\/shop\/produkt\/trixie-kuschelplatz-antonia\/","title":{"rendered":"Trixie Kuschelplatz Antonia"},"content":{"rendered":"<p>Der dekorative und formstabile Kuschelplatz Antonia bietet in seinem Inneren einen kuscheliges Pl\u00e4tzchen zum Z\u00fcruckziehen und Schlummern. Der Filz (Polyester) aus dem der Liegeplatz besteht ist isolierend und schmutzabweisend. Durch Druckkn\u00f6pfe oben und seitlich l\u00e4sst sich der Kuschelplatz \u00f6ffnen und schlie\u00dfen. Zudem ist er mit einem Griff versehen. Die H\u00f6hle l\u00e4sst sich per Handw\u00e4sche reinigen.<\/p>\n<p>Gr\u00f6\u00dfe: ca. 40 x 48 x 40 cm<br \/> Farbe: grau<\/p>\n","protected":false},"excerpt":{"rendered":"<p>Der dekorative und formstabile Kuschelplatz Antonia bietet in seinem Inneren einen kuscheliges Pl\u00e4tzchen zum Z\u00fcruckziehen und Schlummern. Der Filz (Polyester) aus dem der Liegeplatz besteht ist isolierend und schmutzabweisend. Durch Druckkn\u00f6pfe oben und seitlich l\u00e4sst sich der Kuschelplatz \u00f6ffnen und schlie\u00dfen. Zudem ist er mit einem Griff versehen. Die H\u00f6hle l\u00e4sst sich per Handw\u00e4sche reinigen. [&hellip;]<\/p>\n","protected":false},"featured_media":25356,"comment_status":"closed","ping_status":"open","template":"","meta":[],"product_cat":[14957],"product_tag":[],"class_list":{"0":"post-48002","1":"product","2":"type-product","3":"status-publish","4":"has-post-thumbnail","6":"product_cat-betten-sofas-katzenbetten-katzenkoerbe-haeuser-hoehlenkatzenwelt","8":"first","9":"instock","10":"taxable","11":"shipping-taxable","12":"purchasable","13":"product-type-simple"},"_links":{"self":[{"href":"https:\/\/all-pets.de\/shop\/wp-json\/wp\/v2\/product\/48002","targetHints":{"allow":["GET"]}}],"collection":[{"href":"https:\/\/all-pets.de\/shop\/wp-json\/wp\/v2\/product"}],"about":[{"href":"https:\/\/all-pets.de\/shop\/wp-json\/wp\/v2\/types\/product"}],"replies":[{"embeddable":true,"href":"https:\/\/all-pets.de\/shop\/wp-json\/wp\/v2\/comments?post=48002"}],"wp:featuredmedia":[{"embeddable":true,"href":"https:\/\/all-pets.de\/shop\/wp-json\/wp\/v2\/media\/25356"}],"wp:attachment":[{"href":"https:\/\/all-pets.de\/shop\/wp-json\/wp\/v2\/media?parent=48002"}],"wp:term":[{"taxonomy":"product_cat","embeddable":true,"href":"https:\/\/all-pets.de\/shop\/wp-json\/wp\/v2\/product_cat?post=48002"},{"taxonomy":"product_tag","embeddable":true,"href":"https:\/\/all-pets.de\/shop\/wp-json\/wp\/v2\/product_tag?post=48002"}],"curies":[{"name":"wp","href":"https:\/\/api.w.org\/{rel}","templated":true}]}}