{"id":48005,"date":"2023-12-12T10:56:32","date_gmt":"2023-12-12T09:56:32","guid":{"rendered":"https:\/\/pet-shopping.de\/shop\/produkt\/hugro-rodiflax-flachs-leinenstreu-20l\/"},"modified":"2023-12-12T10:56:32","modified_gmt":"2023-12-12T09:56:32","slug":"hugro-rodiflax-flachs-leinenstreu-20l","status":"publish","type":"product","link":"https:\/\/all-pets.de\/shop\/produkt\/hugro-rodiflax-flachs-leinenstreu-20l\/","title":{"rendered":"Hugro Rodiflax Flachs-\/Leinenstreu 20l"},"content":{"rendered":"<p class=\"bodytext\"><strong> Rodiflax\u00ae Flachsstreu\u00a0<\/strong>f\u00fcr Heimtiere <\/p>\n<p class=\"bodytext\">\u00a0<\/p>\n<ul>\n<li>100 % Original Flachsstreu<\/li>\n<li>staubfrei<\/li>\n<li>absorbiert Fl\u00fcssigkeit<\/li>\n<li>sehr sparsam<\/li>\n<li>biologisch abbaubar<\/li>\n<li>Entsorgung \u00fcber Biom\u00fcll m\u00f6glich<\/li>\n<li>Inhalt 20 Liter (2 kg)<\/li>\n<\/ul>\n","protected":false},"excerpt":{"rendered":"<p>Rodiflax\u00ae Flachsstreu\u00a0f\u00fcr Heimtiere \u00a0 100 % Original Flachsstreu staubfrei absorbiert Fl\u00fcssigkeit sehr sparsam biologisch abbaubar Entsorgung \u00fcber Biom\u00fcll m\u00f6glich Inhalt 20 Liter (2 kg)<\/p>\n","protected":false},"featured_media":4900,"comment_status":"closed","ping_status":"open","template":"","meta":[],"product_cat":[14001],"product_tag":[],"class_list":{"0":"post-48005","1":"product","2":"type-product","3":"status-publish","4":"has-post-thumbnail","6":"product_cat-einstreu-nistmaterial-ausstattung-zubehoer-kleintierwelt","8":"first","9":"instock","10":"taxable","11":"shipping-taxable","12":"purchasable","13":"product-type-simple"},"_links":{"self":[{"href":"https:\/\/all-pets.de\/shop\/wp-json\/wp\/v2\/product\/48005","targetHints":{"allow":["GET"]}}],"collection":[{"href":"https:\/\/all-pets.de\/shop\/wp-json\/wp\/v2\/product"}],"about":[{"href":"https:\/\/all-pets.de\/shop\/wp-json\/wp\/v2\/types\/product"}],"replies":[{"embeddable":true,"href":"https:\/\/all-pets.de\/shop\/wp-json\/wp\/v2\/comments?post=48005"}],"wp:featuredmedia":[{"embeddable":true,"href":"https:\/\/all-pets.de\/shop\/wp-json\/wp\/v2\/media\/4900"}],"wp:attachment":[{"href":"https:\/\/all-pets.de\/shop\/wp-json\/wp\/v2\/media?parent=48005"}],"wp:term":[{"taxonomy":"product_cat","embeddable":true,"href":"https:\/\/all-pets.de\/shop\/wp-json\/wp\/v2\/product_cat?post=48005"},{"taxonomy":"product_tag","embeddable":true,"href":"https:\/\/all-pets.de\/shop\/wp-json\/wp\/v2\/product_tag?post=48005"}],"curies":[{"name":"wp","href":"https:\/\/api.w.org\/{rel}","templated":true}]}}