{"id":48009,"date":"2023-12-12T10:56:32","date_gmt":"2023-12-12T09:56:32","guid":{"rendered":"https:\/\/pet-shopping.de\/shop\/produkt\/trixie-kuschelhoehle-anton-fuer-regal\/"},"modified":"2023-12-12T10:56:33","modified_gmt":"2023-12-12T09:56:33","slug":"trixie-kuschelhoehle-anton-fuer-regal","status":"publish","type":"product","link":"https:\/\/all-pets.de\/shop\/produkt\/trixie-kuschelhoehle-anton-fuer-regal\/","title":{"rendered":"Trixie Kuschelh\u00f6hle Anton f\u00fcr Regal"},"content":{"rendered":"<ul>\n<li> Filz (Polyester) <\/li>\n<li> faltbar <\/li>\n<li> isolierend und schmutzabweisend <\/li>\n<li> passend f\u00fcr z. B. IKEA Kallax oder Expedit Regale <\/li>\n<\/ul>\n<p>Gr\u00f6\u00dfe: ca. 33 x 33 x 37 cm<br \/> Farbe: grau<\/p>\n","protected":false},"excerpt":{"rendered":"<p>Filz (Polyester) faltbar isolierend und schmutzabweisend passend f\u00fcr z. B. IKEA Kallax oder Expedit Regale Gr\u00f6\u00dfe: ca. 33 x 33 x 37 cm Farbe: grau<\/p>\n","protected":false},"featured_media":6022,"comment_status":"closed","ping_status":"open","template":"","meta":[],"product_cat":[13705],"product_tag":[],"class_list":{"0":"post-48009","1":"product","2":"type-product","3":"status-publish","4":"has-post-thumbnail","6":"product_cat-haeuser-hoehlen","8":"first","9":"instock","10":"taxable","11":"shipping-taxable","12":"purchasable","13":"product-type-simple"},"_links":{"self":[{"href":"https:\/\/all-pets.de\/shop\/wp-json\/wp\/v2\/product\/48009","targetHints":{"allow":["GET"]}}],"collection":[{"href":"https:\/\/all-pets.de\/shop\/wp-json\/wp\/v2\/product"}],"about":[{"href":"https:\/\/all-pets.de\/shop\/wp-json\/wp\/v2\/types\/product"}],"replies":[{"embeddable":true,"href":"https:\/\/all-pets.de\/shop\/wp-json\/wp\/v2\/comments?post=48009"}],"wp:featuredmedia":[{"embeddable":true,"href":"https:\/\/all-pets.de\/shop\/wp-json\/wp\/v2\/media\/6022"}],"wp:attachment":[{"href":"https:\/\/all-pets.de\/shop\/wp-json\/wp\/v2\/media?parent=48009"}],"wp:term":[{"taxonomy":"product_cat","embeddable":true,"href":"https:\/\/all-pets.de\/shop\/wp-json\/wp\/v2\/product_cat?post=48009"},{"taxonomy":"product_tag","embeddable":true,"href":"https:\/\/all-pets.de\/shop\/wp-json\/wp\/v2\/product_tag?post=48009"}],"curies":[{"name":"wp","href":"https:\/\/api.w.org\/{rel}","templated":true}]}}