{"id":48013,"date":"2023-12-12T10:56:32","date_gmt":"2023-12-12T09:56:32","guid":{"rendered":"https:\/\/pet-shopping.de\/shop\/produkt\/trixie-keramik-traenke-zum-aufhaengen\/"},"modified":"2023-12-12T10:56:33","modified_gmt":"2023-12-12T09:56:33","slug":"trixie-keramik-traenke-zum-aufhaengen","status":"publish","type":"product","link":"https:\/\/all-pets.de\/shop\/produkt\/trixie-keramik-traenke-zum-aufhaengen\/","title":{"rendered":"Trixie Keramik-Tr\u00e4nke zum Aufh\u00e4ngen"},"content":{"rendered":"<p>Die sch\u00f6ne Keramik-Tr\u00e4nke ist ganzj\u00e4hrig nutzbar und kann ebenso als Futter- oder Badeschale genutzt werden. Sie wird einfach aufgeh\u00e4ngt. Ein toller Blickfang im Garten oder auf dem Balkon.<\/p>\n<p>Durchmesser: ca. 21 cm<br \/> Fassungsverm\u00f6gen: ca. 500 ml<\/p>\n","protected":false},"excerpt":{"rendered":"<p>Die sch\u00f6ne Keramik-Tr\u00e4nke ist ganzj\u00e4hrig nutzbar und kann ebenso als Futter- oder Badeschale genutzt werden. Sie wird einfach aufgeh\u00e4ngt. Ein toller Blickfang im Garten oder auf dem Balkon. Durchmesser: ca. 21 cm Fassungsverm\u00f6gen: ca. 500 ml<\/p>\n","protected":false},"featured_media":1331,"comment_status":"closed","ping_status":"open","template":"","meta":[],"product_cat":[14587],"product_tag":[],"class_list":{"0":"post-48013","1":"product","2":"type-product","3":"status-publish","4":"has-post-thumbnail","6":"product_cat-vogelnaepfe-vogeltraenken-ausstattung-zubehoer-futterhaeuser-nistkaestenvogelwelt-vogelwelt","8":"first","9":"instock","10":"taxable","11":"shipping-taxable","12":"purchasable","13":"product-type-simple"},"_links":{"self":[{"href":"https:\/\/all-pets.de\/shop\/wp-json\/wp\/v2\/product\/48013","targetHints":{"allow":["GET"]}}],"collection":[{"href":"https:\/\/all-pets.de\/shop\/wp-json\/wp\/v2\/product"}],"about":[{"href":"https:\/\/all-pets.de\/shop\/wp-json\/wp\/v2\/types\/product"}],"replies":[{"embeddable":true,"href":"https:\/\/all-pets.de\/shop\/wp-json\/wp\/v2\/comments?post=48013"}],"wp:featuredmedia":[{"embeddable":true,"href":"https:\/\/all-pets.de\/shop\/wp-json\/wp\/v2\/media\/1331"}],"wp:attachment":[{"href":"https:\/\/all-pets.de\/shop\/wp-json\/wp\/v2\/media?parent=48013"}],"wp:term":[{"taxonomy":"product_cat","embeddable":true,"href":"https:\/\/all-pets.de\/shop\/wp-json\/wp\/v2\/product_cat?post=48013"},{"taxonomy":"product_tag","embeddable":true,"href":"https:\/\/all-pets.de\/shop\/wp-json\/wp\/v2\/product_tag?post=48013"}],"curies":[{"name":"wp","href":"https:\/\/api.w.org\/{rel}","templated":true}]}}