{"id":48014,"date":"2023-12-12T10:56:32","date_gmt":"2023-12-12T09:56:32","guid":{"rendered":"https:\/\/pet-shopping.de\/shop\/produkt\/trixie-kuschelhoehle-ella-fuer-regal\/"},"modified":"2023-12-12T10:56:33","modified_gmt":"2023-12-12T09:56:33","slug":"trixie-kuschelhoehle-ella-fuer-regal","status":"publish","type":"product","link":"https:\/\/all-pets.de\/shop\/produkt\/trixie-kuschelhoehle-ella-fuer-regal\/","title":{"rendered":"Trixie Kuschelh\u00f6hle Ella f\u00fcr Regal"},"content":{"rendered":"<p>Die Kuschelh\u00f6hle Ella ist mit einem modernen Webstoff bezogen und ist faltbar. Sie passt perfekt in z.B. IKEA Kallax oder Expedit Regale. F\u00fcr ein bequemes Pl\u00e4tzchen sorgt das Wendekissen mit Pl\u00fcsch-Bezug, welches per Handw\u00e4sche gereingt werden kann.<\/p>\n<p>Ma\u00dfe: ca. 33 x 33 x 37 cm<br \/> Farbe: grau<\/p>\n","protected":false},"excerpt":{"rendered":"<p>Die Kuschelh\u00f6hle Ella ist mit einem modernen Webstoff bezogen und ist faltbar. Sie passt perfekt in z.B. IKEA Kallax oder Expedit Regale. F\u00fcr ein bequemes Pl\u00e4tzchen sorgt das Wendekissen mit Pl\u00fcsch-Bezug, welches per Handw\u00e4sche gereingt werden kann. Ma\u00dfe: ca. 33 x 33 x 37 cm Farbe: grau<\/p>\n","protected":false},"featured_media":17551,"comment_status":"closed","ping_status":"open","template":"","meta":[],"product_cat":[13705],"product_tag":[],"class_list":{"0":"post-48014","1":"product","2":"type-product","3":"status-publish","4":"has-post-thumbnail","6":"product_cat-haeuser-hoehlen","8":"first","9":"instock","10":"taxable","11":"shipping-taxable","12":"purchasable","13":"product-type-simple"},"_links":{"self":[{"href":"https:\/\/all-pets.de\/shop\/wp-json\/wp\/v2\/product\/48014","targetHints":{"allow":["GET"]}}],"collection":[{"href":"https:\/\/all-pets.de\/shop\/wp-json\/wp\/v2\/product"}],"about":[{"href":"https:\/\/all-pets.de\/shop\/wp-json\/wp\/v2\/types\/product"}],"replies":[{"embeddable":true,"href":"https:\/\/all-pets.de\/shop\/wp-json\/wp\/v2\/comments?post=48014"}],"wp:featuredmedia":[{"embeddable":true,"href":"https:\/\/all-pets.de\/shop\/wp-json\/wp\/v2\/media\/17551"}],"wp:attachment":[{"href":"https:\/\/all-pets.de\/shop\/wp-json\/wp\/v2\/media?parent=48014"}],"wp:term":[{"taxonomy":"product_cat","embeddable":true,"href":"https:\/\/all-pets.de\/shop\/wp-json\/wp\/v2\/product_cat?post=48014"},{"taxonomy":"product_tag","embeddable":true,"href":"https:\/\/all-pets.de\/shop\/wp-json\/wp\/v2\/product_tag?post=48014"}],"curies":[{"name":"wp","href":"https:\/\/api.w.org\/{rel}","templated":true}]}}