{"id":48015,"date":"2023-12-12T10:56:32","date_gmt":"2023-12-12T09:56:32","guid":{"rendered":"https:\/\/pet-shopping.de\/shop\/produkt\/trixie-matatabi-kaustangen-10-g\/"},"modified":"2023-12-12T10:56:33","modified_gmt":"2023-12-12T09:56:33","slug":"trixie-matatabi-kaustangen-10-g","status":"publish","type":"product","link":"https:\/\/all-pets.de\/shop\/produkt\/trixie-matatabi-kaustangen-10-g\/","title":{"rendered":"Trixie Matatabi Kaustangen &#8211; 10 g"},"content":{"rendered":"<p>Die Matatabi Kaustangen bestehen aus 100% nat\u00fcrlichem Matatabi. Der spielanregende Duft l\u00e4sst Katzenherzen h\u00f6her schlagen und das Bei\u00dfen auf dem Stangen unterst\u00fctzt zus\u00e4tzlich die Zahnpflege.<\/p>\n<p>Inhalt: ca. 10 g<\/p>\n","protected":false},"excerpt":{"rendered":"<p>Die Matatabi Kaustangen bestehen aus 100% nat\u00fcrlichem Matatabi. Der spielanregende Duft l\u00e4sst Katzenherzen h\u00f6her schlagen und das Bei\u00dfen auf dem Stangen unterst\u00fctzt zus\u00e4tzlich die Zahnpflege. Inhalt: ca. 10 g<\/p>\n","protected":false},"featured_media":23026,"comment_status":"closed","ping_status":"open","template":"","meta":[],"product_cat":[13702],"product_tag":[],"class_list":{"0":"post-48015","1":"product","2":"type-product","3":"status-publish","4":"has-post-thumbnail","6":"product_cat-catnip-baldrian-spielzeug-katzenspielzeug","8":"first","9":"instock","10":"taxable","11":"shipping-taxable","12":"purchasable","13":"product-type-simple"},"_links":{"self":[{"href":"https:\/\/all-pets.de\/shop\/wp-json\/wp\/v2\/product\/48015","targetHints":{"allow":["GET"]}}],"collection":[{"href":"https:\/\/all-pets.de\/shop\/wp-json\/wp\/v2\/product"}],"about":[{"href":"https:\/\/all-pets.de\/shop\/wp-json\/wp\/v2\/types\/product"}],"replies":[{"embeddable":true,"href":"https:\/\/all-pets.de\/shop\/wp-json\/wp\/v2\/comments?post=48015"}],"wp:featuredmedia":[{"embeddable":true,"href":"https:\/\/all-pets.de\/shop\/wp-json\/wp\/v2\/media\/23026"}],"wp:attachment":[{"href":"https:\/\/all-pets.de\/shop\/wp-json\/wp\/v2\/media?parent=48015"}],"wp:term":[{"taxonomy":"product_cat","embeddable":true,"href":"https:\/\/all-pets.de\/shop\/wp-json\/wp\/v2\/product_cat?post=48015"},{"taxonomy":"product_tag","embeddable":true,"href":"https:\/\/all-pets.de\/shop\/wp-json\/wp\/v2\/product_tag?post=48015"}],"curies":[{"name":"wp","href":"https:\/\/api.w.org\/{rel}","templated":true}]}}