{"id":48016,"date":"2023-12-12T10:56:32","date_gmt":"2023-12-12T09:56:32","guid":{"rendered":"https:\/\/pet-shopping.de\/shop\/produkt\/trixie-xxl-vorleger-fuer-katzentoiletten\/"},"modified":"2023-12-12T10:56:33","modified_gmt":"2023-12-12T09:56:33","slug":"trixie-xxl-vorleger-fuer-katzentoiletten","status":"publish","type":"product","link":"https:\/\/all-pets.de\/shop\/produkt\/trixie-xxl-vorleger-fuer-katzentoiletten\/","title":{"rendered":"Trixie XXL Vorleger f\u00fcr Katzentoiletten"},"content":{"rendered":"<p>Dieser XXL Vorleger f\u00fcr Katzentoiletten bietet mit seinen Ma\u00dfen von ca. 60 x 90 cm viel Platz. Er eignet sich f\u00fcr alle Katzentoiletten und befreit die Pfoten Ihrer Katze von Katzenstreu. Der rutschfeste Vorleger aus PVC eignet sich besonders f\u00fcr empfindliche Katzen und auch f\u00fcr Ultrastreu.<\/p>\n<p>Ma\u00dfe: ca. 60 x 90 cm<br \/> Farbe: anthrazit<\/p>\n","protected":false},"excerpt":{"rendered":"<p>Dieser XXL Vorleger f\u00fcr Katzentoiletten bietet mit seinen Ma\u00dfen von ca. 60 x 90 cm viel Platz. Er eignet sich f\u00fcr alle Katzentoiletten und befreit die Pfoten Ihrer Katze von Katzenstreu. Der rutschfeste Vorleger aus PVC eignet sich besonders f\u00fcr empfindliche Katzen und auch f\u00fcr Ultrastreu. Ma\u00dfe: ca. 60 x 90 cm Farbe: anthrazit<\/p>\n","protected":false},"featured_media":20152,"comment_status":"closed","ping_status":"open","template":"","meta":[],"product_cat":[14219],"product_tag":[],"class_list":{"0":"post-48016","1":"product","2":"type-product","3":"status-publish","4":"has-post-thumbnail","6":"product_cat-toiletten-zubehoer","8":"first","9":"instock","10":"taxable","11":"shipping-taxable","12":"purchasable","13":"product-type-simple"},"_links":{"self":[{"href":"https:\/\/all-pets.de\/shop\/wp-json\/wp\/v2\/product\/48016","targetHints":{"allow":["GET"]}}],"collection":[{"href":"https:\/\/all-pets.de\/shop\/wp-json\/wp\/v2\/product"}],"about":[{"href":"https:\/\/all-pets.de\/shop\/wp-json\/wp\/v2\/types\/product"}],"replies":[{"embeddable":true,"href":"https:\/\/all-pets.de\/shop\/wp-json\/wp\/v2\/comments?post=48016"}],"wp:featuredmedia":[{"embeddable":true,"href":"https:\/\/all-pets.de\/shop\/wp-json\/wp\/v2\/media\/20152"}],"wp:attachment":[{"href":"https:\/\/all-pets.de\/shop\/wp-json\/wp\/v2\/media?parent=48016"}],"wp:term":[{"taxonomy":"product_cat","embeddable":true,"href":"https:\/\/all-pets.de\/shop\/wp-json\/wp\/v2\/product_cat?post=48016"},{"taxonomy":"product_tag","embeddable":true,"href":"https:\/\/all-pets.de\/shop\/wp-json\/wp\/v2\/product_tag?post=48016"}],"curies":[{"name":"wp","href":"https:\/\/api.w.org\/{rel}","templated":true}]}}