{"id":48017,"date":"2023-12-12T10:56:32","date_gmt":"2023-12-12T09:56:32","guid":{"rendered":"https:\/\/pet-shopping.de\/shop\/produkt\/catit-play-n-scratch-mit-biene-rot\/"},"modified":"2023-12-12T10:56:33","modified_gmt":"2023-12-12T09:56:33","slug":"catit-play-n-scratch-mit-biene-rot","status":"publish","type":"product","link":"https:\/\/all-pets.de\/shop\/produkt\/catit-play-n-scratch-mit-biene-rot\/","title":{"rendered":"CATIT Play-n-Scratch mit Biene &#8211; Rot"},"content":{"rendered":"<p>Das unwiderstehliche Katzenspielzeug mit Kratzfl\u00e4che, Spielschiene und Ball sowie einem federnden Bienen-Spielzeug.<\/p>\n<p>H\u00f6he des federnden Spielzeugs: ca. 25 cm<br \/> Farbe: Rot<br \/> Ma\u00dfe: ca. 4 x 36,5 x 39 cm<\/p>\n","protected":false},"excerpt":{"rendered":"<p>Das unwiderstehliche Katzenspielzeug mit Kratzfl\u00e4che, Spielschiene und Ball sowie einem federnden Bienen-Spielzeug. H\u00f6he des federnden Spielzeugs: ca. 25 cm Farbe: Rot Ma\u00dfe: ca. 4 x 36,5 x 39 cm<\/p>\n","protected":false},"featured_media":19848,"comment_status":"closed","ping_status":"open","template":"","meta":[],"product_cat":[14963],"product_tag":[],"class_list":{"0":"post-48017","1":"product","2":"type-product","3":"status-publish","4":"has-post-thumbnail","6":"product_cat-weitere-spielzeuge-katzenspielzeug-kratzbretter-artikelkatzenwelt-kratzbaeume-moebel","8":"first","9":"instock","10":"taxable","11":"shipping-taxable","12":"purchasable","13":"product-type-simple"},"_links":{"self":[{"href":"https:\/\/all-pets.de\/shop\/wp-json\/wp\/v2\/product\/48017","targetHints":{"allow":["GET"]}}],"collection":[{"href":"https:\/\/all-pets.de\/shop\/wp-json\/wp\/v2\/product"}],"about":[{"href":"https:\/\/all-pets.de\/shop\/wp-json\/wp\/v2\/types\/product"}],"replies":[{"embeddable":true,"href":"https:\/\/all-pets.de\/shop\/wp-json\/wp\/v2\/comments?post=48017"}],"wp:featuredmedia":[{"embeddable":true,"href":"https:\/\/all-pets.de\/shop\/wp-json\/wp\/v2\/media\/19848"}],"wp:attachment":[{"href":"https:\/\/all-pets.de\/shop\/wp-json\/wp\/v2\/media?parent=48017"}],"wp:term":[{"taxonomy":"product_cat","embeddable":true,"href":"https:\/\/all-pets.de\/shop\/wp-json\/wp\/v2\/product_cat?post=48017"},{"taxonomy":"product_tag","embeddable":true,"href":"https:\/\/all-pets.de\/shop\/wp-json\/wp\/v2\/product_tag?post=48017"}],"curies":[{"name":"wp","href":"https:\/\/api.w.org\/{rel}","templated":true}]}}