{"id":48019,"date":"2023-12-12T10:56:32","date_gmt":"2023-12-12T09:56:32","guid":{"rendered":"https:\/\/pet-shopping.de\/shop\/produkt\/trixie-kratzbaum-xxl-zita\/"},"modified":"2023-12-12T10:56:33","modified_gmt":"2023-12-12T09:56:33","slug":"trixie-kratzbaum-xxl-zita","status":"publish","type":"product","link":"https:\/\/all-pets.de\/shop\/produkt\/trixie-kratzbaum-xxl-zita\/","title":{"rendered":"Trixie Kratzbaum XXL Zita"},"content":{"rendered":"<ul>\n<li> besonders f\u00fcr gro\u00dfe Katzen geeignet <\/li>\n<li> mit Pl\u00fcsch-Bezug <\/li>\n<li> St\u00e4mme mit extra dickem Natursisal und Pl\u00fcsch umwickelt <\/li>\n<li> gepolsterte Liegeplatten <\/li>\n<li> H\u00f6hle mit Wendekissen und Pl\u00fcsch ausgestattet <\/li>\n<li> Wendekissen: Handw\u00e4sche <\/li>\n<li> Liegeplatte mit abnehmbarem Kuschelbett <\/li>\n<li> Kuschelbett: Handw\u00e4sche <\/li>\n<li> mit Spielzeugen am Band <\/li>\n<li> Farbe: wei\u00df <\/li>\n<\/ul>\n<p>Grundfl\u00e4che: 64 \u00d7 64 cm<br \/> Stamm: \u00f8 15 cm<br \/> H\u00f6he: 147 cm<\/p>\n<p><\/p>\n","protected":false},"excerpt":{"rendered":"<p>besonders f\u00fcr gro\u00dfe Katzen geeignet mit Pl\u00fcsch-Bezug St\u00e4mme mit extra dickem Natursisal und Pl\u00fcsch umwickelt gepolsterte Liegeplatten H\u00f6hle mit Wendekissen und Pl\u00fcsch ausgestattet Wendekissen: Handw\u00e4sche Liegeplatte mit abnehmbarem Kuschelbett Kuschelbett: Handw\u00e4sche mit Spielzeugen am Band Farbe: wei\u00df Grundfl\u00e4che: 64 \u00d7 64 cm Stamm: \u00f8 15 cm H\u00f6he: 147 cm<\/p>\n","protected":false},"featured_media":32653,"comment_status":"closed","ping_status":"open","template":"","meta":[],"product_cat":[14964],"product_tag":[],"class_list":{"0":"post-48019","1":"product","2":"type-product","3":"status-publish","4":"has-post-thumbnail","6":"product_cat-kratzbaum-fuer-grosse-katzen","8":"first","9":"instock","10":"taxable","11":"shipping-taxable","12":"purchasable","13":"product-type-simple"},"_links":{"self":[{"href":"https:\/\/all-pets.de\/shop\/wp-json\/wp\/v2\/product\/48019","targetHints":{"allow":["GET"]}}],"collection":[{"href":"https:\/\/all-pets.de\/shop\/wp-json\/wp\/v2\/product"}],"about":[{"href":"https:\/\/all-pets.de\/shop\/wp-json\/wp\/v2\/types\/product"}],"replies":[{"embeddable":true,"href":"https:\/\/all-pets.de\/shop\/wp-json\/wp\/v2\/comments?post=48019"}],"wp:featuredmedia":[{"embeddable":true,"href":"https:\/\/all-pets.de\/shop\/wp-json\/wp\/v2\/media\/32653"}],"wp:attachment":[{"href":"https:\/\/all-pets.de\/shop\/wp-json\/wp\/v2\/media?parent=48019"}],"wp:term":[{"taxonomy":"product_cat","embeddable":true,"href":"https:\/\/all-pets.de\/shop\/wp-json\/wp\/v2\/product_cat?post=48019"},{"taxonomy":"product_tag","embeddable":true,"href":"https:\/\/all-pets.de\/shop\/wp-json\/wp\/v2\/product_tag?post=48019"}],"curies":[{"name":"wp","href":"https:\/\/api.w.org\/{rel}","templated":true}]}}