{"id":48020,"date":"2023-12-12T10:56:32","date_gmt":"2023-12-12T09:56:32","guid":{"rendered":"https:\/\/pet-shopping.de\/shop\/produkt\/trixie-kratzbaum-xxl-izan\/"},"modified":"2023-12-12T10:56:34","modified_gmt":"2023-12-12T09:56:34","slug":"trixie-kratzbaum-xxl-izan","status":"publish","type":"product","link":"https:\/\/all-pets.de\/shop\/produkt\/trixie-kratzbaum-xxl-izan\/","title":{"rendered":"Trixie Kratzbaum XXL IZAN"},"content":{"rendered":"<ul>\n<li> besonders f\u00fcr gro\u00dfe Katzen geeignet <\/li>\n<li> mit Pl\u00fcsch-Bezug <\/li>\n<li> St\u00e4mme mit extra dickem Natursisal und Pl\u00fcsch umwickelt <\/li>\n<li> H\u00f6hle mit Pl\u00fcsch\/Fleece ausgestattet <\/li>\n<li> Liegeplatte mit Wendekissen <\/li>\n<li> Wendekissen: Handw\u00e4sche <\/li>\n<li> Farbe: anthrazit<\/li>\n<\/ul>\n<p> Grundfl\u00e4che: 70 \u00d7 50 cm<br \/> Stamm: 15 cm<br \/> H\u00f6he: 122 cm<\/p>\n<p><\/p>\n","protected":false},"excerpt":{"rendered":"<p>besonders f\u00fcr gro\u00dfe Katzen geeignet mit Pl\u00fcsch-Bezug St\u00e4mme mit extra dickem Natursisal und Pl\u00fcsch umwickelt H\u00f6hle mit Pl\u00fcsch\/Fleece ausgestattet Liegeplatte mit Wendekissen Wendekissen: Handw\u00e4sche Farbe: anthrazit Grundfl\u00e4che: 70 \u00d7 50 cm Stamm: 15 cm H\u00f6he: 122 cm<\/p>\n","protected":false},"featured_media":17237,"comment_status":"closed","ping_status":"open","template":"","meta":[],"product_cat":[14964],"product_tag":[],"class_list":{"0":"post-48020","1":"product","2":"type-product","3":"status-publish","4":"has-post-thumbnail","6":"product_cat-kratzbaum-fuer-grosse-katzen","8":"first","9":"instock","10":"taxable","11":"shipping-taxable","12":"purchasable","13":"product-type-simple"},"_links":{"self":[{"href":"https:\/\/all-pets.de\/shop\/wp-json\/wp\/v2\/product\/48020","targetHints":{"allow":["GET"]}}],"collection":[{"href":"https:\/\/all-pets.de\/shop\/wp-json\/wp\/v2\/product"}],"about":[{"href":"https:\/\/all-pets.de\/shop\/wp-json\/wp\/v2\/types\/product"}],"replies":[{"embeddable":true,"href":"https:\/\/all-pets.de\/shop\/wp-json\/wp\/v2\/comments?post=48020"}],"wp:featuredmedia":[{"embeddable":true,"href":"https:\/\/all-pets.de\/shop\/wp-json\/wp\/v2\/media\/17237"}],"wp:attachment":[{"href":"https:\/\/all-pets.de\/shop\/wp-json\/wp\/v2\/media?parent=48020"}],"wp:term":[{"taxonomy":"product_cat","embeddable":true,"href":"https:\/\/all-pets.de\/shop\/wp-json\/wp\/v2\/product_cat?post=48020"},{"taxonomy":"product_tag","embeddable":true,"href":"https:\/\/all-pets.de\/shop\/wp-json\/wp\/v2\/product_tag?post=48020"}],"curies":[{"name":"wp","href":"https:\/\/api.w.org\/{rel}","templated":true}]}}