{"id":48021,"date":"2023-12-12T10:56:32","date_gmt":"2023-12-12T09:56:32","guid":{"rendered":"https:\/\/pet-shopping.de\/shop\/produkt\/trixie-cat-tower-arma\/"},"modified":"2023-12-12T10:56:34","modified_gmt":"2023-12-12T09:56:34","slug":"trixie-cat-tower-arma","status":"publish","type":"product","link":"https:\/\/all-pets.de\/shop\/produkt\/trixie-cat-tower-arma\/","title":{"rendered":"Trixie Cat Tower Arma"},"content":{"rendered":"<ul>\n<li> mit Pl\u00fcsch-Bezug und Sisalkratzfl\u00e4chen <\/li>\n<li> 3 Etagen, mit Pl\u00fcsch\/Filz ausgestattet <\/li>\n<li> gepolsterte Liegeplatte mit abnehmbarem Kuschelbett <\/li>\n<li> Kuschelbett: Handw\u00e4sche <\/li>\n<li> mit Spielzeug am Band <\/li>\n<li> Farbe: grau\/wei\u00df\/grau <\/li>\n<\/ul>\n<p>Grundfl\u00e4che: 54 \u00d7 54 cm<br \/> H\u00f6he: 98 cm<\/p>\n","protected":false},"excerpt":{"rendered":"<p>mit Pl\u00fcsch-Bezug und Sisalkratzfl\u00e4chen 3 Etagen, mit Pl\u00fcsch\/Filz ausgestattet gepolsterte Liegeplatte mit abnehmbarem Kuschelbett Kuschelbett: Handw\u00e4sche mit Spielzeug am Band Farbe: grau\/wei\u00df\/grau Grundfl\u00e4che: 54 \u00d7 54 cm H\u00f6he: 98 cm<\/p>\n","protected":false},"featured_media":17102,"comment_status":"closed","ping_status":"open","template":"","meta":[],"product_cat":[14967],"product_tag":[],"class_list":{"0":"post-48021","1":"product","2":"type-product","3":"status-publish","4":"has-post-thumbnail","6":"product_cat-bis-175-cm-kratzbaeume-moebel-kratztonnenkatzenwelt-kratzbaeume-moebel-bis-100-cmkatzenwelt","8":"first","9":"instock","10":"taxable","11":"shipping-taxable","12":"purchasable","13":"product-type-simple"},"_links":{"self":[{"href":"https:\/\/all-pets.de\/shop\/wp-json\/wp\/v2\/product\/48021","targetHints":{"allow":["GET"]}}],"collection":[{"href":"https:\/\/all-pets.de\/shop\/wp-json\/wp\/v2\/product"}],"about":[{"href":"https:\/\/all-pets.de\/shop\/wp-json\/wp\/v2\/types\/product"}],"replies":[{"embeddable":true,"href":"https:\/\/all-pets.de\/shop\/wp-json\/wp\/v2\/comments?post=48021"}],"wp:featuredmedia":[{"embeddable":true,"href":"https:\/\/all-pets.de\/shop\/wp-json\/wp\/v2\/media\/17102"}],"wp:attachment":[{"href":"https:\/\/all-pets.de\/shop\/wp-json\/wp\/v2\/media?parent=48021"}],"wp:term":[{"taxonomy":"product_cat","embeddable":true,"href":"https:\/\/all-pets.de\/shop\/wp-json\/wp\/v2\/product_cat?post=48021"},{"taxonomy":"product_tag","embeddable":true,"href":"https:\/\/all-pets.de\/shop\/wp-json\/wp\/v2\/product_tag?post=48021"}],"curies":[{"name":"wp","href":"https:\/\/api.w.org\/{rel}","templated":true}]}}