{"id":48024,"date":"2023-12-12T10:56:32","date_gmt":"2023-12-12T09:56:32","guid":{"rendered":"https:\/\/pet-shopping.de\/shop\/produkt\/karlie-flamingo-autohunderampe-gentle-step\/"},"modified":"2023-12-12T10:56:34","modified_gmt":"2023-12-12T09:56:34","slug":"karlie-flamingo-autohunderampe-gentle-step","status":"publish","type":"product","link":"https:\/\/all-pets.de\/shop\/produkt\/karlie-flamingo-autohunderampe-gentle-step\/","title":{"rendered":"Karlie Flamingo Autohunderampe Gentle Step"},"content":{"rendered":"<p>Die Autohunderampe Gentle Step erleichtert Ihrem Hund den Ein- und Ausstieg. <\/p>\n<p>Die Rampe besteht aus Kunststoff und ist mit einer rutschsicheren Lauffl\u00e4che ausgestattet. Das leichte Eigengewicht und die M\u00f6glichkeit des platzsparenden Zusammenklappens machen die Gentle Step zum idealen t\u00e4glichen Begleiter. Die Hunderampe kann bis max. 90 kg belastet werden.<\/p>\n<p>Ma\u00dfe: ca. 154 x 39 x 70 cm (LxBxH) <\/p>\n","protected":false},"excerpt":{"rendered":"<p>Die Autohunderampe Gentle Step erleichtert Ihrem Hund den Ein- und Ausstieg. Die Rampe besteht aus Kunststoff und ist mit einer rutschsicheren Lauffl\u00e4che ausgestattet. Das leichte Eigengewicht und die M\u00f6glichkeit des platzsparenden Zusammenklappens machen die Gentle Step zum idealen t\u00e4glichen Begleiter. Die Hunderampe kann bis max. 90 kg belastet werden. Ma\u00dfe: ca. 154 x 39 x [&hellip;]<\/p>\n","protected":false},"featured_media":23680,"comment_status":"closed","ping_status":"open","template":"","meta":[],"product_cat":[13691],"product_tag":[],"class_list":{"0":"post-48024","1":"product","2":"type-product","3":"status-publish","4":"has-post-thumbnail","6":"product_cat-autozubehoer","8":"first","9":"instock","10":"taxable","11":"shipping-taxable","12":"purchasable","13":"product-type-simple"},"_links":{"self":[{"href":"https:\/\/all-pets.de\/shop\/wp-json\/wp\/v2\/product\/48024","targetHints":{"allow":["GET"]}}],"collection":[{"href":"https:\/\/all-pets.de\/shop\/wp-json\/wp\/v2\/product"}],"about":[{"href":"https:\/\/all-pets.de\/shop\/wp-json\/wp\/v2\/types\/product"}],"replies":[{"embeddable":true,"href":"https:\/\/all-pets.de\/shop\/wp-json\/wp\/v2\/comments?post=48024"}],"wp:featuredmedia":[{"embeddable":true,"href":"https:\/\/all-pets.de\/shop\/wp-json\/wp\/v2\/media\/23680"}],"wp:attachment":[{"href":"https:\/\/all-pets.de\/shop\/wp-json\/wp\/v2\/media?parent=48024"}],"wp:term":[{"taxonomy":"product_cat","embeddable":true,"href":"https:\/\/all-pets.de\/shop\/wp-json\/wp\/v2\/product_cat?post=48024"},{"taxonomy":"product_tag","embeddable":true,"href":"https:\/\/all-pets.de\/shop\/wp-json\/wp\/v2\/product_tag?post=48024"}],"curies":[{"name":"wp","href":"https:\/\/api.w.org\/{rel}","templated":true}]}}