{"id":48025,"date":"2023-12-12T10:56:35","date_gmt":"2023-12-12T09:56:35","guid":{"rendered":"https:\/\/pet-shopping.de\/shop\/produkt\/karlie-flamingo-nagertoilette-litta\/"},"modified":"2023-12-12T10:56:36","modified_gmt":"2023-12-12T09:56:36","slug":"karlie-flamingo-nagertoilette-litta","status":"publish","type":"product","link":"https:\/\/all-pets.de\/shop\/produkt\/karlie-flamingo-nagertoilette-litta\/","title":{"rendered":"Karlie Flamingo Nagertoilette Litta"},"content":{"rendered":"<p>Die Nagertoilette Litta wird inklusive Streu und Streul\u00f6ffel geliefert und hilft dabei, den Nagerk\u00e4fig sauberer zu halten.<\/p>\n<p>Gr\u00f6\u00dfe: ca. 15 x 10 x 8,5 cm (LxBxH)<\/p>\n","protected":false},"excerpt":{"rendered":"<p>Die Nagertoilette Litta wird inklusive Streu und Streul\u00f6ffel geliefert und hilft dabei, den Nagerk\u00e4fig sauberer zu halten. Gr\u00f6\u00dfe: ca. 15 x 10 x 8,5 cm (LxBxH)<\/p>\n","protected":false},"featured_media":15555,"comment_status":"closed","ping_status":"open","template":"","meta":[],"product_cat":[14301],"product_tag":[],"class_list":{"0":"post-48025","1":"product","2":"type-product","3":"status-publish","4":"has-post-thumbnail","6":"product_cat-toiletten-ausstattung-zubehoer-kleintierwelt","8":"first","9":"instock","10":"taxable","11":"shipping-taxable","12":"purchasable","13":"product-type-simple"},"_links":{"self":[{"href":"https:\/\/all-pets.de\/shop\/wp-json\/wp\/v2\/product\/48025","targetHints":{"allow":["GET"]}}],"collection":[{"href":"https:\/\/all-pets.de\/shop\/wp-json\/wp\/v2\/product"}],"about":[{"href":"https:\/\/all-pets.de\/shop\/wp-json\/wp\/v2\/types\/product"}],"replies":[{"embeddable":true,"href":"https:\/\/all-pets.de\/shop\/wp-json\/wp\/v2\/comments?post=48025"}],"wp:featuredmedia":[{"embeddable":true,"href":"https:\/\/all-pets.de\/shop\/wp-json\/wp\/v2\/media\/15555"}],"wp:attachment":[{"href":"https:\/\/all-pets.de\/shop\/wp-json\/wp\/v2\/media?parent=48025"}],"wp:term":[{"taxonomy":"product_cat","embeddable":true,"href":"https:\/\/all-pets.de\/shop\/wp-json\/wp\/v2\/product_cat?post=48025"},{"taxonomy":"product_tag","embeddable":true,"href":"https:\/\/all-pets.de\/shop\/wp-json\/wp\/v2\/product_tag?post=48025"}],"curies":[{"name":"wp","href":"https:\/\/api.w.org\/{rel}","templated":true}]}}