{"id":48027,"date":"2023-12-12T10:56:35","date_gmt":"2023-12-12T09:56:35","guid":{"rendered":"https:\/\/pet-shopping.de\/shop\/produkt\/trixie-schnueffelteppich-strategie-spiel\/"},"modified":"2023-12-12T10:56:36","modified_gmt":"2023-12-12T09:56:36","slug":"trixie-schnueffelteppich-strategie-spiel","status":"publish","type":"product","link":"https:\/\/all-pets.de\/shop\/produkt\/trixie-schnueffelteppich-strategie-spiel\/","title":{"rendered":"Trixie Schn\u00fcffelteppich Strategie-Spiel"},"content":{"rendered":"<ul>\n<li> Schn\u00fcffelspa\u00df f\u00fcr Hunde und Katzen <\/li>\n<li> mithilfe der Pfote oder der Schnauze gelangt das Tier an seine Belohnung <\/li>\n<li> mit 2 unterschiedlichen Fransenl\u00e4ngen <\/li>\n<li> kann auch f\u00fcr die t\u00e4gliche Futtergabe genutzt werden <\/li>\n<li> verhindert das Schlingen bei der Futteraufnahme <\/li>\n<li> herausnehmbare Kunststoffplatte verhindert Verkn\u00fcllen und erm\u00f6glicht eine leichte Reinigung\/Maschinenw\u00e4sche <\/li>\n<li> Polyester <\/li>\n<li> inkl. Anleitung mit Tipps und Tricks f\u00fcr das optimale Training <\/li>\n<\/ul>\n<p>Ma\u00dfe: 50 \u00d7 34 cm<\/p>\n","protected":false},"excerpt":{"rendered":"<p>Schn\u00fcffelspa\u00df f\u00fcr Hunde und Katzen mithilfe der Pfote oder der Schnauze gelangt das Tier an seine Belohnung mit 2 unterschiedlichen Fransenl\u00e4ngen kann auch f\u00fcr die t\u00e4gliche Futtergabe genutzt werden verhindert das Schlingen bei der Futteraufnahme herausnehmbare Kunststoffplatte verhindert Verkn\u00fcllen und erm\u00f6glicht eine leichte Reinigung\/Maschinenw\u00e4sche Polyester inkl. Anleitung mit Tipps und Tricks f\u00fcr das optimale Training [&hellip;]<\/p>\n","protected":false},"featured_media":34583,"comment_status":"closed","ping_status":"open","template":"","meta":[],"product_cat":[13793],"product_tag":[],"class_list":{"0":"post-48027","1":"product","2":"type-product","3":"status-publish","4":"has-post-thumbnail","6":"product_cat-intelligenz","8":"first","9":"instock","10":"taxable","11":"shipping-taxable","12":"purchasable","13":"product-type-simple"},"_links":{"self":[{"href":"https:\/\/all-pets.de\/shop\/wp-json\/wp\/v2\/product\/48027","targetHints":{"allow":["GET"]}}],"collection":[{"href":"https:\/\/all-pets.de\/shop\/wp-json\/wp\/v2\/product"}],"about":[{"href":"https:\/\/all-pets.de\/shop\/wp-json\/wp\/v2\/types\/product"}],"replies":[{"embeddable":true,"href":"https:\/\/all-pets.de\/shop\/wp-json\/wp\/v2\/comments?post=48027"}],"wp:featuredmedia":[{"embeddable":true,"href":"https:\/\/all-pets.de\/shop\/wp-json\/wp\/v2\/media\/34583"}],"wp:attachment":[{"href":"https:\/\/all-pets.de\/shop\/wp-json\/wp\/v2\/media?parent=48027"}],"wp:term":[{"taxonomy":"product_cat","embeddable":true,"href":"https:\/\/all-pets.de\/shop\/wp-json\/wp\/v2\/product_cat?post=48027"},{"taxonomy":"product_tag","embeddable":true,"href":"https:\/\/all-pets.de\/shop\/wp-json\/wp\/v2\/product_tag?post=48027"}],"curies":[{"name":"wp","href":"https:\/\/api.w.org\/{rel}","templated":true}]}}