{"id":48032,"date":"2023-12-12T10:56:35","date_gmt":"2023-12-12T09:56:35","guid":{"rendered":"https:\/\/pet-shopping.de\/shop\/produkt\/trixie-heuraufe-rolle-aus-geflammtem-holz\/"},"modified":"2023-12-12T10:56:37","modified_gmt":"2023-12-12T09:56:37","slug":"trixie-heuraufe-rolle-aus-geflammtem-holz","status":"publish","type":"product","link":"https:\/\/all-pets.de\/shop\/produkt\/trixie-heuraufe-rolle-aus-geflammtem-holz\/","title":{"rendered":"Trixie Heuraufe Rolle aus geflammtem Holz"},"content":{"rendered":"<ul>\n<li> geflammtes Holz <\/li>\n<li> zum Bef\u00fcllen mit Heu, Gr\u00e4sern etc. <\/li>\n<li style=\"color: #000000\"> Deckel verhindert das Hineinklettern des Tieres <\/li>\n<li style=\"color: #000000\"> keine Verletzungsgefahr <\/li>\n<li> sch\u00fctzt Futter vor Kot und Urin <\/li>\n<li> stehend oder liegend zur spielerischen Besch\u00e4ftigung <\/li>\n<li> f\u00fcr die Gestaltung einer tiergerechten Umwelt <\/li>\n<\/ul>\n<p>Ma\u00dfe: \u00f8 15 \u00d7 19 cm<\/p>\n","protected":false},"excerpt":{"rendered":"<p>geflammtes Holz zum Bef\u00fcllen mit Heu, Gr\u00e4sern etc. Deckel verhindert das Hineinklettern des Tieres keine Verletzungsgefahr sch\u00fctzt Futter vor Kot und Urin stehend oder liegend zur spielerischen Besch\u00e4ftigung f\u00fcr die Gestaltung einer tiergerechten Umwelt Ma\u00dfe: \u00f8 15 \u00d7 19 cm<\/p>\n","protected":false},"featured_media":33211,"comment_status":"closed","ping_status":"open","template":"","meta":[],"product_cat":[13722],"product_tag":[],"class_list":{"0":"post-48032","1":"product","2":"type-product","3":"status-publish","4":"has-post-thumbnail","6":"product_cat-heuraufen","8":"first","9":"instock","10":"taxable","11":"shipping-taxable","12":"purchasable","13":"product-type-simple"},"_links":{"self":[{"href":"https:\/\/all-pets.de\/shop\/wp-json\/wp\/v2\/product\/48032","targetHints":{"allow":["GET"]}}],"collection":[{"href":"https:\/\/all-pets.de\/shop\/wp-json\/wp\/v2\/product"}],"about":[{"href":"https:\/\/all-pets.de\/shop\/wp-json\/wp\/v2\/types\/product"}],"replies":[{"embeddable":true,"href":"https:\/\/all-pets.de\/shop\/wp-json\/wp\/v2\/comments?post=48032"}],"wp:featuredmedia":[{"embeddable":true,"href":"https:\/\/all-pets.de\/shop\/wp-json\/wp\/v2\/media\/33211"}],"wp:attachment":[{"href":"https:\/\/all-pets.de\/shop\/wp-json\/wp\/v2\/media?parent=48032"}],"wp:term":[{"taxonomy":"product_cat","embeddable":true,"href":"https:\/\/all-pets.de\/shop\/wp-json\/wp\/v2\/product_cat?post=48032"},{"taxonomy":"product_tag","embeddable":true,"href":"https:\/\/all-pets.de\/shop\/wp-json\/wp\/v2\/product_tag?post=48032"}],"curies":[{"name":"wp","href":"https:\/\/api.w.org\/{rel}","templated":true}]}}