{"id":48033,"date":"2023-12-12T10:56:35","date_gmt":"2023-12-12T09:56:35","guid":{"rendered":"https:\/\/pet-shopping.de\/shop\/produkt\/gimcat-sticks-lachs-forelle-4-stueck\/"},"modified":"2023-12-12T10:56:37","modified_gmt":"2023-12-12T09:56:37","slug":"gimcat-sticks-lachs-forelle-4-stueck","status":"publish","type":"product","link":"https:\/\/all-pets.de\/shop\/produkt\/gimcat-sticks-lachs-forelle-4-stueck\/","title":{"rendered":"GimCat Sticks Lachs &#038; Forelle &#8211; 4 St\u00fcck"},"content":{"rendered":"<p>GimCat Sticks sind das au\u00dfergew\u00f6hnliche Geschmackserlebnis f\u00fcr die verw\u00f6hnte Katze. Sie werden mit Lachs &#038; Forelle veredelt und enthalten Vitamine und Taurin. Getreidefreie Formel. Ohne Farbstoffe<\/p>\n<div class=\"accordion-content ui-accordion-content ui-helper-reset ui-widget-content ui-corner-bottom ui-accordion-content-active\" role=\"tabpanel\" style=\"display: block\" id=\"ui-id-4\">\n<p>Zusammensetzung:<\/p>\n<div class=\"accordion-content ui-accordion-content ui-helper-reset ui-widget-content ui-corner-bottom ui-accordion-content-active\" role=\"tabpanel\" style=\"display: block\" id=\"ui-id-4\">\n<div class=\"accordion-content ui-accordion-content ui-helper-reset ui-widget-content ui-corner-bottom ui-accordion-content-active\" role=\"tabpanel\" style=\"display: block\" id=\"ui-id-4\">\n<p>Fleisch und tierische Nebenerzeugnisse, Fisch und Fischnebenerzeugnisse (Lachs 8%, Forelle 8%), Hefen, Zucker, Mineralstoffe, pflanzliche Nebenerzeugnisse.<\/p>\n<\/div>\n<\/div>\n<p>Analyse: <\/p>\n<table>\n<tbody>\n<tr>\n<th>Proteine<\/th>\n<td>35,0 %<\/td>\n<\/tr>\n<tr>\n<th>Fettgehalt<\/th>\n<td>21,0 %<\/td>\n<\/tr>\n<tr>\n<th>Rohasche<\/th>\n<td>5,5 %<\/td>\n<\/tr>\n<tr>\n<th>Rohfaser<\/th>\n<td>2,0 %<\/td>\n<\/tr>\n<tr>\n<th>Feuchtigkeit<\/th>\n<td>27,0 %<\/td>\n<\/tr>\n<\/tbody>\n<\/table>\n<\/div>\n<p>Zusatzstoffe pro kg:<\/p>\n<div class=\"accordion-content ui-accordion-content ui-helper-reset ui-widget-content ui-corner-bottom ui-accordion-content-active\" role=\"tabpanel\" style=\"display: block\" id=\"ui-id-8\">\n<div class=\"accordion-content ui-accordion-content ui-helper-reset ui-widget-content ui-corner-bottom ui-accordion-content-active\" role=\"tabpanel\" style=\"display: block\" id=\"ui-id-8\">\n<p>Vitamin A 5000 I.E.  Vitamin D3 500 I.E.  Vitamin E 5mg  Taurin 1000mg  mit Antioxidationsmittel und Konservierungsmittel<\/p>\n<\/div>\n<\/div>\n<p>F\u00fctterungsempfehlung:<\/p>\n<p>Erwachsene Katzen 1 &#8211; 2 Sticks pro Tag. Maximal 5 Sticks pro Woche verf\u00fcttern. Bitte stets frisches Wasser zur Verf\u00fcgung stellen. <\/p>\n","protected":false},"excerpt":{"rendered":"<p>GimCat Sticks sind das au\u00dfergew\u00f6hnliche Geschmackserlebnis f\u00fcr die verw\u00f6hnte Katze. Sie werden mit Lachs &#038; Forelle veredelt und enthalten Vitamine und Taurin. Getreidefreie Formel. Ohne Farbstoffe Zusammensetzung: Fleisch und tierische Nebenerzeugnisse, Fisch und Fischnebenerzeugnisse (Lachs 8%, Forelle 8%), Hefen, Zucker, Mineralstoffe, pflanzliche Nebenerzeugnisse. Analyse: Proteine 35,0 % Fettgehalt 21,0 % Rohasche 5,5 % Rohfaser 2,0 [&hellip;]<\/p>\n","protected":false},"featured_media":48034,"comment_status":"closed","ping_status":"open","template":"","meta":[],"product_cat":[13785],"product_tag":[],"class_list":{"0":"post-48033","1":"product","2":"type-product","3":"status-publish","4":"has-post-thumbnail","6":"product_cat-gimcat","8":"first","9":"instock","10":"taxable","11":"shipping-taxable","12":"purchasable","13":"product-type-simple"},"_links":{"self":[{"href":"https:\/\/all-pets.de\/shop\/wp-json\/wp\/v2\/product\/48033","targetHints":{"allow":["GET"]}}],"collection":[{"href":"https:\/\/all-pets.de\/shop\/wp-json\/wp\/v2\/product"}],"about":[{"href":"https:\/\/all-pets.de\/shop\/wp-json\/wp\/v2\/types\/product"}],"replies":[{"embeddable":true,"href":"https:\/\/all-pets.de\/shop\/wp-json\/wp\/v2\/comments?post=48033"}],"wp:featuredmedia":[{"embeddable":true,"href":"https:\/\/all-pets.de\/shop\/wp-json\/wp\/v2\/media\/48034"}],"wp:attachment":[{"href":"https:\/\/all-pets.de\/shop\/wp-json\/wp\/v2\/media?parent=48033"}],"wp:term":[{"taxonomy":"product_cat","embeddable":true,"href":"https:\/\/all-pets.de\/shop\/wp-json\/wp\/v2\/product_cat?post=48033"},{"taxonomy":"product_tag","embeddable":true,"href":"https:\/\/all-pets.de\/shop\/wp-json\/wp\/v2\/product_tag?post=48033"}],"curies":[{"name":"wp","href":"https:\/\/api.w.org\/{rel}","templated":true}]}}