{"id":48038,"date":"2023-12-12T10:56:35","date_gmt":"2023-12-12T09:56:35","guid":{"rendered":"https:\/\/pet-shopping.de\/shop\/produkt\/karlie-flamingo-kratzbaum-segra\/"},"modified":"2023-12-12T10:56:37","modified_gmt":"2023-12-12T09:56:37","slug":"karlie-flamingo-kratzbaum-segra","status":"publish","type":"product","link":"https:\/\/all-pets.de\/shop\/produkt\/karlie-flamingo-kratzbaum-segra\/","title":{"rendered":"Karlie Flamingo Kratzbaum Segra"},"content":{"rendered":"<p>Der Kratzbaum SEGRA passt mit seinem nat\u00fcrlichen Look perfekt in jede Wohnung. Das Seegras stellt mit seinem nat\u00fcrlichen Ursprung ein tolles Material f\u00fcr die optimale Kratzstelle f\u00fcr jede Katze und jeden Kater dar. Die Bodenplatte und die Liegefl\u00e4che sind mit einem robustem Material bezogen, das nicht so schnell rei\u00dft. F\u00fcr noch mehr Spielspa\u00df sorgt der Ball mit Feder, der mit einem Gummiband an der Liegefl\u00e4che befestigt ist. <\/p>\n<p>Gr\u00f6\u00dfe: ca. 35 x 35 x 44 cm.<\/p>\n","protected":false},"excerpt":{"rendered":"<p>Der Kratzbaum SEGRA passt mit seinem nat\u00fcrlichen Look perfekt in jede Wohnung. Das Seegras stellt mit seinem nat\u00fcrlichen Ursprung ein tolles Material f\u00fcr die optimale Kratzstelle f\u00fcr jede Katze und jeden Kater dar. Die Bodenplatte und die Liegefl\u00e4che sind mit einem robustem Material bezogen, das nicht so schnell rei\u00dft. F\u00fcr noch mehr Spielspa\u00df sorgt der [&hellip;]<\/p>\n","protected":false},"featured_media":25450,"comment_status":"closed","ping_status":"open","template":"","meta":[],"product_cat":[13901],"product_tag":[],"class_list":{"0":"post-48038","1":"product","2":"type-product","3":"status-publish","4":"has-post-thumbnail","6":"product_cat-bis-100-cm","8":"first","9":"instock","10":"taxable","11":"shipping-taxable","12":"purchasable","13":"product-type-simple"},"_links":{"self":[{"href":"https:\/\/all-pets.de\/shop\/wp-json\/wp\/v2\/product\/48038","targetHints":{"allow":["GET"]}}],"collection":[{"href":"https:\/\/all-pets.de\/shop\/wp-json\/wp\/v2\/product"}],"about":[{"href":"https:\/\/all-pets.de\/shop\/wp-json\/wp\/v2\/types\/product"}],"replies":[{"embeddable":true,"href":"https:\/\/all-pets.de\/shop\/wp-json\/wp\/v2\/comments?post=48038"}],"wp:featuredmedia":[{"embeddable":true,"href":"https:\/\/all-pets.de\/shop\/wp-json\/wp\/v2\/media\/25450"}],"wp:attachment":[{"href":"https:\/\/all-pets.de\/shop\/wp-json\/wp\/v2\/media?parent=48038"}],"wp:term":[{"taxonomy":"product_cat","embeddable":true,"href":"https:\/\/all-pets.de\/shop\/wp-json\/wp\/v2\/product_cat?post=48038"},{"taxonomy":"product_tag","embeddable":true,"href":"https:\/\/all-pets.de\/shop\/wp-json\/wp\/v2\/product_tag?post=48038"}],"curies":[{"name":"wp","href":"https:\/\/api.w.org\/{rel}","templated":true}]}}