{"id":48039,"date":"2023-12-12T10:56:35","date_gmt":"2023-12-12T09:56:35","guid":{"rendered":"https:\/\/pet-shopping.de\/shop\/produkt\/vesper-katzenhaus-minou-mit-kratzflaeche\/"},"modified":"2023-12-12T10:56:37","modified_gmt":"2023-12-12T09:56:37","slug":"vesper-katzenhaus-minou-mit-kratzflaeche","status":"publish","type":"product","link":"https:\/\/all-pets.de\/shop\/produkt\/vesper-katzenhaus-minou-mit-kratzflaeche\/","title":{"rendered":"Vesper Katzenhaus Minou mit Kratzfl\u00e4che"},"content":{"rendered":"<ul>\n<li>Gem\u00fctliches Versteck mit zwei Eing\u00e4ngen, damit Ihre Katze sich nicht in die Enge gedr\u00e4ngt f\u00fchlt<\/li>\n<li>Ideal zum Schutz Ihrer M\u00f6bel vor den Krallen Ihres Stubentigers<\/li>\n<li>Tr\u00e4gt dazu bei, die Inneneinrichtung vor Besch\u00e4digung durch Krallen zu sch\u00fctzen<\/li>\n<li>Gem\u00fctliches Kissen mit Memo-Foam-Effekt<\/li>\n<li>Aus hochwertigem MDF mit Laminat\u00fcberzug in Eichenoptik<\/li>\n<li>Kratzmatte aus Sisal<\/li>\n<li>Ma\u00dfe: ca. <span class=\"entry--content\">36 x 36,5 x 40,5 cm<\/span><\/li>\n<\/ul>\n<p>Lernen Sie Minou kennen: Minou ist eine stylische Kratzbank und ein Versteck in einem. Ihre Katze wird es lieben, lange, entspannende Nickerchen im Inneren zu machen und ihre Krallen an den abgerundeten Au\u00dfenfl\u00e4chen aus Sisal zu sch\u00e4rfen. <\/p>\n<p> Dieses sch\u00f6ne M\u00f6belst\u00fcck hat einen der weltweit beliebtesten Katzennamen \u2013 jedem liebenden Katzenbesitzer auf dieser Welt zu Ehren.<\/p>\n<p><p>H\u00fcbsch und kompakt <br \/> Dank des kompakten Designs und der neutralen Eichenanmutung passt Vesper Minou zu jeder Inneneinrichtung.<\/p>\n<\/p>\n<p>Kratzmatte aus Sisal <br \/> An der Kratzmatte kann Ihre Katze nach Herzenslust kratzen \u2013 zum Schutz Ihrer anderen M\u00f6bel.<\/p>\n<p>Kissen mit Memo-Foam-Effekt <br \/> Der Memo-Foam im Inneren der weichen Kissen passt sich perfekt an die K\u00f6rperform Ihrer Katze an und bietet Ihrer geliebten Samtpfote so zus\u00e4tzlichen Komfort.<\/p>\n<p>Vesper Minou ist eine horizontale Kratzbank und ein Versteck in einem. Dank des kompakten Designs kann Minou neben jeden Gegenstand gestellt werden, den Sie vor den Krallen Ihres Stubentigers sch\u00fctzen m\u00f6chten. Sowohl die austauschbare Kratzmatte und das Kissen als auch die hochwertige Verarbeitung machen Vesper Minou zu einem stylischen und praktischen M\u00f6belst\u00fcck f\u00fcr Katzen, das zu jeder Inneneinrichtung passt. <\/p>\n","protected":false},"excerpt":{"rendered":"<p>Gem\u00fctliches Versteck mit zwei Eing\u00e4ngen, damit Ihre Katze sich nicht in die Enge gedr\u00e4ngt f\u00fchlt Ideal zum Schutz Ihrer M\u00f6bel vor den Krallen Ihres Stubentigers Tr\u00e4gt dazu bei, die Inneneinrichtung vor Besch\u00e4digung durch Krallen zu sch\u00fctzen Gem\u00fctliches Kissen mit Memo-Foam-Effekt Aus hochwertigem MDF mit Laminat\u00fcberzug in Eichenoptik Kratzmatte aus Sisal Ma\u00dfe: ca. 36 x 36,5 [&hellip;]<\/p>\n","protected":false},"featured_media":34222,"comment_status":"closed","ping_status":"open","template":"","meta":[],"product_cat":[14971],"product_tag":[],"class_list":{"0":"post-48039","1":"product","2":"type-product","3":"status-publish","4":"has-post-thumbnail","6":"product_cat-kratzbretter-artikel-kratzbaeume-moebel-bis-100-cmkatzenwelt-kratzbaeume-moebel-haeuser-hoehlenkatzenwelt","8":"first","9":"instock","10":"taxable","11":"shipping-taxable","12":"purchasable","13":"product-type-simple"},"_links":{"self":[{"href":"https:\/\/all-pets.de\/shop\/wp-json\/wp\/v2\/product\/48039","targetHints":{"allow":["GET"]}}],"collection":[{"href":"https:\/\/all-pets.de\/shop\/wp-json\/wp\/v2\/product"}],"about":[{"href":"https:\/\/all-pets.de\/shop\/wp-json\/wp\/v2\/types\/product"}],"replies":[{"embeddable":true,"href":"https:\/\/all-pets.de\/shop\/wp-json\/wp\/v2\/comments?post=48039"}],"wp:featuredmedia":[{"embeddable":true,"href":"https:\/\/all-pets.de\/shop\/wp-json\/wp\/v2\/media\/34222"}],"wp:attachment":[{"href":"https:\/\/all-pets.de\/shop\/wp-json\/wp\/v2\/media?parent=48039"}],"wp:term":[{"taxonomy":"product_cat","embeddable":true,"href":"https:\/\/all-pets.de\/shop\/wp-json\/wp\/v2\/product_cat?post=48039"},{"taxonomy":"product_tag","embeddable":true,"href":"https:\/\/all-pets.de\/shop\/wp-json\/wp\/v2\/product_tag?post=48039"}],"curies":[{"name":"wp","href":"https:\/\/api.w.org\/{rel}","templated":true}]}}