{"id":48044,"date":"2023-12-12T10:56:35","date_gmt":"2023-12-12T09:56:35","guid":{"rendered":"https:\/\/pet-shopping.de\/shop\/produkt\/karlie-flamingo-fahrrad-freilaufleine-walky-dog\/"},"modified":"2023-12-12T10:56:38","modified_gmt":"2023-12-12T09:56:38","slug":"karlie-flamingo-fahrrad-freilaufleine-walky-dog","status":"publish","type":"product","link":"https:\/\/all-pets.de\/shop\/produkt\/karlie-flamingo-fahrrad-freilaufleine-walky-dog\/","title":{"rendered":"Karlie Flamingo Fahrrad Freilaufleine Walky Dog"},"content":{"rendered":"<p>So wird das Fahrradfahren mit dem Hund noch sicherer. Denn mit dem Walky Dog Fahrradhalter hat Herrchen beide H\u00e4nde am Len\u00adker. Walky Dog be\u00adsteht aus einem Metall-Abstandhalter, der mit seinem Patentverschluss &#8211; und das ist der Clou &#8211; in wenigen Sekunden vom Fahr\u00ad\u00adrad gel\u00f6st und als Leine be\u00adnutzt werden kann. So haben Sie Ihren Lieb\u00adling sofort unter Kontrolle, wenn Sie das Fahr\u00adrad abstellen. Drei Druck\u00adfedern im Inneren des Metall-Ab\u00adstand\u00ad\u00adhalters gleichen pl\u00f6tzliches Zer\u00adren oder Rucken aus und halten den Hund in sicherem Abstand vom Fahr\u00adrad. Die St\u00e4rke der Fe\u00adderung l\u00e4sst sich durch Herausnehmen einzelner Federn variieren. Walky Dog ist universell einsetzbar und kann an al\u00adlen bekannten Fahr\u00adradtypen &#8211; sogar an Roll\u00adst\u00fch\u00adlen &#8211; befestigt werden. Die Montage ist kinderleicht und dauert auch ohne Vorkenntnisse nur wenige Minuten.<\/p>\n<p>Der Walky Dog sollte nur von erwachsenen Fahrern mit \u00fcber 40 kg K\u00f6rpergewicht genutzt werden und der Fahrer sollte mindestens 20 kg mehr wiegen als der Hund. Au\u00dferdem sollten Sie den Walky Dog nicht einsetzen, wenn Sie zus\u00e4tzlich ein Kind auf dem Rad transportieren.<\/p>\n","protected":false},"excerpt":{"rendered":"<p>So wird das Fahrradfahren mit dem Hund noch sicherer. Denn mit dem Walky Dog Fahrradhalter hat Herrchen beide H\u00e4nde am Len\u00adker. Walky Dog be\u00adsteht aus einem Metall-Abstandhalter, der mit seinem Patentverschluss &#8211; und das ist der Clou &#8211; in wenigen Sekunden vom Fahr\u00ad\u00adrad gel\u00f6st und als Leine be\u00adnutzt werden kann. So haben Sie Ihren Lieb\u00adling [&hellip;]<\/p>\n","protected":false},"featured_media":16498,"comment_status":"closed","ping_status":"open","template":"","meta":[],"product_cat":[13843],"product_tag":[],"class_list":{"0":"post-48044","1":"product","2":"type-product","3":"status-publish","4":"has-post-thumbnail","6":"product_cat-rad-und-joggingzubehoer","8":"first","9":"instock","10":"taxable","11":"shipping-taxable","12":"purchasable","13":"product-type-simple"},"_links":{"self":[{"href":"https:\/\/all-pets.de\/shop\/wp-json\/wp\/v2\/product\/48044","targetHints":{"allow":["GET"]}}],"collection":[{"href":"https:\/\/all-pets.de\/shop\/wp-json\/wp\/v2\/product"}],"about":[{"href":"https:\/\/all-pets.de\/shop\/wp-json\/wp\/v2\/types\/product"}],"replies":[{"embeddable":true,"href":"https:\/\/all-pets.de\/shop\/wp-json\/wp\/v2\/comments?post=48044"}],"wp:featuredmedia":[{"embeddable":true,"href":"https:\/\/all-pets.de\/shop\/wp-json\/wp\/v2\/media\/16498"}],"wp:attachment":[{"href":"https:\/\/all-pets.de\/shop\/wp-json\/wp\/v2\/media?parent=48044"}],"wp:term":[{"taxonomy":"product_cat","embeddable":true,"href":"https:\/\/all-pets.de\/shop\/wp-json\/wp\/v2\/product_cat?post=48044"},{"taxonomy":"product_tag","embeddable":true,"href":"https:\/\/all-pets.de\/shop\/wp-json\/wp\/v2\/product_tag?post=48044"}],"curies":[{"name":"wp","href":"https:\/\/api.w.org\/{rel}","templated":true}]}}