{"id":48045,"date":"2023-12-12T10:56:35","date_gmt":"2023-12-12T09:56:35","guid":{"rendered":"https:\/\/pet-shopping.de\/shop\/produkt\/trixie-schildkroete-pluesch\/"},"modified":"2023-12-12T10:56:38","modified_gmt":"2023-12-12T09:56:38","slug":"trixie-schildkroete-pluesch","status":"publish","type":"product","link":"https:\/\/all-pets.de\/shop\/produkt\/trixie-schildkroete-pluesch\/","title":{"rendered":"Trixie Schildkr\u00f6te, Pl\u00fcsch"},"content":{"rendered":"<p>S\u00fc\u00dfe Schildkr\u00f6te aus Pl\u00fcsch mit Tierstimme.<\/p>\n<p>Gr\u00f6\u00dfe: ca. 40 cm<\/p>\n","protected":false},"excerpt":{"rendered":"<p>S\u00fc\u00dfe Schildkr\u00f6te aus Pl\u00fcsch mit Tierstimme. Gr\u00f6\u00dfe: ca. 40 cm<\/p>\n","protected":false},"featured_media":25415,"comment_status":"closed","ping_status":"open","template":"","meta":[],"product_cat":[14974],"product_tag":[],"class_list":{"0":"post-48045","1":"product","2":"type-product","3":"status-publish","4":"has-post-thumbnail","6":"product_cat-squeeker-hundespielzeug-sport-plueschspielzeughundewelt-hundespielzeug-sport-hundespielzeug-sporthundewelt","8":"first","9":"instock","10":"taxable","11":"shipping-taxable","12":"purchasable","13":"product-type-simple"},"_links":{"self":[{"href":"https:\/\/all-pets.de\/shop\/wp-json\/wp\/v2\/product\/48045","targetHints":{"allow":["GET"]}}],"collection":[{"href":"https:\/\/all-pets.de\/shop\/wp-json\/wp\/v2\/product"}],"about":[{"href":"https:\/\/all-pets.de\/shop\/wp-json\/wp\/v2\/types\/product"}],"replies":[{"embeddable":true,"href":"https:\/\/all-pets.de\/shop\/wp-json\/wp\/v2\/comments?post=48045"}],"wp:featuredmedia":[{"embeddable":true,"href":"https:\/\/all-pets.de\/shop\/wp-json\/wp\/v2\/media\/25415"}],"wp:attachment":[{"href":"https:\/\/all-pets.de\/shop\/wp-json\/wp\/v2\/media?parent=48045"}],"wp:term":[{"taxonomy":"product_cat","embeddable":true,"href":"https:\/\/all-pets.de\/shop\/wp-json\/wp\/v2\/product_cat?post=48045"},{"taxonomy":"product_tag","embeddable":true,"href":"https:\/\/all-pets.de\/shop\/wp-json\/wp\/v2\/product_tag?post=48045"}],"curies":[{"name":"wp","href":"https:\/\/api.w.org\/{rel}","templated":true}]}}