{"id":48047,"date":"2023-12-12T10:56:41","date_gmt":"2023-12-12T09:56:41","guid":{"rendered":"https:\/\/pet-shopping.de\/shop\/produkt\/catit-senses-2-0-grastopf-grass-planter\/"},"modified":"2023-12-12T10:56:42","modified_gmt":"2023-12-12T09:56:42","slug":"catit-senses-2-0-grastopf-grass-planter","status":"publish","type":"product","link":"https:\/\/all-pets.de\/shop\/produkt\/catit-senses-2-0-grastopf-grass-planter\/","title":{"rendered":"CATIT Senses 2.0 Grastopf &#8211; Grass Planter"},"content":{"rendered":"<p><strong>Grastopf mit Abdeckgitter<\/strong><br \/> Das Abdeckgitter verhindert das Umgraben des Beetes (1). Die neue tiefere Schale fasst die f\u00fcr den Anbau von Katzengras optimale Substratmenge und die Ablaufl\u00f6cher (2) verhindern eine \u00dcberbew\u00e4sserung und Wurzelf\u00e4ule. Der flache und stabile Sockel (3) mit spezieller Oberfl\u00e4chenstruktur sorgt f\u00fcr die Kontrolle des Wasserstandes und die Gummimatte (4) erm\u00f6glicht eine sichere Fixierung des Produktes.<\/p>\n<p><strong>Nat\u00fcrliche Ballaststoffquelle<\/strong><br \/> Gras ist eine nat\u00fcrliche Ballaststoffquelle, die die Verdauung Ihrer Katze anregt und die Bildung von Haarballen verhindert. Zimmerpflanzen sind oftmals giftig und daher nicht f\u00fcr den Verzehr geeignet.<\/p>\n<p><strong>Stabiles Design<\/strong><br \/> Im Gegensatz zu anderen Gef\u00e4\u00dfen kippt der Catit Senses Grastopf aufgrund seines flachen und stabilen Designs nicht um.<\/p>\n<p><strong>Keine Unordnung<\/strong><br \/> Im Gegensatz zu Blumenerde ist Vermiculit eine saubere Basis, mit der gearbeitet werden kann.<br \/> Reinigen Sie Ihre H\u00e4nde vor dem Auss\u00e4hen gr\u00fcndlich, um die beste Pflege f\u00fcr Ihre Katze zu gew\u00e4hrleisten.<\/p>\n<p><strong>F\u00fcr den Gebrauch mit dem Catit Grassamenset<\/strong><br \/> Das Catit Grassamenset enth\u00e4lt 3 P\u00e4ckchen Samen und 3 P\u00e4ckchen Vermiculit, die optimale Ergebnisse und einen einfachen Anbau garantieren! &#8211; <strong>Nicht im Lieferumfang enthalten!<\/strong><\/p>\n<p><strong>Einfach zu reinigen<\/strong><br \/> Der Catit Grastopf kann einfach auseinander genommen und gereinigt werden. Waschen Sie am besten jedes Teil mit Neutralseife (ohne Chemikalien oder Scheuermittel) mit der Hand ab und sp\u00fclen Sie die Teile gr\u00fcndlich.<\/p>\n<p><strong>Mit Senses kompatibel<\/strong><br \/> Der Senses Grastopf l\u00e4sst sich separat oder in Kombination mit anderen Catit Senses Produkten verwenden, wie das Beispiel auf dem letzten Bild zeigt.<\/p>\n","protected":false},"excerpt":{"rendered":"<p>Grastopf mit Abdeckgitter Das Abdeckgitter verhindert das Umgraben des Beetes (1). Die neue tiefere Schale fasst die f\u00fcr den Anbau von Katzengras optimale Substratmenge und die Ablaufl\u00f6cher (2) verhindern eine \u00dcberbew\u00e4sserung und Wurzelf\u00e4ule. Der flache und stabile Sockel (3) mit spezieller Oberfl\u00e4chenstruktur sorgt f\u00fcr die Kontrolle des Wasserstandes und die Gummimatte (4) erm\u00f6glicht eine sichere [&hellip;]<\/p>\n","protected":false},"featured_media":31612,"comment_status":"closed","ping_status":"open","template":"","meta":[],"product_cat":[14980],"product_tag":[],"class_list":{"0":"post-48047","1":"product","2":"type-product","3":"status-publish","4":"has-post-thumbnail","6":"product_cat-futterergaenzung-fuer-katzen-nuetzliches-zubehoerkatzenwelt","8":"first","9":"instock","10":"taxable","11":"shipping-taxable","12":"purchasable","13":"product-type-simple"},"_links":{"self":[{"href":"https:\/\/all-pets.de\/shop\/wp-json\/wp\/v2\/product\/48047","targetHints":{"allow":["GET"]}}],"collection":[{"href":"https:\/\/all-pets.de\/shop\/wp-json\/wp\/v2\/product"}],"about":[{"href":"https:\/\/all-pets.de\/shop\/wp-json\/wp\/v2\/types\/product"}],"replies":[{"embeddable":true,"href":"https:\/\/all-pets.de\/shop\/wp-json\/wp\/v2\/comments?post=48047"}],"wp:featuredmedia":[{"embeddable":true,"href":"https:\/\/all-pets.de\/shop\/wp-json\/wp\/v2\/media\/31612"}],"wp:attachment":[{"href":"https:\/\/all-pets.de\/shop\/wp-json\/wp\/v2\/media?parent=48047"}],"wp:term":[{"taxonomy":"product_cat","embeddable":true,"href":"https:\/\/all-pets.de\/shop\/wp-json\/wp\/v2\/product_cat?post=48047"},{"taxonomy":"product_tag","embeddable":true,"href":"https:\/\/all-pets.de\/shop\/wp-json\/wp\/v2\/product_tag?post=48047"}],"curies":[{"name":"wp","href":"https:\/\/api.w.org\/{rel}","templated":true}]}}