{"id":48053,"date":"2023-12-12T10:56:41","date_gmt":"2023-12-12T09:56:41","guid":{"rendered":"https:\/\/pet-shopping.de\/shop\/produkt\/karlie-kratzsaeule-rofra\/"},"modified":"2023-12-12T10:56:42","modified_gmt":"2023-12-12T09:56:42","slug":"karlie-kratzsaeule-rofra","status":"publish","type":"product","link":"https:\/\/all-pets.de\/shop\/produkt\/karlie-kratzsaeule-rofra\/","title":{"rendered":"Karlie Kratzs\u00e4ule Rofra"},"content":{"rendered":"<p>Die Kratzs\u00e4ule ROFRA wurde f\u00fcr begeisterte Kratzer entwickelt. Die S\u00e4ule ist hergestellt aus dem rein nat\u00fcrlichen Material Seegras und hat eine feste, runde Bodenplatte, die mit einem robusten Material bezogen ist. F\u00fcr zus\u00e4tzlichen Spa\u00df ist die S\u00e4ule mit einer Feder an einem Gummiband versehen, die zum Spielen animiert. Dank der nat\u00fcrlichen Optik l\u00e4sst sich diese einfache aber sch\u00f6ne Kratzs\u00e4ule sehr gut in jede Einrichtung integrieren. <\/p>\n<p>Gr\u00f6\u00dfe: ca. 30 x 30 x 49 cm<\/p>\n","protected":false},"excerpt":{"rendered":"<p>Die Kratzs\u00e4ule ROFRA wurde f\u00fcr begeisterte Kratzer entwickelt. Die S\u00e4ule ist hergestellt aus dem rein nat\u00fcrlichen Material Seegras und hat eine feste, runde Bodenplatte, die mit einem robusten Material bezogen ist. F\u00fcr zus\u00e4tzlichen Spa\u00df ist die S\u00e4ule mit einer Feder an einem Gummiband versehen, die zum Spielen animiert. Dank der nat\u00fcrlichen Optik l\u00e4sst sich diese [&hellip;]<\/p>\n","protected":false},"featured_media":35882,"comment_status":"closed","ping_status":"open","template":"","meta":[],"product_cat":[13901],"product_tag":[],"class_list":{"0":"post-48053","1":"product","2":"type-product","3":"status-publish","4":"has-post-thumbnail","6":"product_cat-bis-100-cm","8":"first","9":"instock","10":"taxable","11":"shipping-taxable","12":"purchasable","13":"product-type-simple"},"_links":{"self":[{"href":"https:\/\/all-pets.de\/shop\/wp-json\/wp\/v2\/product\/48053","targetHints":{"allow":["GET"]}}],"collection":[{"href":"https:\/\/all-pets.de\/shop\/wp-json\/wp\/v2\/product"}],"about":[{"href":"https:\/\/all-pets.de\/shop\/wp-json\/wp\/v2\/types\/product"}],"replies":[{"embeddable":true,"href":"https:\/\/all-pets.de\/shop\/wp-json\/wp\/v2\/comments?post=48053"}],"wp:featuredmedia":[{"embeddable":true,"href":"https:\/\/all-pets.de\/shop\/wp-json\/wp\/v2\/media\/35882"}],"wp:attachment":[{"href":"https:\/\/all-pets.de\/shop\/wp-json\/wp\/v2\/media?parent=48053"}],"wp:term":[{"taxonomy":"product_cat","embeddable":true,"href":"https:\/\/all-pets.de\/shop\/wp-json\/wp\/v2\/product_cat?post=48053"},{"taxonomy":"product_tag","embeddable":true,"href":"https:\/\/all-pets.de\/shop\/wp-json\/wp\/v2\/product_tag?post=48053"}],"curies":[{"name":"wp","href":"https:\/\/api.w.org\/{rel}","templated":true}]}}