{"id":48061,"date":"2023-12-12T10:56:41","date_gmt":"2023-12-12T09:56:41","guid":{"rendered":"https:\/\/pet-shopping.de\/shop\/produkt\/trixie-traveller-pico-transportbox-18-x-12-x-13-cm\/"},"modified":"2023-12-12T10:56:43","modified_gmt":"2023-12-12T09:56:43","slug":"trixie-traveller-pico-transportbox-18-x-12-x-13-cm","status":"publish","type":"product","link":"https:\/\/all-pets.de\/shop\/produkt\/trixie-traveller-pico-transportbox-18-x-12-x-13-cm\/","title":{"rendered":"Trixie Traveller Pico Transportbox &#8211; 18 \u00d7 12 \u00d7 13 cm"},"content":{"rendered":"<p>&#8211; Transportbox f\u00fcr Kleintiere aus Kunststoff<br \/> &#8211; von oben zu \u00f6ffnen<br \/> &#8211; Bel\u00fcftungsschlitze sorgen f\u00fcr optimale Luftzirkulation<br \/> &#8211; 2 Griffe f\u00fcr Tragekomfort<br \/> &#8211; rutschfester Boden<br \/> &#8211; z.B. f\u00fcr M\u00e4use, Zwerghamster<br \/> &#8211; Au\u00dfenma\u00dfe: ca. 18 \u00d7 12 \u00d7 13 cm<br \/> &#8211; diverse Farben<\/p>\n<p>Eine Farbwahl ist leider nicht m\u00f6glich, da die Farbe je nach Lagerbestand gew\u00e4hlt wird.<\/p>\n","protected":false},"excerpt":{"rendered":"<p>&#8211; Transportbox f\u00fcr Kleintiere aus Kunststoff &#8211; von oben zu \u00f6ffnen &#8211; Bel\u00fcftungsschlitze sorgen f\u00fcr optimale Luftzirkulation &#8211; 2 Griffe f\u00fcr Tragekomfort &#8211; rutschfester Boden &#8211; z.B. f\u00fcr M\u00e4use, Zwerghamster &#8211; Au\u00dfenma\u00dfe: ca. 18 \u00d7 12 \u00d7 13 cm &#8211; diverse Farben Eine Farbwahl ist leider nicht m\u00f6glich, da die Farbe je nach Lagerbestand gew\u00e4hlt [&hellip;]<\/p>\n","protected":false},"featured_media":2602,"comment_status":"closed","ping_status":"open","template":"","meta":[],"product_cat":[14984],"product_tag":[],"class_list":{"0":"post-48061","1":"product","2":"type-product","3":"status-publish","4":"has-post-thumbnail","6":"product_cat-kleintier-transportboxen-transport-transportkleintierwelt","8":"first","9":"instock","10":"taxable","11":"shipping-taxable","12":"purchasable","13":"product-type-simple"},"_links":{"self":[{"href":"https:\/\/all-pets.de\/shop\/wp-json\/wp\/v2\/product\/48061","targetHints":{"allow":["GET"]}}],"collection":[{"href":"https:\/\/all-pets.de\/shop\/wp-json\/wp\/v2\/product"}],"about":[{"href":"https:\/\/all-pets.de\/shop\/wp-json\/wp\/v2\/types\/product"}],"replies":[{"embeddable":true,"href":"https:\/\/all-pets.de\/shop\/wp-json\/wp\/v2\/comments?post=48061"}],"wp:featuredmedia":[{"embeddable":true,"href":"https:\/\/all-pets.de\/shop\/wp-json\/wp\/v2\/media\/2602"}],"wp:attachment":[{"href":"https:\/\/all-pets.de\/shop\/wp-json\/wp\/v2\/media?parent=48061"}],"wp:term":[{"taxonomy":"product_cat","embeddable":true,"href":"https:\/\/all-pets.de\/shop\/wp-json\/wp\/v2\/product_cat?post=48061"},{"taxonomy":"product_tag","embeddable":true,"href":"https:\/\/all-pets.de\/shop\/wp-json\/wp\/v2\/product_tag?post=48061"}],"curies":[{"name":"wp","href":"https:\/\/api.w.org\/{rel}","templated":true}]}}