{"id":48062,"date":"2023-12-12T10:56:41","date_gmt":"2023-12-12T09:56:41","guid":{"rendered":"https:\/\/pet-shopping.de\/shop\/produkt\/trixie-kuehl-knochen-aus-naturgummi-11-cm\/"},"modified":"2023-12-12T10:56:43","modified_gmt":"2023-12-12T09:56:43","slug":"trixie-kuehl-knochen-aus-naturgummi-11-cm","status":"publish","type":"product","link":"https:\/\/all-pets.de\/shop\/produkt\/trixie-kuehl-knochen-aus-naturgummi-11-cm\/","title":{"rendered":"Trixie K\u00fchl-Knochen aus Naturgummi &#8211; 11 cm"},"content":{"rendered":"<p>Der K\u00fchl-Knochen aus Naturgummi nimmt Wasser auf, welches beim Kauen durch kleine L\u00f6cher wieder entweicht. F\u00fcr den extra Frische-Kick kann man den Knochen mit Wasser bef\u00fcllt einfach einfrieren. Ideal auch f\u00fcr Welpen beim Zahnwechsel.<\/p>\n<p>Gr\u00f6\u00dfe: ca. 11 cm<\/p>\n<p>Diverse Farben. Eine Farbwahl ist leider nicht m\u00f6glich, da die Farbe je nach Lagerbestand gew\u00e4hlt wird.<\/p>\n","protected":false},"excerpt":{"rendered":"<p>Der K\u00fchl-Knochen aus Naturgummi nimmt Wasser auf, welches beim Kauen durch kleine L\u00f6cher wieder entweicht. F\u00fcr den extra Frische-Kick kann man den Knochen mit Wasser bef\u00fcllt einfach einfrieren. Ideal auch f\u00fcr Welpen beim Zahnwechsel. Gr\u00f6\u00dfe: ca. 11 cm Diverse Farben. Eine Farbwahl ist leider nicht m\u00f6glich, da die Farbe je nach Lagerbestand gew\u00e4hlt wird.<\/p>\n","protected":false},"featured_media":32503,"comment_status":"closed","ping_status":"open","template":"","meta":[],"product_cat":[13806],"product_tag":[],"class_list":{"0":"post-48062","1":"product","2":"type-product","3":"status-publish","4":"has-post-thumbnail","6":"product_cat-weitere-spielzeuge-hundespielzeug-sport-aqua-spielzeughundewelt","8":"first","9":"instock","10":"taxable","11":"shipping-taxable","12":"purchasable","13":"product-type-simple"},"_links":{"self":[{"href":"https:\/\/all-pets.de\/shop\/wp-json\/wp\/v2\/product\/48062","targetHints":{"allow":["GET"]}}],"collection":[{"href":"https:\/\/all-pets.de\/shop\/wp-json\/wp\/v2\/product"}],"about":[{"href":"https:\/\/all-pets.de\/shop\/wp-json\/wp\/v2\/types\/product"}],"replies":[{"embeddable":true,"href":"https:\/\/all-pets.de\/shop\/wp-json\/wp\/v2\/comments?post=48062"}],"wp:featuredmedia":[{"embeddable":true,"href":"https:\/\/all-pets.de\/shop\/wp-json\/wp\/v2\/media\/32503"}],"wp:attachment":[{"href":"https:\/\/all-pets.de\/shop\/wp-json\/wp\/v2\/media?parent=48062"}],"wp:term":[{"taxonomy":"product_cat","embeddable":true,"href":"https:\/\/all-pets.de\/shop\/wp-json\/wp\/v2\/product_cat?post=48062"},{"taxonomy":"product_tag","embeddable":true,"href":"https:\/\/all-pets.de\/shop\/wp-json\/wp\/v2\/product_tag?post=48062"}],"curies":[{"name":"wp","href":"https:\/\/api.w.org\/{rel}","templated":true}]}}