{"id":48063,"date":"2023-12-12T10:56:41","date_gmt":"2023-12-12T09:56:41","guid":{"rendered":"https:\/\/pet-shopping.de\/shop\/produkt\/gimcat-kitten-paste-50-g\/"},"modified":"2023-12-12T10:56:43","modified_gmt":"2023-12-12T09:56:43","slug":"gimcat-kitten-paste-50-g","status":"publish","type":"product","link":"https:\/\/all-pets.de\/shop\/produkt\/gimcat-kitten-paste-50-g\/","title":{"rendered":"GimCat Kitten Paste 50 g"},"content":{"rendered":"<div class=\"entry-body\">\n<p>Die GimCat Kitten Paste wurde speziell f\u00fcr die Bed\u00fcrfnisse von jungen Katzen (ab 6 Wochen) entwickelt. Die einzigartige Healthy-Growth-Formula enth\u00e4lt: \u2022 Optimales Calcium\/Phosphor-Verh\u00e4ltnis zur F\u00f6rderung des Wachstums und Knochenaufbaus \u2022 12 Vitamine, Spurenelemente und Mineralstoffe f\u00fcr ein starkes Immunsystem \u2022 Lein\u00f6l und Fisch\u00f6l f\u00fcr einen gesunden Zellschutz \u2022 Taurin zur St\u00e4rkung der Sehkraft und Herzfunktion \u2022 Eigelb zur Deckung des essentiellen Arachidons\u00e4urebedarfs<\/p>\n<\/div>\n<p>Laktosefrei,ohne Konservierungsstoffe,ohne Geschmacksverst\u00e4rker,ohne Zuckerzusatz,ohne Farbstoffe<\/p>\n<p>Zusammensetzung:<\/p>\n<div class=\"accordion-content ui-accordion-content ui-helper-reset ui-widget-content ui-corner-bottom ui-accordion-content-active\" role=\"tabpanel\" style=\"display: block\" id=\"ui-id-4\">\n<div class=\"accordion-content ui-accordion-content ui-helper-reset ui-widget-content ui-corner-bottom ui-accordion-content-active\" role=\"tabpanel\" style=\"display: block\" id=\"ui-id-4\">\n<p>Pflanzliche Nebenerzeugnisse, \u00d6le und Fette (Fisch\u00f6l 4%, Lein\u00f6l 4%), Fleisch und tierische Nebenerzeugnisse, Hefen, Eier und Eiererzeugnisse (Eigelbpulver 3%), Fisch und tierische Nebenerzeugnisse, Algen.<\/p>\n<\/div>\n<\/div>\n<p><span class=\"accordions-head-title\">Analytische Bestandteile:<\/span><\/p>\n<table>\n<tbody>\n<tr>\n<th>Proteine<\/th>\n<td>7,0 %<\/td>\n<\/tr>\n<tr>\n<th>Fettgehalt<\/th>\n<td>35,5 %<\/td>\n<\/tr>\n<tr>\n<th>Rohasche<\/th>\n<td>10,5 %<\/td>\n<\/tr>\n<tr>\n<th>Rohfaser<\/th>\n<td>2,0 %<\/td>\n<\/tr>\n<tr>\n<th>Feuchtigkeit<\/th>\n<td>12,0 %<\/td>\n<\/tr>\n<\/tbody>\n<\/table>\n<p><span class=\"accordions-head-title\">\u00a0<\/span><\/p>\n<p><span class=\"accordions-head-title\">\u00a0<\/span><span class=\"accordions-head-title\"><span class=\"accordions-head-title\">Zusatzstoffe pro 1 kg:<\/span><\/span><\/p>\n<div class=\"accordion-content ui-accordion-content ui-helper-reset ui-widget-content ui-corner-bottom ui-accordion-content-active\" role=\"tabpanel\" style=\"display: block\" id=\"ui-id-8\">\n<div class=\"accordion-content ui-accordion-content ui-helper-reset ui-widget-content ui-corner-bottom ui-accordion-content-active\" role=\"tabpanel\" style=\"display: block\" id=\"ui-id-8\">\n<p>Vitamin D 573 IE Vitamin E 1.580 mg Vitamin K3 1 mg Vitamin B1 (Thiamin) 13 mg Vitamin B2 (Riboflavin) 10 mg Vitamin B6 (Pyridoxin) 7 mg Vitamin B12 (Cobalamin) 47 mcg Vitamin C 50 mg Biotin 900 mcg Niacin 469 mg Fols\u00e4ure 9 mg Calcium-D-Pantothenat 75 mg Cholinchlorid 1.330 mg Taurin 2.000 mg<\/p>\n<\/div>\n<\/div>\n<p class=\"accordion-content ui-accordion-content ui-helper-reset ui-widget-content ui-corner-bottom ui-accordion-content-active\" role=\"tabpanel\" style=\"display: block\"><span class=\"accordions-head-title\">F\u00fctterungsempfehlung:<\/span><\/p>\n<div class=\"accordion-content ui-accordion-content ui-helper-reset ui-widget-content ui-corner-bottom ui-accordion-content-active\" role=\"tabpanel\" style=\"display: block\" id=\"ui-id-2\">\n<div class=\"accordion-content ui-accordion-content ui-helper-reset ui-widget-content ui-corner-bottom ui-accordion-content-active\" role=\"tabpanel\" style=\"display: block\" id=\"ui-id-2\">\n<div class=\"accordion-content ui-accordion-content ui-helper-reset ui-widget-content ui-corner-bottom ui-accordion-content-active\" role=\"tabpanel\" style=\"display: block\" id=\"ui-id-2\">\n<p>Ab der 6. Woche, sobald feste Nahrung aufgenommen wird, t\u00e4glich einen Streifen von 6cm (1cm = ca. 0,5g) direkt aus der Tube f\u00fcttern oder \u00fcber das Futter geben. Bei Zimmertemperatur verf\u00fcttern. Ab dem 7. Monat empfehlen wir die Multi-Vitamin Paste.<\/p>\n<\/div>\n<\/div>\n<\/div>\n<p class=\"accordion-content ui-accordion-content ui-helper-reset ui-widget-content ui-corner-bottom ui-accordion-content-active\" role=\"tabpanel\" style=\"display: block\"><span class=\"accordions-head-title\">\u00a0<\/span> <\/p>\n<p><span class=\"accordions-head-title\"><span class=\"accordions-head-title\">\u00a0<\/span>\u00a0<\/span> <\/p>\n","protected":false},"excerpt":{"rendered":"<p>Die GimCat Kitten Paste wurde speziell f\u00fcr die Bed\u00fcrfnisse von jungen Katzen (ab 6 Wochen) entwickelt. Die einzigartige Healthy-Growth-Formula enth\u00e4lt: \u2022 Optimales Calcium\/Phosphor-Verh\u00e4ltnis zur F\u00f6rderung des Wachstums und Knochenaufbaus \u2022 12 Vitamine, Spurenelemente und Mineralstoffe f\u00fcr ein starkes Immunsystem \u2022 Lein\u00f6l und Fisch\u00f6l f\u00fcr einen gesunden Zellschutz \u2022 Taurin zur St\u00e4rkung der Sehkraft und Herzfunktion [&hellip;]<\/p>\n","protected":false},"featured_media":4352,"comment_status":"closed","ping_status":"open","template":"","meta":[],"product_cat":[13785],"product_tag":[],"class_list":{"0":"post-48063","1":"product","2":"type-product","3":"status-publish","4":"has-post-thumbnail","6":"product_cat-gimcat","8":"first","9":"instock","10":"taxable","11":"shipping-taxable","12":"purchasable","13":"product-type-simple"},"_links":{"self":[{"href":"https:\/\/all-pets.de\/shop\/wp-json\/wp\/v2\/product\/48063","targetHints":{"allow":["GET"]}}],"collection":[{"href":"https:\/\/all-pets.de\/shop\/wp-json\/wp\/v2\/product"}],"about":[{"href":"https:\/\/all-pets.de\/shop\/wp-json\/wp\/v2\/types\/product"}],"replies":[{"embeddable":true,"href":"https:\/\/all-pets.de\/shop\/wp-json\/wp\/v2\/comments?post=48063"}],"wp:featuredmedia":[{"embeddable":true,"href":"https:\/\/all-pets.de\/shop\/wp-json\/wp\/v2\/media\/4352"}],"wp:attachment":[{"href":"https:\/\/all-pets.de\/shop\/wp-json\/wp\/v2\/media?parent=48063"}],"wp:term":[{"taxonomy":"product_cat","embeddable":true,"href":"https:\/\/all-pets.de\/shop\/wp-json\/wp\/v2\/product_cat?post=48063"},{"taxonomy":"product_tag","embeddable":true,"href":"https:\/\/all-pets.de\/shop\/wp-json\/wp\/v2\/product_tag?post=48063"}],"curies":[{"name":"wp","href":"https:\/\/api.w.org\/{rel}","templated":true}]}}