{"id":48064,"date":"2023-12-12T10:56:41","date_gmt":"2023-12-12T09:56:41","guid":{"rendered":"https:\/\/pet-shopping.de\/shop\/produkt\/trixie-zappelfisch-grau-30-cm\/"},"modified":"2023-12-12T10:56:43","modified_gmt":"2023-12-12T09:56:43","slug":"trixie-zappelfisch-grau-30-cm","status":"publish","type":"product","link":"https:\/\/all-pets.de\/shop\/produkt\/trixie-zappelfisch-grau-30-cm\/","title":{"rendered":"Trixie Zappelfisch &#8211; grau, 30 cm"},"content":{"rendered":"<div class=\"mb-3 row\">\n<div class=\"col\">\n<ul>\n<li>\n<ul>\n<ul>\n<li>zappelt unregelm\u00e4\u00dfig bei Ber\u00fchrung, automatischer Stopp nach 15 Sekunden<\/li>\n<li>Pl\u00fcsch (Polyester)\/Kunststoff<\/li>\n<li>mit Katzenminze<\/li>\n<li>aufladbar per USB<\/li>\n<li>Gr\u00f6\u00dfe: ca. 30 cm<\/li>\n<\/ul>\n<\/ul>\n<\/li>\n<\/ul>\n<\/div>\n<\/div>\n","protected":false},"excerpt":{"rendered":"<p>zappelt unregelm\u00e4\u00dfig bei Ber\u00fchrung, automatischer Stopp nach 15 Sekunden Pl\u00fcsch (Polyester)\/Kunststoff mit Katzenminze aufladbar per USB Gr\u00f6\u00dfe: ca. 30 cm<\/p>\n","protected":false},"featured_media":48065,"comment_status":"closed","ping_status":"open","template":"","meta":[],"product_cat":[13772],"product_tag":[],"class_list":{"0":"post-48064","1":"product","2":"type-product","3":"status-publish","4":"has-post-thumbnail","6":"product_cat-weitere-spielzeuge-katzenspielzeug","8":"first","9":"instock","10":"taxable","11":"shipping-taxable","12":"purchasable","13":"product-type-simple"},"_links":{"self":[{"href":"https:\/\/all-pets.de\/shop\/wp-json\/wp\/v2\/product\/48064","targetHints":{"allow":["GET"]}}],"collection":[{"href":"https:\/\/all-pets.de\/shop\/wp-json\/wp\/v2\/product"}],"about":[{"href":"https:\/\/all-pets.de\/shop\/wp-json\/wp\/v2\/types\/product"}],"replies":[{"embeddable":true,"href":"https:\/\/all-pets.de\/shop\/wp-json\/wp\/v2\/comments?post=48064"}],"wp:featuredmedia":[{"embeddable":true,"href":"https:\/\/all-pets.de\/shop\/wp-json\/wp\/v2\/media\/48065"}],"wp:attachment":[{"href":"https:\/\/all-pets.de\/shop\/wp-json\/wp\/v2\/media?parent=48064"}],"wp:term":[{"taxonomy":"product_cat","embeddable":true,"href":"https:\/\/all-pets.de\/shop\/wp-json\/wp\/v2\/product_cat?post=48064"},{"taxonomy":"product_tag","embeddable":true,"href":"https:\/\/all-pets.de\/shop\/wp-json\/wp\/v2\/product_tag?post=48064"}],"curies":[{"name":"wp","href":"https:\/\/api.w.org\/{rel}","templated":true}]}}