{"id":48068,"date":"2023-12-12T10:56:41","date_gmt":"2023-12-12T09:56:41","guid":{"rendered":"https:\/\/pet-shopping.de\/shop\/produkt\/gimcat-milkbits-40-g\/"},"modified":"2023-12-12T10:56:44","modified_gmt":"2023-12-12T09:56:44","slug":"gimcat-milkbits-40-g","status":"publish","type":"product","link":"https:\/\/all-pets.de\/shop\/produkt\/gimcat-milkbits-40-g\/","title":{"rendered":"GimCat MilkBits 40 g"},"content":{"rendered":"<div class=\"entry-body\">\n<p>GimCat MilkBits sind leckere Snacks mit k\u00f6stlichem Milchgeschmack. Sie werden mit den besten Zutaten hergestellt. MilkBits schmecken nicht nur unwiderstehlich gut, sondern regen Ihre Katze zus\u00e4tzlich zum Spielen an. Die perfekte Kombination aus Genuss und Spielspa\u00df.<\/p>\n<\/div>\n<ul>\n<li>Mit Taurin<\/li>\n<li>Getreidefrei<\/li>\n<li>Mit Vitaminen<\/li>\n<\/ul>\n<div>Zusammensetzung:<\/p>\n<div class=\"accordion-content ui-accordion-content ui-helper-reset ui-widget-content ui-corner-bottom ui-accordion-content-active\" role=\"tabpanel\" style=\"display: block\" id=\"ui-id-4\" aria-labelledby=\"ui-id-3\" aria-hidden=\"false\">\n<div class=\"accordion-content ui-accordion-content ui-helper-reset ui-widget-content ui-corner-bottom ui-accordion-content-active\" role=\"tabpanel\" style=\"display: block\" id=\"ui-id-4\" aria-labelledby=\"ui-id-3\" aria-hidden=\"false\">\n<div class=\"accordion-content ui-accordion-content ui-helper-reset ui-widget-content ui-corner-bottom ui-accordion-content-active\" role=\"tabpanel\" style=\"display: block\" id=\"ui-id-4\" aria-labelledby=\"ui-id-3\" aria-hidden=\"false\">\n<p>Milch und Molkereierzeugnisse (Magermilchpulver 41,9%), \u00d6le und Fette, Zucker, Hefen, Mineralstoffe.<\/p>\n<\/div>\n<\/div>\n<\/div>\n<p class=\"accordion-content ui-accordion-content ui-helper-reset ui-widget-content ui-corner-bottom ui-accordion-content-active\" role=\"tabpanel\" style=\"display: block\" aria-labelledby=\"ui-id-3\" aria-hidden=\"false\">Analyse:<\/p>\n<table>\n<tbody>\n<tr>\n<th>Proteine<\/th>\n<td>22,5 %<\/td>\n<\/tr>\n<tr>\n<th>Fettgehalt<\/th>\n<td>20,0 %<\/td>\n<\/tr>\n<tr>\n<th>Rohasche<\/th>\n<td>6,0 %<\/td>\n<\/tr>\n<tr>\n<th>Rohfaser<\/th>\n<td>1,5 %<\/td>\n<\/tr>\n<tr>\n<th>Feuchtigkeit<\/th>\n<td>6,0 %<\/td>\n<\/tr>\n<\/tbody>\n<\/table>\n<p class=\"accordion-content ui-accordion-content ui-helper-reset ui-widget-content ui-corner-bottom ui-accordion-content-active\" role=\"tabpanel\" style=\"display: block\" aria-labelledby=\"ui-id-3\" aria-hidden=\"false\">Zusatzstoffe pro kg:<\/p>\n<div class=\"accordion-content ui-accordion-content ui-helper-reset ui-widget-content ui-corner-bottom ui-accordion-content-active\" role=\"tabpanel\" style=\"display: block\" id=\"ui-id-8\" aria-labelledby=\"ui-id-7\" aria-hidden=\"false\">\n<div class=\"accordion-content ui-accordion-content ui-helper-reset ui-widget-content ui-corner-bottom ui-accordion-content-active\" role=\"tabpanel\" style=\"display: block\" id=\"ui-id-8\" aria-labelledby=\"ui-id-7\" aria-hidden=\"false\">\n<div class=\"accordion-content ui-accordion-content ui-helper-reset ui-widget-content ui-corner-bottom ui-accordion-content-active\" role=\"tabpanel\" style=\"display: block\" id=\"ui-id-8\" aria-labelledby=\"ui-id-7\" aria-hidden=\"false\">\n<p>Ern\u00e4hrungsphysiologische Zusatzstoffe: Vitamin D3 1.147 IE Vitamin C 100 mg Taurin 2.000 mg<\/p>\n<\/div>\n<\/div>\n<\/div>\n<p class=\"accordion-content ui-accordion-content ui-helper-reset ui-widget-content ui-corner-bottom ui-accordion-content-active\" role=\"tabpanel\" style=\"display: block\" aria-labelledby=\"ui-id-7\" aria-hidden=\"false\">F\u00fctterungsempfehlung:<\/p>\n<div class=\"accordion-content ui-accordion-content ui-helper-reset ui-widget-content ui-corner-bottom ui-accordion-content-active\" role=\"tabpanel\" style=\"display: block\" id=\"ui-id-2\" aria-labelledby=\"ui-id-1\" aria-hidden=\"false\">\n<div class=\"accordion-content ui-accordion-content ui-helper-reset ui-widget-content ui-corner-bottom ui-accordion-content-active\" role=\"tabpanel\" style=\"display: block\" id=\"ui-id-2\" aria-labelledby=\"ui-id-1\" aria-hidden=\"false\">\n<div class=\"accordion-content ui-accordion-content ui-helper-reset ui-widget-content ui-corner-bottom ui-accordion-content-active\" role=\"tabpanel\" style=\"display: block\" id=\"ui-id-2\" aria-labelledby=\"ui-id-1\" aria-hidden=\"false\">\n<p>4-10 St\u00fcck t\u00e4glich.<\/p>\n<\/div>\n<\/div>\n<\/div>\n<p class=\"accordion-content ui-accordion-content ui-helper-reset ui-widget-content ui-corner-bottom ui-accordion-content-active\" role=\"tabpanel\" style=\"display: block\" aria-labelledby=\"ui-id-7\" aria-hidden=\"false\">\u00a0<\/p>\n<p class=\"accordion-content ui-accordion-content ui-helper-reset ui-widget-content ui-corner-bottom ui-accordion-content-active\" role=\"tabpanel\" style=\"display: block\" aria-labelledby=\"ui-id-3\" aria-hidden=\"false\">\u00a0<\/p>\n<\/div>\n","protected":false},"excerpt":{"rendered":"<p>GimCat MilkBits sind leckere Snacks mit k\u00f6stlichem Milchgeschmack. Sie werden mit den besten Zutaten hergestellt. MilkBits schmecken nicht nur unwiderstehlich gut, sondern regen Ihre Katze zus\u00e4tzlich zum Spielen an. Die perfekte Kombination aus Genuss und Spielspa\u00df. Mit Taurin Getreidefrei Mit Vitaminen Zusammensetzung: Milch und Molkereierzeugnisse (Magermilchpulver 41,9%), \u00d6le und Fette, Zucker, Hefen, Mineralstoffe. Analyse: Proteine [&hellip;]<\/p>\n","protected":false},"featured_media":6020,"comment_status":"closed","ping_status":"open","template":"","meta":[],"product_cat":[13785],"product_tag":[],"class_list":{"0":"post-48068","1":"product","2":"type-product","3":"status-publish","4":"has-post-thumbnail","6":"product_cat-gimcat","8":"first","9":"instock","10":"taxable","11":"shipping-taxable","12":"purchasable","13":"product-type-simple"},"_links":{"self":[{"href":"https:\/\/all-pets.de\/shop\/wp-json\/wp\/v2\/product\/48068","targetHints":{"allow":["GET"]}}],"collection":[{"href":"https:\/\/all-pets.de\/shop\/wp-json\/wp\/v2\/product"}],"about":[{"href":"https:\/\/all-pets.de\/shop\/wp-json\/wp\/v2\/types\/product"}],"replies":[{"embeddable":true,"href":"https:\/\/all-pets.de\/shop\/wp-json\/wp\/v2\/comments?post=48068"}],"wp:featuredmedia":[{"embeddable":true,"href":"https:\/\/all-pets.de\/shop\/wp-json\/wp\/v2\/media\/6020"}],"wp:attachment":[{"href":"https:\/\/all-pets.de\/shop\/wp-json\/wp\/v2\/media?parent=48068"}],"wp:term":[{"taxonomy":"product_cat","embeddable":true,"href":"https:\/\/all-pets.de\/shop\/wp-json\/wp\/v2\/product_cat?post=48068"},{"taxonomy":"product_tag","embeddable":true,"href":"https:\/\/all-pets.de\/shop\/wp-json\/wp\/v2\/product_tag?post=48068"}],"curies":[{"name":"wp","href":"https:\/\/api.w.org\/{rel}","templated":true}]}}