{"id":48071,"date":"2023-12-12T10:56:46","date_gmt":"2023-12-12T09:56:46","guid":{"rendered":"https:\/\/pet-shopping.de\/shop\/produkt\/trixie-tennisknochen\/"},"modified":"2023-12-12T10:56:46","modified_gmt":"2023-12-12T09:56:46","slug":"trixie-tennisknochen","status":"publish","type":"product","link":"https:\/\/all-pets.de\/shop\/produkt\/trixie-tennisknochen\/","title":{"rendered":"Trixie Tennisknochen"},"content":{"rendered":"<p>Bei dem Tennisknochen handelt es sich selbstverst\u00e4ndlich um eine hundgerechte Ausf\u00fchrung ohne Glasfasern. Seine Gummi-F\u00fcllung macht den Knochen besonders robust. Er ist schwimmf\u00e4hig und ger\u00e4uschlos.<\/p>\n<p>Gr\u00f6\u00dfe: ca. 17 cm<\/p>\n","protected":false},"excerpt":{"rendered":"<p>Bei dem Tennisknochen handelt es sich selbstverst\u00e4ndlich um eine hundgerechte Ausf\u00fchrung ohne Glasfasern. Seine Gummi-F\u00fcllung macht den Knochen besonders robust. Er ist schwimmf\u00e4hig und ger\u00e4uschlos. Gr\u00f6\u00dfe: ca. 17 cm<\/p>\n","protected":false},"featured_media":34370,"comment_status":"closed","ping_status":"open","template":"","meta":[],"product_cat":[14191],"product_tag":[],"class_list":{"0":"post-48071","1":"product","2":"type-product","3":"status-publish","4":"has-post-thumbnail","6":"product_cat-weitere-spielzeuge-hundespielzeug-sport","8":"first","9":"instock","10":"taxable","11":"shipping-taxable","12":"purchasable","13":"product-type-simple"},"_links":{"self":[{"href":"https:\/\/all-pets.de\/shop\/wp-json\/wp\/v2\/product\/48071","targetHints":{"allow":["GET"]}}],"collection":[{"href":"https:\/\/all-pets.de\/shop\/wp-json\/wp\/v2\/product"}],"about":[{"href":"https:\/\/all-pets.de\/shop\/wp-json\/wp\/v2\/types\/product"}],"replies":[{"embeddable":true,"href":"https:\/\/all-pets.de\/shop\/wp-json\/wp\/v2\/comments?post=48071"}],"wp:featuredmedia":[{"embeddable":true,"href":"https:\/\/all-pets.de\/shop\/wp-json\/wp\/v2\/media\/34370"}],"wp:attachment":[{"href":"https:\/\/all-pets.de\/shop\/wp-json\/wp\/v2\/media?parent=48071"}],"wp:term":[{"taxonomy":"product_cat","embeddable":true,"href":"https:\/\/all-pets.de\/shop\/wp-json\/wp\/v2\/product_cat?post=48071"},{"taxonomy":"product_tag","embeddable":true,"href":"https:\/\/all-pets.de\/shop\/wp-json\/wp\/v2\/product_tag?post=48071"}],"curies":[{"name":"wp","href":"https:\/\/api.w.org\/{rel}","templated":true}]}}