{"id":48074,"date":"2023-12-12T10:56:46","date_gmt":"2023-12-12T09:56:46","guid":{"rendered":"https:\/\/pet-shopping.de\/shop\/produkt\/jr-farm-fenchel-staebchen-15g\/"},"modified":"2023-12-12T10:56:46","modified_gmt":"2023-12-12T09:56:46","slug":"jr-farm-fenchel-staebchen-15g","status":"publish","type":"product","link":"https:\/\/all-pets.de\/shop\/produkt\/jr-farm-fenchel-staebchen-15g\/","title":{"rendered":"JR Farm Fenchel-St\u00e4bchen 15g"},"content":{"rendered":"<div class=\"product--detail-upper block-group\">\n<li class=\"base-info--entry entry-attribute\"> <span class=\"entry--content\">\n<p>Aromatischer gesunder Knabberspa\u00df in der urspr\u00fcnglichsten Form. Fenchel unterst\u00fctztdie Verdauung und regt die Darmt\u00e4tigkeit an. Auch f\u00fcr alle Zierv\u00f6geleine abwechslungsreiche Knabberei.<\/p>\n<p><\/span><\/li>\n<li class=\"base-info--entry entry-attribute\">\n<p>Einzelfuttermittel f\u00fcr alle Nager, Zwergkaninchen und Zierv\u00f6gel<\/p>\n<div class=\"content--product-code\">\n<div class=\"detail--product-code\">\n<div class=\"content--title\"> F\u00fctterungsempfehlung <\/div>\n<p>Je nach Gr\u00f6\u00dfe des Tieres t\u00e4glich bis zu 2 St\u00e4bchen reichen<\/p>\n<\/p><\/div>\n<\/p><\/div>\n<p><span class=\"entry--content\"><\/span><\/li>\n<li class=\"base-info--entry entry-attribute\"> <span class=\"entry--content\">\n<p>15g<\/p>\n<p> <\/span> <\/li>\n<\/div>\n","protected":false},"excerpt":{"rendered":"<p>Aromatischer gesunder Knabberspa\u00df in der urspr\u00fcnglichsten Form. Fenchel unterst\u00fctztdie Verdauung und regt die Darmt\u00e4tigkeit an. Auch f\u00fcr alle Zierv\u00f6geleine abwechslungsreiche Knabberei. Einzelfuttermittel f\u00fcr alle Nager, Zwergkaninchen und Zierv\u00f6gel F\u00fctterungsempfehlung Je nach Gr\u00f6\u00dfe des Tieres t\u00e4glich bis zu 2 St\u00e4bchen reichen 15g<\/p>\n","protected":false},"featured_media":5217,"comment_status":"closed","ping_status":"open","template":"","meta":[],"product_cat":[14989],"product_tag":[],"class_list":{"0":"post-48074","1":"product","2":"type-product","3":"status-publish","4":"has-post-thumbnail","6":"product_cat-ratte-kleintierfutter-snacks-jr-farmkleintierwelt-kleintierfutter-snacks-gerbilkleintierwelt-2","8":"first","9":"instock","10":"taxable","11":"shipping-taxable","12":"purchasable","13":"product-type-simple"},"_links":{"self":[{"href":"https:\/\/all-pets.de\/shop\/wp-json\/wp\/v2\/product\/48074","targetHints":{"allow":["GET"]}}],"collection":[{"href":"https:\/\/all-pets.de\/shop\/wp-json\/wp\/v2\/product"}],"about":[{"href":"https:\/\/all-pets.de\/shop\/wp-json\/wp\/v2\/types\/product"}],"replies":[{"embeddable":true,"href":"https:\/\/all-pets.de\/shop\/wp-json\/wp\/v2\/comments?post=48074"}],"wp:featuredmedia":[{"embeddable":true,"href":"https:\/\/all-pets.de\/shop\/wp-json\/wp\/v2\/media\/5217"}],"wp:attachment":[{"href":"https:\/\/all-pets.de\/shop\/wp-json\/wp\/v2\/media?parent=48074"}],"wp:term":[{"taxonomy":"product_cat","embeddable":true,"href":"https:\/\/all-pets.de\/shop\/wp-json\/wp\/v2\/product_cat?post=48074"},{"taxonomy":"product_tag","embeddable":true,"href":"https:\/\/all-pets.de\/shop\/wp-json\/wp\/v2\/product_tag?post=48074"}],"curies":[{"name":"wp","href":"https:\/\/api.w.org\/{rel}","templated":true}]}}