{"id":48086,"date":"2023-12-12T10:56:46","date_gmt":"2023-12-12T09:56:46","guid":{"rendered":"https:\/\/pet-shopping.de\/shop\/produkt\/karlie-flamingo-hundespielzeug-pluesch-fritten\/"},"modified":"2023-12-12T10:56:48","modified_gmt":"2023-12-12T09:56:48","slug":"karlie-flamingo-hundespielzeug-pluesch-fritten","status":"publish","type":"product","link":"https:\/\/all-pets.de\/shop\/produkt\/karlie-flamingo-hundespielzeug-pluesch-fritten\/","title":{"rendered":"Karlie Flamingo Hundespielzeug Pl\u00fcsch Fritten"},"content":{"rendered":"<p>Die lustigen Pl\u00fcsch Fritten sind mit einem Squeeker ausgestattet und bringen jede Menge Spielspa\u00df!<\/p>\n<p>Ma\u00dfe: ca. 18 x 13 x 5 cm<\/p>\n","protected":false},"excerpt":{"rendered":"<p>Die lustigen Pl\u00fcsch Fritten sind mit einem Squeeker ausgestattet und bringen jede Menge Spielspa\u00df! Ma\u00dfe: ca. 18 x 13 x 5 cm<\/p>\n","protected":false},"featured_media":16329,"comment_status":"closed","ping_status":"open","template":"","meta":[],"product_cat":[13828],"product_tag":[],"class_list":{"0":"post-48086","1":"product","2":"type-product","3":"status-publish","4":"has-post-thumbnail","6":"product_cat-plueschspielzeug-hundespielzeug-sport","8":"first","9":"instock","10":"taxable","11":"shipping-taxable","12":"purchasable","13":"product-type-simple"},"_links":{"self":[{"href":"https:\/\/all-pets.de\/shop\/wp-json\/wp\/v2\/product\/48086","targetHints":{"allow":["GET"]}}],"collection":[{"href":"https:\/\/all-pets.de\/shop\/wp-json\/wp\/v2\/product"}],"about":[{"href":"https:\/\/all-pets.de\/shop\/wp-json\/wp\/v2\/types\/product"}],"replies":[{"embeddable":true,"href":"https:\/\/all-pets.de\/shop\/wp-json\/wp\/v2\/comments?post=48086"}],"wp:featuredmedia":[{"embeddable":true,"href":"https:\/\/all-pets.de\/shop\/wp-json\/wp\/v2\/media\/16329"}],"wp:attachment":[{"href":"https:\/\/all-pets.de\/shop\/wp-json\/wp\/v2\/media?parent=48086"}],"wp:term":[{"taxonomy":"product_cat","embeddable":true,"href":"https:\/\/all-pets.de\/shop\/wp-json\/wp\/v2\/product_cat?post=48086"},{"taxonomy":"product_tag","embeddable":true,"href":"https:\/\/all-pets.de\/shop\/wp-json\/wp\/v2\/product_tag?post=48086"}],"curies":[{"name":"wp","href":"https:\/\/api.w.org\/{rel}","templated":true}]}}