{"id":48091,"date":"2023-12-12T10:56:49","date_gmt":"2023-12-12T09:56:49","guid":{"rendered":"https:\/\/pet-shopping.de\/shop\/produkt\/trixie-haut-haar-220-g\/"},"modified":"2023-12-12T10:56:49","modified_gmt":"2023-12-12T09:56:49","slug":"trixie-haut-haar-220-g","status":"publish","type":"product","link":"https:\/\/all-pets.de\/shop\/produkt\/trixie-haut-haar-220-g\/","title":{"rendered":"Trixie Haut &#038; Haar 220 g"},"content":{"rendered":"<ul>\n<li> mit Zink, Biotin, Bierhefe und Kiesels\u00e4ure<\/li>\n<li>regeneriert und beruhigt die Haut<\/li>\n<li>unterst\u00fctzt den Aufbau eines sch\u00f6nen Fells sowie gesunder Haut und Krallen <\/li>\n<li> Tabletten <\/li>\n<\/ul>\n<p>Inhalt\/Gewicht: 220 g<\/p>\n","protected":false},"excerpt":{"rendered":"<p>mit Zink, Biotin, Bierhefe und Kiesels\u00e4ure regeneriert und beruhigt die Haut unterst\u00fctzt den Aufbau eines sch\u00f6nen Fells sowie gesunder Haut und Krallen Tabletten Inhalt\/Gewicht: 220 g<\/p>\n","protected":false},"featured_media":36420,"comment_status":"closed","ping_status":"open","template":"","meta":[],"product_cat":[14412],"product_tag":[],"class_list":{"0":"post-48091","1":"product","2":"type-product","3":"status-publish","4":"has-post-thumbnail","6":"product_cat-futterergaenzung-hundewelt","8":"first","9":"instock","10":"taxable","11":"shipping-taxable","12":"purchasable","13":"product-type-simple"},"_links":{"self":[{"href":"https:\/\/all-pets.de\/shop\/wp-json\/wp\/v2\/product\/48091","targetHints":{"allow":["GET"]}}],"collection":[{"href":"https:\/\/all-pets.de\/shop\/wp-json\/wp\/v2\/product"}],"about":[{"href":"https:\/\/all-pets.de\/shop\/wp-json\/wp\/v2\/types\/product"}],"replies":[{"embeddable":true,"href":"https:\/\/all-pets.de\/shop\/wp-json\/wp\/v2\/comments?post=48091"}],"wp:featuredmedia":[{"embeddable":true,"href":"https:\/\/all-pets.de\/shop\/wp-json\/wp\/v2\/media\/36420"}],"wp:attachment":[{"href":"https:\/\/all-pets.de\/shop\/wp-json\/wp\/v2\/media?parent=48091"}],"wp:term":[{"taxonomy":"product_cat","embeddable":true,"href":"https:\/\/all-pets.de\/shop\/wp-json\/wp\/v2\/product_cat?post=48091"},{"taxonomy":"product_tag","embeddable":true,"href":"https:\/\/all-pets.de\/shop\/wp-json\/wp\/v2\/product_tag?post=48091"}],"curies":[{"name":"wp","href":"https:\/\/api.w.org\/{rel}","templated":true}]}}