{"id":48096,"date":"2023-12-12T10:56:49","date_gmt":"2023-12-12T09:56:49","guid":{"rendered":"https:\/\/pet-shopping.de\/shop\/produkt\/trixie-holzturm-mit-bergwiesenheu\/"},"modified":"2023-12-12T10:56:50","modified_gmt":"2023-12-12T09:56:50","slug":"trixie-holzturm-mit-bergwiesenheu","status":"publish","type":"product","link":"https:\/\/all-pets.de\/shop\/produkt\/trixie-holzturm-mit-bergwiesenheu\/","title":{"rendered":"Trixie Holzturm mit Bergwiesenheu"},"content":{"rendered":"<ul>\n<li> Naturholz <\/li>\n<li> mit Knusperstange <\/li>\n<li>f\u00fcr Kleinnager, Kaninchen<\/li>\n<\/ul>\n<p>Ma\u00dfe: 13 \u00d7 17 \u00d7 13 cm<\/p>\n","protected":false},"excerpt":{"rendered":"<p>Naturholz mit Knusperstange f\u00fcr Kleinnager, Kaninchen Ma\u00dfe: 13 \u00d7 17 \u00d7 13 cm<\/p>\n","protected":false},"featured_media":34985,"comment_status":"closed","ping_status":"open","template":"","meta":[],"product_cat":[13722],"product_tag":[],"class_list":{"0":"post-48096","1":"product","2":"type-product","3":"status-publish","4":"has-post-thumbnail","6":"product_cat-heuraufen","8":"first","9":"instock","10":"taxable","11":"shipping-taxable","12":"purchasable","13":"product-type-simple"},"_links":{"self":[{"href":"https:\/\/all-pets.de\/shop\/wp-json\/wp\/v2\/product\/48096","targetHints":{"allow":["GET"]}}],"collection":[{"href":"https:\/\/all-pets.de\/shop\/wp-json\/wp\/v2\/product"}],"about":[{"href":"https:\/\/all-pets.de\/shop\/wp-json\/wp\/v2\/types\/product"}],"replies":[{"embeddable":true,"href":"https:\/\/all-pets.de\/shop\/wp-json\/wp\/v2\/comments?post=48096"}],"wp:featuredmedia":[{"embeddable":true,"href":"https:\/\/all-pets.de\/shop\/wp-json\/wp\/v2\/media\/34985"}],"wp:attachment":[{"href":"https:\/\/all-pets.de\/shop\/wp-json\/wp\/v2\/media?parent=48096"}],"wp:term":[{"taxonomy":"product_cat","embeddable":true,"href":"https:\/\/all-pets.de\/shop\/wp-json\/wp\/v2\/product_cat?post=48096"},{"taxonomy":"product_tag","embeddable":true,"href":"https:\/\/all-pets.de\/shop\/wp-json\/wp\/v2\/product_tag?post=48096"}],"curies":[{"name":"wp","href":"https:\/\/api.w.org\/{rel}","templated":true}]}}